{"id":1869,"date":"2023-11-27T16:17:46","date_gmt":"2023-11-27T15:17:46","guid":{"rendered":"https:\/\/webbusiness.eolas.fr\/bouchons-trescases\/dati-personali\/"},"modified":"2024-03-18T16:15:56","modified_gmt":"2024-03-18T15:15:56","slug":"dati-personali","status":"publish","type":"page","link":"https:\/\/www.bouchons-trescases.fr\/it\/dati-personali\/","title":{"rendered":"Dati personali"},"content":{"rendered":"\n<h2 class=\"wp-block-heading\">Trattamento dei dati personali<\/h2>\n\n<p><strong>Identit\u00e0 del titolare del trattamento<\/strong><br\/>L&#8217;azienda responsabile della lavorazione \u00e8 Bouchons Trescases.<br\/>Indirizzo: BP 8 &#8211; 66162 Le Boulou Cedex<\/p>\n\n<p><strong>Persone interessate dalla politica di protezione dei dati<\/strong><br\/>La presente politica di riservatezza \u00e8 destinata ai visitatori, agli utenti e ai partner di Bouchons Trescases che desiderano ulteriori informazioni sul trattamento dei dati personali e, pi\u00f9 in generale, a chiunque sia interessato a tali informazioni.<\/p>\n\n<p><strong>Definizioni<\/strong><\/p>\n\n<p><strong>Titolare del trattamento<\/strong>: la persona fisica o giuridica, l&#8217;autorit\u00e0 pubblica, l&#8217;agenzia o altro organismo che determina, da solo o in collaborazione con altri, le finalit\u00e0 e i mezzi del trattamento dei dati personali.<\/p>\n\n<p><strong>Dati personali<\/strong>: qualsiasi informazione che consenta di identificare direttamente o indirettamente una persona.<\/p>\n\n<ul class=\"wp-block-list\">\n<li>Dati identificativi (cognome, nome, indirizzo, data e luogo di nascita, ecc.)<\/li>\n\n\n\n<li>Dati personali (caratteristiche personali, abitudini di vita, situazione familiare, ecc.)<\/li>\n\n\n\n<li>Dati professionali (CV, situazione professionale, formazione)<\/li>\n\n\n\n<li>Informazioni finanziarie (reddito, situazione finanziaria, carta di credito, coordinate bancarie, ecc.)<\/li>\n\n\n\n<li>Dati di connessione (indirizzo IP, identificatori di connessione, ecc.)<\/li>\n\n\n\n<li>Dati sulla posizione (geolocalizzazione)<\/li>\n\n\n\n<li>Cookie, tracciatori e dati di navigazione (tracciatori di audience, pubblicit\u00e0 e social network)<\/li>\n\n\n\n<li>Dati sensibili (opinioni religiose, politiche o filosofiche, appartenenza a sindacati, orientamento sessuale, dati sulla salute, ecc.)<\/li>\n\n\n\n<li><\/li>\n<\/ul>\n\n<p><strong>Trattamento<\/strong>: qualsiasi operazione o insieme di operazioni relative a dati personali, con o senza mezzi automatizzati. In generale, la raccolta, la registrazione, l&#8217;organizzazione, la strutturazione, la conservazione, l&#8217;adattamento, la modifica, la consultazione, l&#8217;utilizzo, la comunicazione, la diffusione, la cancellazione o la distruzione dei vostri dati personali costituiscono un trattamento dei dati personali;<\/p>\n\n<p><strong>File<\/strong>: qualsiasi insieme strutturato e stabile di dati personali accessibili secondo criteri specifici;<\/p>\n\n<p><strong>Destinatario<\/strong>: la persona fisica o giuridica, l&#8217;autorit\u00e0 pubblica, il dipartimento o qualsiasi altro organismo che riceve i dati personali, sia esso un terzo o meno;<\/p>\n\n<p><strong>Terzi autorizzati<\/strong>: autorit\u00e0 che sono anche autorizzate, nel contesto di un compito specifico o dell&#8217;esercizio di un diritto di comunicazione, a chiedere al Titolare del trattamento di comunicare loro dati personali;<\/p>\n\n<p><strong>Soggetto interessato<\/strong>: qualsiasi persona i cui dati sono trattati;<\/p>\n\n<p><strong>Responsabile del trattamento<\/strong>: la persona fisica o giuridica, l&#8217;autorit\u00e0 pubblica, il dipartimento o altro organismo che tratta i dati personali per conto del Titolare;<\/p>\n\n<p><strong>Consenso<\/strong>: qualsiasi manifestazione di volont\u00e0 libera, specifica, informata e inequivocabile con la quale l&#8217;interessato accetta, mediante una dichiarazione o un chiaro atto positivo, che i dati personali che lo riguardano possano essere trattati.<\/p>\n\n<p><strong>I vostri dati personali<\/strong><br\/>I vostri dati personali saranno trattati, ai sensi dell&#8217;art. 6 RGPD (liceit\u00e0 del trattamento), nei seguenti casi:<\/p>\n\n<ul class=\"wp-block-list\">\n<li>L&#8217;esecuzione di un contratto che abbiamo stipulato con voi, e\/o<\/li>\n\n\n\n<li>Adempimento di un obbligo legale, e\/o<\/li>\n\n\n\n<li>Il vostro consenso all&#8217;utilizzo dei vostri dati personali<\/li>\n\n\n\n<li>il trattamento \u00e8 necessario per l&#8217;esecuzione di un compito svolto nell&#8217;interesse pubblico o nell&#8217;esercizio di pubblici poteri di cui \u00e8 investito il responsabile del trattamento<\/li>\n\n\n\n<li>Il trattamento \u00e8 necessario ai fini dei legittimi interessi perseguiti dal responsabile del trattamento o da terzi, a meno che non prevalgano gli interessi o i diritti e le libert\u00e0 fondamentali dell&#8217;interessato che richiedono la protezione dei dati personali, in particolare se l&#8217;interessato \u00e8 un minore. Tuttavia, ci\u00f2 non si applica al trattamento effettuato dalle autorit\u00e0 pubbliche nell&#8217;esercizio delle loro funzioni.<\/li>\n\n\n\n<li><\/li>\n\n\n\n<li>I vostri dati personali possono essere trattati attraverso il nostro sito web nei seguenti casi:<\/li>\n<\/ul>\n\n<p>Quando ci contattate utilizzando il modulo di contatto;<\/p>\n\n<p><br\/><strong>Informazioni sul trattamento<\/strong><br\/>Per ogni trattamento di dati personali effettuato da Bouchons Trescases, vengono fornite agli interessati informazioni generali sul trattamento stesso. Nell&#8217;interesse della trasparenza, Bouchons Trescases fornisce sistematicamente le seguenti informazioni:<\/p>\n\n<ul class=\"wp-block-list\">\n<li>Scopo del trattamento<\/li>\n\n\n\n<li>Finalit\u00e0 del trattamento<\/li>\n\n\n\n<li>Base giuridica del trattamento<\/li>\n\n\n\n<li>Categorie di dati personali trattati (fonti dei dati, natura obbligatoria della raccolta dei dati, processo decisionale automatizzato)<\/li>\n\n\n\n<li>Persone interessate<\/li>\n\n\n\n<li>Destinatario dei dati<\/li>\n\n\n\n<li>Trasferimenti di dati al di fuori dell&#8217;Unione Europea<\/li>\n\n\n\n<li>Periodo di conservazione dei dati personali<\/li>\n\n\n\n<li><\/li>\n<\/ul>\n\n<h2 class=\"wp-block-heading\">Perch\u00e9 Bouchons Trescases raccoglie i vostri dati?<\/h2>\n\n<p><br\/>Bouchons Trescases raccoglie e utilizza i vostri dati principalmente per elaborare le vostre richieste di informazioni.<\/p>\n\n<p><strong>Quando vengono raccolti i dati?<\/strong><br\/>Quando navigate sul nostro sito web, potete inserire informazioni personali (in particolare quando desiderate contattarci tramite il modulo di contatto o qualsiasi altro modulo).<br\/>Alcuni dei dati elencati di seguito vengono raccolti automaticamente in seguito alle interazioni dell&#8217;utente sul sito, mentre altri dati vengono raccolti tramite moduli compilati dall&#8217;utente. La natura obbligatoria di ogni dato \u00e8 sistematicamente indicata da un asterisco. I vostri dati sono trattati da Bouchons Trescases e non vengono in nessun caso divulgati o venduti ad altre societ\u00e0 per scopi commerciali o di marketing. I vostri dati non saranno trasferiti in un paese al di fuori dell&#8217;Unione Europea o a un&#8217;organizzazione internazionale.<\/p>\n\n<p><em>Quando si naviga sul nostro sito web<\/em>:<\/p>\n\n<ul class=\"wp-block-list\">\n<li>Raccogliamo il vostro indirizzo IP<\/li>\n\n\n\n<li>Raccogliamo i cookie<\/li>\n\n\n\n<li>Raccogliamo i dati di connessione e di navigazione<\/li>\n<\/ul>\n\n<p><br\/><strong>Utilit\u00e0 e finalit\u00e0 del trattamento<\/strong><br\/>I dati raccolti tramite il modulo di contatto ci permettono di ricontattarvi in seguito a una vostra richiesta, di assicurare il seguito delle vostre richieste e di garantire l&#8217;efficacia di un&#8217;abilit\u00e0 messa in atto da Bouchons Trescases.<br\/>Le vostre richieste e sollecitazioni ci permettono inoltre di migliorare la presentazione e le funzionalit\u00e0 del nostro sito per offrirvi il miglior servizio possibile.<br\/>Le banche dati personali non vengono mai utilizzate senza informare l&#8217;utente dello scopo di tale utilizzo. Il consenso esplicito vi verr\u00e0 richiesto direttamente sul nostro sito web.<br\/>Quando ci inviate informazioni personali relative a una candidatura, questo ci permette di ricontattarvi se il vostro profilo \u00e8 adatto alle varie offerte di lavoro.<\/p>\n\n<p><strong>Conservazione dei dati<\/strong><br\/>Come regola generale, Bouchons Trescases applica periodi di conservazione per tutti i tipi di archivio in base alla vita utile amministrativa richiesta.<br\/>Oltre al periodo di utilit\u00e0 amministrativa richiesto, Bouchons Trescases stabilisce i periodi di conservazione in conformit\u00e0 e nel rispetto dell&#8217;articolo 5.1 e) del RGPD.<br\/>Per precisione, il periodo di utilit\u00e0 amministrativa (D.U.A) si riferisce al tempo in cui i documenti sono necessari all&#8217;attivit\u00e0 del servizio e\/o all&#8217;elettore per far valere i propri diritti. Si tratta di un periodo obbligatorio di conservazione dei documenti, generalmente espresso in anni. Sulla base di criteri legali (in particolare i termini di prescrizione) o amministrativi.<\/p>\n\n<p>Inoltre, Bouchons Trescases applica i seguenti periodi di conservazione al trattamento dei dati personali relativi alla navigazione sul sito web.<\/p>\n\n<p>Trattamenti Durata di conservazione applicata<br\/>Modulo di contatto 1 anno prima della cancellazione<\/p>\n\n<p><strong>Destinatari e trasferimenti di dati<\/strong><\/p>\n\n<p>La gestione del sito web \u00e8 affidata a un fornitore di servizi specializzato (Eolas). Riceve il vostro indirizzo e-mail solo quando vi iscrivete alla newsletter. Bouchons Trescases garantisce che i dati rimangono riservati e non vengono utilizzati per altri scopi.<\/p>\n\n<h2 class=\"wp-block-heading\">Esercizio dei diritti individuali<\/h2>\n\n<p><br\/>La legge francese sulla protezione dei dati del 20 giugno 2018 sul trattamento dei dati, sugli archivi e sulle libert\u00e0 individuali e il RGPD (articoli da 12 a 21 del RGPD) vi garantiscono diritti relativi alla vostra vita privata. Questi includono il diritto all&#8217;informazione, il diritto di accesso, il diritto di opposizione, il diritto di limitare il trattamento, il diritto di rettifica e il diritto alla cancellazione.<\/p>\n\n<p><strong>Il diritto all&#8217;informazione<\/strong><br\/>L&#8217;informativa sulla privacy contiene tutte le informazioni relative alle finalit\u00e0 del trattamento che pu\u00f2 essere effettuato, alle categorie di dati personali trattati e ai destinatari o alle categorie di destinatari a cui i dati sono comunicati, al fine di garantire il vostro diritto all&#8217;informazione.<br\/><strong>Il diritto di accesso<\/strong><br\/>Potete chiedere direttamente a Bouchons Trescases se detiene dei dati che vi riguardano e anche informazioni sulle modalit\u00e0 di trattamento. \u00c8 inoltre possibile richiedere una copia di tutti i propri dati personali.<br\/><strong>Il diritto di rettifica<\/strong><br\/>Potete chiedere di modificare i vostri dati personali in qualsiasi momento.<br\/><strong>Il diritto all&#8217;obiezione<\/strong><br\/>Il diritto di opposizione vi consente di opporvi al trattamento dei vostri dati da parte di Bouchons Trescases, a condizione che il trattamento non sia necessario per l&#8217;adempimento di un obbligo legale o per l&#8217;esecuzione di un obbligo contrattuale.<br\/><strong>Il diritto di limitare il trattamento<\/strong><br\/>Potete richiedere la limitazione del trattamento futuro dei vostri dati personali a determinate condizioni: quando contestate l&#8217;esattezza di un dato personale, quando ne avete bisogno per l&#8217;accertamento, l&#8217;esercizio o la difesa dei vostri diritti legali. Potete anche chiedere che il trattamento dei vostri dati sia limitato se il trattamento \u00e8 illegale e non desiderate che i vostri dati siano cancellati.<br\/><strong>Il diritto alla cancellazione<\/strong><br\/>Potete chiederci di cancellare i vostri dati personali, a condizione che il trattamento non sia necessario per l&#8217;adempimento di un obbligo contrattuale o per il rispetto di un obbligo legale.<br\/><strong>Ritiro del consenso<\/strong><br\/>Se avete acconsentito al trattamento dei vostri dati personali, potete revocare incondizionatamente il vostro consenso in qualsiasi momento. Le informazioni relative all&#8217;esercizio di tali diritti sono conservate per CINQUE (5) anni dalla data della risposta di Bouchons Trescases, in conformit\u00e0 con il periodo di prescrizione legale per le azioni legali personali. I vostri dati relativi all&#8217;esercizio dei vostri diritti saranno quindi cancellati una volta scaduto tale periodo. In caso di richiesta di esercizio di un diritto, Bouchons Trescases si impegna a rispondervi, conformemente alla legislazione in vigore, entro un termine di un mese, prorogabile di altri due (2) mesi con riserva di motivazione (articolo 12 del RGPD).<\/p>\n\n<h2 class=\"wp-block-heading\">Come si esercita ciascuno di questi diritti?<\/h2>\n\n<p><br\/>L&#8217;utente pu\u00f2 esercitare ciascuno dei diritti di cui sopra fornendoci un documento di identit\u00e0.<\/p>\n\n<p>Scrivendo al seguente indirizzo: Bouchons Trescases BP 8 &#8211; 66 162 Le Boulou Cedex<br\/>In conformit\u00e0 al RGPD, Bouchons Trescases si riserva il diritto di richiedere il pagamento di un compenso ragionevole che tenga conto dei costi amministrativi sostenuti per fornire le informazioni, effettuare le comunicazioni o adottare le misure richieste. Bouchons Trescases si riserva inoltre il diritto di rifiutare di rispondere a qualsiasi richiesta manifestamente infondata o eccessiva, informando l&#8217;utente dei motivi del rifiuto.<\/p>\n\n<p>Bouchons Trescases informa l&#8217;utente che ha il diritto di rivolgersi alla Commission National de l&#8217;Informatique et des Libert\u00e9s (CNIL) e di presentare un reclamo a questo indirizzo: <a href=\"http:\/\/www.cnil.fr\" data-type=\"link\" data-id=\"www.cnil.fr\">www.cnil.fr<\/a><\/p>\n","protected":false},"excerpt":{"rendered":"<p>Trattamento dei dati personali Identit\u00e0 del titolare del trattamentoL&#8217;azienda responsabile della lavorazione \u00e8 Bouchons Trescases.Indirizzo: BP 8 &#8211; 66162 Le Boulou Cedex Persone interessate dalla politica di protezione dei datiLa presente politica di riservatezza \u00e8 destinata ai visitatori, agli utenti e ai partner di Bouchons Trescases che desiderano ulteriori informazioni sul trattamento dei dati personali&hellip;&nbsp;<a href=\"https:\/\/www.bouchons-trescases.fr\/it\/dati-personali\/\" rel=\"bookmark\">Read More &raquo;<span class=\"screen-reader-text\">Dati personali<\/span><\/a><\/p>\n","protected":false},"author":1,"featured_media":0,"parent":0,"menu_order":0,"comment_status":"closed","ping_status":"closed","template":"","meta":{"neve_meta_sidebar":"","neve_meta_container":"","neve_meta_enable_content_width":"","neve_meta_content_width":0,"neve_meta_title_alignment":"","neve_meta_author_avatar":"","neve_post_elements_order":"","neve_meta_disable_header":"","neve_meta_disable_footer":"","neve_meta_disable_title":"","neve_meta_reading_time":"","_themeisle_gutenberg_block_has_review":false,"footnotes":""},"class_list":["post-1869","page","type-page","status-publish","hentry"],"yoast_head":"<!-- This site is optimized with the Yoast SEO plugin v27.3 - https:\/\/yoast.com\/product\/yoast-seo-wordpress\/ -->\n<title>Dati personali - Bouchons Trescases<\/title>\n<meta name=\"robots\" content=\"index, follow, max-snippet:-1, max-image-preview:large, max-video-preview:-1\" \/>\n<link rel=\"canonical\" href=\"https:\/\/www.bouchons-trescases.fr\/donnees-personnelles\/\" \/>\n<meta property=\"og:locale\" content=\"it_IT\" \/>\n<meta property=\"og:type\" content=\"article\" \/>\n<meta property=\"og:title\" content=\"Dati personali - Bouchons Trescases\" \/>\n<meta property=\"og:description\" content=\"Trattamento dei dati personali Identit\u00e0 del titolare del trattamentoL&#8217;azienda responsabile della lavorazione \u00e8 Bouchons Trescases.Indirizzo: BP 8 &#8211; 66162 Le Boulou Cedex Persone interessate dalla politica di protezione dei datiLa presente politica di riservatezza \u00e8 destinata ai visitatori, agli utenti e ai partner di Bouchons Trescases che desiderano ulteriori informazioni sul trattamento dei dati personali&hellip;&nbsp;Read More &raquo;Dati personali\" \/>\n<meta property=\"og:url\" content=\"https:\/\/www.bouchons-trescases.fr\/donnees-personnelles\/\" \/>\n<meta property=\"og:site_name\" content=\"Bouchons Trescases\" \/>\n<meta property=\"article:publisher\" content=\"https:\/\/www.facebook.com\/bouchonstrescases\/\" \/>\n<meta property=\"article:modified_time\" content=\"2024-03-18T15:15:56+00:00\" \/>\n<meta name=\"twitter:card\" content=\"summary_large_image\" \/>\n<meta name=\"twitter:label1\" content=\"Tempo di lettura stimato\" \/>\n\t<meta name=\"twitter:data1\" content=\"8 minuti\" \/>\n<script type=\"application\/ld+json\" class=\"yoast-schema-graph\">{\"@context\":\"https:\\\/\\\/schema.org\",\"@graph\":[{\"@type\":\"WebPage\",\"@id\":\"https:\\\/\\\/www.bouchons-trescases.fr\\\/donnees-personnelles\\\/\",\"url\":\"https:\\\/\\\/www.bouchons-trescases.fr\\\/donnees-personnelles\\\/\",\"name\":\"Dati personali - Bouchons Trescases\",\"isPartOf\":{\"@id\":\"https:\\\/\\\/www.bouchons-trescases.fr\\\/#website\"},\"datePublished\":\"2023-11-27T15:17:46+00:00\",\"dateModified\":\"2024-03-18T15:15:56+00:00\",\"breadcrumb\":{\"@id\":\"https:\\\/\\\/www.bouchons-trescases.fr\\\/donnees-personnelles\\\/#breadcrumb\"},\"inLanguage\":\"it-IT\",\"potentialAction\":[{\"@type\":\"ReadAction\",\"target\":[\"https:\\\/\\\/www.bouchons-trescases.fr\\\/donnees-personnelles\\\/\"]}]},{\"@type\":\"BreadcrumbList\",\"@id\":\"https:\\\/\\\/www.bouchons-trescases.fr\\\/donnees-personnelles\\\/#breadcrumb\",\"itemListElement\":[{\"@type\":\"ListItem\",\"position\":1,\"name\":\"Accueil\",\"item\":\"https:\\\/\\\/www.bouchons-trescases.fr\\\/it\\\/\"},{\"@type\":\"ListItem\",\"position\":2,\"name\":\"Dati personali\"}]},{\"@type\":\"WebSite\",\"@id\":\"https:\\\/\\\/www.bouchons-trescases.fr\\\/#website\",\"url\":\"https:\\\/\\\/www.bouchons-trescases.fr\\\/\",\"name\":\"Bouchons Trescases\",\"description\":\"\",\"publisher\":{\"@id\":\"https:\\\/\\\/www.bouchons-trescases.fr\\\/#organization\"},\"potentialAction\":[{\"@type\":\"SearchAction\",\"target\":{\"@type\":\"EntryPoint\",\"urlTemplate\":\"https:\\\/\\\/www.bouchons-trescases.fr\\\/?s={search_term_string}\"},\"query-input\":{\"@type\":\"PropertyValueSpecification\",\"valueRequired\":true,\"valueName\":\"search_term_string\"}}],\"inLanguage\":\"it-IT\"},{\"@type\":\"Organization\",\"@id\":\"https:\\\/\\\/www.bouchons-trescases.fr\\\/#organization\",\"name\":\"Bouchons Trescases\",\"url\":\"https:\\\/\\\/www.bouchons-trescases.fr\\\/\",\"logo\":{\"@type\":\"ImageObject\",\"inLanguage\":\"it-IT\",\"@id\":\"https:\\\/\\\/www.bouchons-trescases.fr\\\/#\\\/schema\\\/logo\\\/image\\\/\",\"url\":\"https:\\\/\\\/www.bouchons-trescases.fr\\\/wp-content\\\/uploads\\\/sites\\\/13\\\/2023\\\/11\\\/Logotype-Brun.png\",\"contentUrl\":\"https:\\\/\\\/www.bouchons-trescases.fr\\\/wp-content\\\/uploads\\\/sites\\\/13\\\/2023\\\/11\\\/Logotype-Brun.png\",\"width\":175,\"height\":115,\"caption\":\"Bouchons Trescases\"},\"image\":{\"@id\":\"https:\\\/\\\/www.bouchons-trescases.fr\\\/#\\\/schema\\\/logo\\\/image\\\/\"},\"sameAs\":[\"https:\\\/\\\/www.facebook.com\\\/bouchonstrescases\\\/\",\"https:\\\/\\\/www.instagram.com\\\/bouchons.trescases\\\/\"]}]}<\/script>\n<!-- \/ Yoast SEO plugin. -->","yoast_head_json":{"title":"Dati personali - Bouchons Trescases","robots":{"index":"index","follow":"follow","max-snippet":"max-snippet:-1","max-image-preview":"max-image-preview:large","max-video-preview":"max-video-preview:-1"},"canonical":"https:\/\/www.bouchons-trescases.fr\/donnees-personnelles\/","og_locale":"it_IT","og_type":"article","og_title":"Dati personali - Bouchons Trescases","og_description":"Trattamento dei dati personali Identit\u00e0 del titolare del trattamentoL&#8217;azienda responsabile della lavorazione \u00e8 Bouchons Trescases.Indirizzo: BP 8 &#8211; 66162 Le Boulou Cedex Persone interessate dalla politica di protezione dei datiLa presente politica di riservatezza \u00e8 destinata ai visitatori, agli utenti e ai partner di Bouchons Trescases che desiderano ulteriori informazioni sul trattamento dei dati personali&hellip;&nbsp;Read More &raquo;Dati personali","og_url":"https:\/\/www.bouchons-trescases.fr\/donnees-personnelles\/","og_site_name":"Bouchons Trescases","article_publisher":"https:\/\/www.facebook.com\/bouchonstrescases\/","article_modified_time":"2024-03-18T15:15:56+00:00","twitter_card":"summary_large_image","twitter_misc":{"Tempo di lettura stimato":"8 minuti"},"schema":{"@context":"https:\/\/schema.org","@graph":[{"@type":"WebPage","@id":"https:\/\/www.bouchons-trescases.fr\/donnees-personnelles\/","url":"https:\/\/www.bouchons-trescases.fr\/donnees-personnelles\/","name":"Dati personali - Bouchons Trescases","isPartOf":{"@id":"https:\/\/www.bouchons-trescases.fr\/#website"},"datePublished":"2023-11-27T15:17:46+00:00","dateModified":"2024-03-18T15:15:56+00:00","breadcrumb":{"@id":"https:\/\/www.bouchons-trescases.fr\/donnees-personnelles\/#breadcrumb"},"inLanguage":"it-IT","potentialAction":[{"@type":"ReadAction","target":["https:\/\/www.bouchons-trescases.fr\/donnees-personnelles\/"]}]},{"@type":"BreadcrumbList","@id":"https:\/\/www.bouchons-trescases.fr\/donnees-personnelles\/#breadcrumb","itemListElement":[{"@type":"ListItem","position":1,"name":"Accueil","item":"https:\/\/www.bouchons-trescases.fr\/it\/"},{"@type":"ListItem","position":2,"name":"Dati personali"}]},{"@type":"WebSite","@id":"https:\/\/www.bouchons-trescases.fr\/#website","url":"https:\/\/www.bouchons-trescases.fr\/","name":"Bouchons Trescases","description":"","publisher":{"@id":"https:\/\/www.bouchons-trescases.fr\/#organization"},"potentialAction":[{"@type":"SearchAction","target":{"@type":"EntryPoint","urlTemplate":"https:\/\/www.bouchons-trescases.fr\/?s={search_term_string}"},"query-input":{"@type":"PropertyValueSpecification","valueRequired":true,"valueName":"search_term_string"}}],"inLanguage":"it-IT"},{"@type":"Organization","@id":"https:\/\/www.bouchons-trescases.fr\/#organization","name":"Bouchons Trescases","url":"https:\/\/www.bouchons-trescases.fr\/","logo":{"@type":"ImageObject","inLanguage":"it-IT","@id":"https:\/\/www.bouchons-trescases.fr\/#\/schema\/logo\/image\/","url":"https:\/\/www.bouchons-trescases.fr\/wp-content\/uploads\/sites\/13\/2023\/11\/Logotype-Brun.png","contentUrl":"https:\/\/www.bouchons-trescases.fr\/wp-content\/uploads\/sites\/13\/2023\/11\/Logotype-Brun.png","width":175,"height":115,"caption":"Bouchons Trescases"},"image":{"@id":"https:\/\/www.bouchons-trescases.fr\/#\/schema\/logo\/image\/"},"sameAs":["https:\/\/www.facebook.com\/bouchonstrescases\/","https:\/\/www.instagram.com\/bouchons.trescases\/"]}]}},"_links":{"self":[{"href":"https:\/\/www.bouchons-trescases.fr\/it\/wp-json\/wp\/v2\/pages\/1869","targetHints":{"allow":["GET"]}}],"collection":[{"href":"https:\/\/www.bouchons-trescases.fr\/it\/wp-json\/wp\/v2\/pages"}],"about":[{"href":"https:\/\/www.bouchons-trescases.fr\/it\/wp-json\/wp\/v2\/types\/page"}],"author":[{"embeddable":true,"href":"https:\/\/www.bouchons-trescases.fr\/it\/wp-json\/wp\/v2\/users\/1"}],"replies":[{"embeddable":true,"href":"https:\/\/www.bouchons-trescases.fr\/it\/wp-json\/wp\/v2\/comments?post=1869"}],"version-history":[{"count":2,"href":"https:\/\/www.bouchons-trescases.fr\/it\/wp-json\/wp\/v2\/pages\/1869\/revisions"}],"predecessor-version":[{"id":1871,"href":"https:\/\/www.bouchons-trescases.fr\/it\/wp-json\/wp\/v2\/pages\/1869\/revisions\/1871"}],"wp:attachment":[{"href":"https:\/\/www.bouchons-trescases.fr\/it\/wp-json\/wp\/v2\/media?parent=1869"}],"curies":[{"name":"wp","href":"https:\/\/api.w.org\/{rel}","templated":true}]}}