{"id":1793,"date":"2024-02-05T15:36:42","date_gmt":"2024-02-05T14:36:42","guid":{"rendered":"https:\/\/webbusiness.eolas.fr\/bouchons-trescases\/la-nostra-storia\/"},"modified":"2024-03-18T16:15:34","modified_gmt":"2024-03-18T15:15:34","slug":"la-nostra-storia","status":"publish","type":"page","link":"https:\/\/www.bouchons-trescases.fr\/it\/la-nostra-storia\/","title":{"rendered":"La nostra storia"},"content":{"rendered":"\n<div class=\"wp-block-columns dernier-bloc-acceuil has-custom-1-background-color has-background is-layout-flex wp-container-core-columns-is-layout-42663ce1 wp-block-columns-is-layout-flex\" style=\"padding-top:var(--wp--preset--spacing--70);padding-right:var(--wp--preset--spacing--70);padding-bottom:var(--wp--preset--spacing--70);padding-left:var(--wp--preset--spacing--70)\">\n<div class=\"wp-block-column is-layout-flow wp-block-column-is-layout-flow\" style=\"padding-right:0;padding-left:0\">\n<h2 class=\"wp-block-heading o-typing-delay-100ms o-typing-faster has-neve-link-color-color has-text-color has-link-color wp-elements-24fb55fa9cd681f3caa92deb64f102d5\"><strong>Tappi Trescases, <\/strong><mark style=\"background-color:rgba(0, 0, 0, 0)\" class=\"has-inline-color has-nv-dark-bg-color\"><strong>rivelando l&#8217;eccellenza dal 1876<\/strong><\/mark><\/h2>\n\n\n\n<p>Dal 1876, generazione dopo generazione, Bouchons Trescases fornisce alle cantine e agli ch\u00e2teaux pi\u00f9 prestigiosi tappi naturali di qualit\u00e0 eccezionale.  <br\/>La nostra azienda \u00e8 orgogliosa di essere il pi\u00f9 antico produttore di tappi di sughero per vini fermi in Francia. <\/p>\n\n\n\n<p>In famiglia, il segreto della selezione viene tramandato di generazione in generazione: oltre 130 anni di osservazione e analisi del sughero, delle sue regioni, delle sue foreste e dei suoi raccolti per ottenere le migliori razze per tappi di alta qualit\u00e0. Dalla rimozione del sughero alla finitura finale dei nostri tappi, mettiamo il nostro know-how familiare e l&#8217;innovazione al servizio della qualit\u00e0. <\/p>\n\n\n\n<p>Il vino \u00e8 la nostra storia, il vino \u00e8 il nostro mondo. <\/p>\n<\/div>\n<\/div>\n\n<div id=\"wp-block-themeisle-blocks-advanced-columns-9bb56d54\" class=\"wp-block-themeisle-blocks-advanced-columns has-1-columns has-desktop-undefined-layout has-tablet-equal-layout has-mobile-equal-layout has-vertical-unset\"><div class=\"wp-block-themeisle-blocks-advanced-columns-overlay\"><\/div><div class=\"innerblocks-wrap\">\n<div id=\"wp-block-themeisle-blocks-advanced-column-1f5b2308\" class=\"wp-block-themeisle-blocks-advanced-column\">\n<div style=\"height:100px\" aria-hidden=\"true\" class=\"wp-block-spacer\"><\/div>\n<\/div>\n<\/div><\/div>\n\n<div class=\"wp-block-qi-blocks-timeline qodef-block-container qodef-block-ae93eacc\"><div class=\"qi-block-timeline qodef-block qodef-m qodef-timeline--vertical qodef-timeline-layout--vertical-separated qodef-line--outside qodef-point--diamond qodef-reverse-padding\" data-options=\"{\"colNum\":3}\"><div class=\"qodef-timeline-inner\"><div class=\"qodef-e qodef-e-item qodef-obverse\"><div class=\"qodef-e-line-holder\"><span class=\"qodef-e-line\"><\/span><\/div><div class=\"qodef-e-item-inner\"><div class=\"qodef-e-point-holder\"><div class=\"qodef-e-point\"><\/div><\/div><div class=\"qodef-e-side-holder\"><div class=\"qodef-e-image\"><img decoding=\"async\" src=\"https:\/\/webbusiness.eolas.fr\/bouchons-trescases\/wp-content\/uploads\/sites\/13\/2024\/02\/TRESCASES-143649-histoire.jpg\" alt=\"\"><\/div><\/div><div class=\"qodef-e-content-holder\"><div class=\"qodef-e-date\">1876<\/div><h2 class=\"qodef-e-title\">Casa fondata da Joseph Trescases<\/h2><p class=\"qodef-e-text\">All&#8217;et\u00e0 di 28 anni, Joseph Trescases crea la prima fabbrica di tappi di sughero a C\u00e9ret, nei Pirenei Orientali. Dopo aver completato l&#8217;apprendistato in un laboratorio tradizionale di sughero a Llauro, nel 1876 fond\u00f2 la propria fabbrica. \n\n\u00c8 l&#8217;inizio della storia!<\/p><\/div><\/div><\/div><div class=\"qodef-e qodef-e-item qodef-reverse\"><div class=\"qodef-e-line-holder\"><span class=\"qodef-e-line\"><\/span><\/div><div class=\"qodef-e-item-inner\"><div class=\"qodef-e-point-holder\"><div class=\"qodef-e-point\"><\/div><\/div><div class=\"qodef-e-side-holder\"><div class=\"qodef-e-image\"><img decoding=\"async\" src=\"https:\/\/webbusiness.eolas.fr\/bouchons-trescases\/wp-content\/uploads\/sites\/13\/2024\/02\/e5ad7ba4-e0c1-4e8d-996f-e9e596d7be03.jpg\" alt=\"\"><\/div><\/div><div class=\"qodef-e-content-holder\"><div class=\"qodef-e-date\">1904<\/div><h2 class=\"qodef-e-title\">Jacques Trescases rileva l&#8217;attivit\u00e0<\/h2><p class=\"qodef-e-text\">Jacques Trescases ha preso le redini dell&#8217;azienda di famiglia dopo la morte del padre. Veuve J. Trescases &amp; Fils divenne un rinomato produttore di tappi in Francia, dimostrando l&#8217;eccellenza dei suoi tappi in tutta Europa. Forte del suo successo, Jacques Trescases acquist\u00f2 due grandi edifici nel quartiere di Pont de C\u00e9ret e vi impiant\u00f2 una moderna fabbrica, impiegando oltre 100 lavoratori.<\/p><\/div><\/div><\/div><div class=\"qodef-e qodef-e-item qodef-obverse\"><div class=\"qodef-e-line-holder\"><span class=\"qodef-e-line\"><\/span><\/div><div class=\"qodef-e-item-inner\"><div class=\"qodef-e-point-holder\"><div class=\"qodef-e-point\"><\/div><\/div><div class=\"qodef-e-side-holder\"><div class=\"qodef-e-image\"><img decoding=\"async\" src=\"https:\/\/webbusiness.eolas.fr\/bouchons-trescases\/wp-content\/uploads\/sites\/13\/2024\/02\/TRESCASES-143602.jpg\" alt=\"\"><\/div><\/div><div class=\"qodef-e-content-holder\"><div class=\"qodef-e-date\">1909<\/div><h2 class=\"qodef-e-title\">Vincitore di una medaglia d&#8217;oro all&#8217;Esposizione Internazionale di Montpellier<\/h2><p class=\"qodef-e-text\">Si tratta di un importante riconoscimento per l&#8217;eccezionale qualit\u00e0 dei nostri tappi.  <\/p><\/div><\/div><\/div><div class=\"qodef-e qodef-e-item qodef-reverse\"><div class=\"qodef-e-line-holder\"><span class=\"qodef-e-line\"><\/span><\/div><div class=\"qodef-e-item-inner\"><div class=\"qodef-e-point-holder\"><div class=\"qodef-e-point\"><\/div><\/div><div class=\"qodef-e-side-holder\"><div class=\"qodef-e-image\"><img decoding=\"async\" src=\"https:\/\/webbusiness.eolas.fr\/bouchons-trescases\/wp-content\/uploads\/sites\/13\/2024\/02\/TRESCASES-145185.jpg\" alt=\"\"><\/div><\/div><div class=\"qodef-e-content-holder\"><div class=\"qodef-e-date\">1912 &#8211; 1918<\/div><h2 class=\"qodef-e-title\">Nascita di A &amp; J. Trescases fr\u00e8res<\/h2><p class=\"qodef-e-text\">Dopo la morte prematura di Jacques, il maggiore dei fratelli, il fratello Jean e la sorella Anna rilevarono l&#8217;attivit\u00e0, diventando A. &amp; J. Trescases fr\u00e8res. Durante la Prima Guerra Mondiale, Jean viene mobilitato, lasciando ad Anna il compito di dirigere la fabbrica di C\u00e9ret con mano ferma.  \nAlla fine della guerra, Jean riprese le redini dell&#8217;azienda, accompagnato dalla moglie Marie Trescases, che a sua volta si un\u00ec all&#8217;impresa familiare.<\/p><\/div><\/div><\/div><div class=\"qodef-e qodef-e-item qodef-obverse\"><div class=\"qodef-e-line-holder\"><span class=\"qodef-e-line\"><\/span><\/div><div class=\"qodef-e-item-inner\"><div class=\"qodef-e-point-holder\"><div class=\"qodef-e-point\"><\/div><\/div><div class=\"qodef-e-side-holder\"><div class=\"qodef-e-image\"><\/div><\/div><div class=\"qodef-e-content-holder\"><div class=\"qodef-e-date\">1924<\/div><p class=\"qodef-e-text\">L&#8217;azienda diventa fornitore esclusivo di Clos des Papes.  <\/p><\/div><\/div><\/div><div class=\"qodef-e qodef-e-item qodef-reverse\"><div class=\"qodef-e-line-holder\"><span class=\"qodef-e-line\"><\/span><\/div><div class=\"qodef-e-item-inner\"><div class=\"qodef-e-point-holder\"><div class=\"qodef-e-point\"><\/div><\/div><div class=\"qodef-e-side-holder\"><div class=\"qodef-e-image\"><\/div><\/div><div class=\"qodef-e-content-holder\"><div class=\"qodef-e-date\">1957<\/div><h2 class=\"qodef-e-title\">S.A Bouchons Trescases<\/h2><p class=\"qodef-e-text\">Georges e Jean-Anny entrano nell&#8217;azienda di famiglia rispettivamente nel 1945 e nel 1948. Nel 1956, hanno assunto la gestione dell&#8217;azienda, che \u00e8 diventata S.A. Bouchons Trescases.  <\/p><\/div><\/div><\/div><div class=\"qodef-e qodef-e-item qodef-obverse\"><div class=\"qodef-e-line-holder\"><span class=\"qodef-e-line\"><\/span><\/div><div class=\"qodef-e-item-inner\"><div class=\"qodef-e-point-holder\"><div class=\"qodef-e-point\"><\/div><\/div><div class=\"qodef-e-side-holder\"><div class=\"qodef-e-image\"><img decoding=\"async\" src=\"https:\/\/webbusiness.eolas.fr\/bouchons-trescases\/wp-content\/uploads\/sites\/13\/2024\/02\/TRESCASES-141862-histoire-1.jpg\" alt=\"\"><\/div><\/div><div class=\"qodef-e-content-holder\"><div class=\"qodef-e-date\">1959<\/div><h2 class=\"qodef-e-title\">Inaugurazione dell&#8217;impianto di Le Boulou<\/h2><p class=\"qodef-e-text\">Per tenere il passo con la crescita, Georges e Jean-Anny decidono di stabilirsi a Le Boulou, dove acquistano gli edifici di una vecchia fabbrica che produceva sughero agglomerato espanso per l&#8217;isolamento. \nL&#8217;azienda si trova ancora oggi a questo indirizzo.<\/p><\/div><\/div><\/div><div class=\"qodef-e qodef-e-item qodef-reverse\"><div class=\"qodef-e-line-holder\"><span class=\"qodef-e-line\"><\/span><\/div><div class=\"qodef-e-item-inner\"><div class=\"qodef-e-point-holder\"><div class=\"qodef-e-point\"><\/div><\/div><div class=\"qodef-e-side-holder\"><div class=\"qodef-e-image\"><\/div><\/div><div class=\"qodef-e-content-holder\"><div class=\"qodef-e-date\">1960<\/div><p class=\"qodef-e-text\">L&#8217;azienda diventa fornitore esclusivo di Drouhin.  <\/p><\/div><\/div><\/div><div class=\"qodef-e qodef-e-item qodef-obverse\"><div class=\"qodef-e-line-holder\"><span class=\"qodef-e-line\"><\/span><\/div><div class=\"qodef-e-item-inner\"><div class=\"qodef-e-point-holder\"><div class=\"qodef-e-point\"><\/div><\/div><div class=\"qodef-e-side-holder\"><div class=\"qodef-e-image\"><\/div><\/div><div class=\"qodef-e-content-holder\"><div class=\"qodef-e-date\">1976<\/div><h2 class=\"qodef-e-title\">100 anni di esperienza<\/h2><p class=\"qodef-e-text\">L&#8217;azienda festeggia il suo 100\u00b0 anniversario.  <\/p><\/div><\/div><\/div><div class=\"qodef-e qodef-e-item qodef-reverse\"><div class=\"qodef-e-line-holder\"><span class=\"qodef-e-line\"><\/span><\/div><div class=\"qodef-e-item-inner\"><div class=\"qodef-e-point-holder\"><div class=\"qodef-e-point\"><\/div><\/div><div class=\"qodef-e-side-holder\"><div class=\"qodef-e-image\"><img decoding=\"async\" src=\"https:\/\/webbusiness.eolas.fr\/bouchons-trescases\/wp-content\/uploads\/sites\/13\/2024\/02\/TRESCASES-145233.jpg\" alt=\"\"><\/div><\/div><div class=\"qodef-e-content-holder\"><div class=\"qodef-e-date\">1983<\/div><h2 class=\"qodef-e-title\">  Creazione della Soci\u00e9t\u00e9 Nouvelle des Bouchons Trescases S.A.<\/h2><p class=\"qodef-e-text\">Viene creata la Soci\u00e9t\u00e9 Nouvelle des Bouchons Trescases S.A., una societ\u00e0 interamente controllata dalla S.A. Bouchons Trescases.<\/p><\/div><\/div><\/div><div class=\"qodef-e qodef-e-item qodef-obverse\"><div class=\"qodef-e-line-holder\"><span class=\"qodef-e-line\"><\/span><\/div><div class=\"qodef-e-item-inner\"><div class=\"qodef-e-point-holder\"><div class=\"qodef-e-point\"><\/div><\/div><div class=\"qodef-e-side-holder\"><div class=\"qodef-e-image\"><\/div><\/div><div class=\"qodef-e-content-holder\"><div class=\"qodef-e-date\">1985<\/div><p class=\"qodef-e-text\">Michel Trescases succede al padre e diventa presidente e amministratore delegato della S.A Bouchons Trescases.<\/p><\/div><\/div><\/div><div class=\"qodef-e qodef-e-item qodef-reverse\"><div class=\"qodef-e-line-holder\"><span class=\"qodef-e-line\"><\/span><\/div><div class=\"qodef-e-item-inner\"><div class=\"qodef-e-point-holder\"><div class=\"qodef-e-point\"><\/div><\/div><div class=\"qodef-e-side-holder\"><div class=\"qodef-e-image\"><img decoding=\"async\" src=\"https:\/\/webbusiness.eolas.fr\/bouchons-trescases\/wp-content\/uploads\/sites\/13\/2024\/02\/TRESCASES-145199.jpg\" alt=\"\"><\/div><\/div><div class=\"qodef-e-content-holder\"><div class=\"qodef-e-date\">2009  <\/div><h2 class=\"qodef-e-title\">Certificazione FSC per alcuni dei nostri tappi.<\/h2><p class=\"qodef-e-text\">Una prova del nostro impegno a preservare il pianeta.<\/p><\/div><\/div><\/div><div class=\"qodef-e qodef-e-item qodef-obverse\"><div class=\"qodef-e-line-holder\"><span class=\"qodef-e-line\"><\/span><\/div><div class=\"qodef-e-item-inner\"><div class=\"qodef-e-point-holder\"><div class=\"qodef-e-point\"><\/div><\/div><div class=\"qodef-e-side-holder\"><div class=\"qodef-e-image\"><\/div><\/div><div class=\"qodef-e-content-holder\"><div class=\"qodef-e-date\">2016  <\/div><h2 class=\"qodef-e-title\">Certificazione della nostra eccellenza<\/h2><p class=\"qodef-e-text\">La nostra azienda \u00e8 certificata SYSTECODE PREMIUM e EXCELLENCE. Si tratta di un riconoscimento del lungo e impegnativo lavoro svolto nell&#8217;ultimo decennio.<\/p><\/div><\/div><\/div><div class=\"qodef-e qodef-e-item qodef-reverse\"><div class=\"qodef-e-line-holder\"><span class=\"qodef-e-line\"><\/span><\/div><div class=\"qodef-e-item-inner\"><div class=\"qodef-e-point-holder\"><div class=\"qodef-e-point\"><\/div><\/div><div class=\"qodef-e-side-holder\"><div class=\"qodef-e-image\"><img decoding=\"async\" src=\"https:\/\/webbusiness.eolas.fr\/bouchons-trescases\/wp-content\/uploads\/sites\/13\/2024\/02\/TRESCASES-142448.jpg\" alt=\"\"><\/div><\/div><div class=\"qodef-e-content-holder\"><div class=\"qodef-e-date\">2023<\/div><h2 class=\"qodef-e-title\">  Oggi  <\/h2><p class=\"qodef-e-text\">Oggi produciamo tra i 140 e i 150 milioni di tappi all&#8217;anno.  \nOgni 5 secondi viene stappato un tappo Trescases nel mondo!<\/p><\/div><\/div><\/div><div class=\"qodef-e qodef-e-item qodef-obverse\"><div class=\"qodef-e-line-holder\"><span class=\"qodef-e-line\"><\/span><\/div><div class=\"qodef-e-item-inner\"><div class=\"qodef-e-point-holder\"><div class=\"qodef-e-point\"><\/div><\/div><div class=\"qodef-e-side-holder\"><div class=\"qodef-e-image\"><\/div><\/div><div class=\"qodef-e-content-holder\"><div class=\"qodef-e-date\">2026<\/div><h2 class=\"qodef-e-title\">Bouchons Trescases festeggia il suo 150\u00b0 anniversario<\/h2><p class=\"qodef-e-text\">Questa longevit\u00e0 \u00e8 dovuta alla particolare attenzione alla qualit\u00e0 dei tappi prodotti. <\/p><\/div><\/div><\/div><\/div><\/div><\/div>\n\n<div style=\"height:50px\" aria-hidden=\"true\" class=\"wp-block-spacer\"><\/div>\n\n<div class=\"wp-block-columns dernier-bloc-acceuil has-custom-1-background-color has-background is-layout-flex wp-container-core-columns-is-layout-42663ce1 wp-block-columns-is-layout-flex\" style=\"padding-top:var(--wp--preset--spacing--70);padding-right:var(--wp--preset--spacing--70);padding-bottom:var(--wp--preset--spacing--70);padding-left:var(--wp--preset--spacing--70)\">\n<div class=\"wp-block-column is-layout-flow wp-block-column-is-layout-flow\" style=\"padding-right:0;padding-left:0\">\n<h2 class=\"wp-block-heading o-typing-delay-100ms o-typing-faster has-neve-link-color-color has-text-color has-link-color wp-elements-aea17e864c4c8ee7199444e57946f80b\">La <strong>nostra visione<\/strong> <\/h2>\n\n\n\n<p>La nostra azienda \u00e8 nata dall&#8217;artigianato.<strong> <\/strong>Stiamo portando avanti la visione del nostro fondatore sull&#8217;<strong>eccellenza <\/strong>e sul <strong>know-how<\/strong> <strong>tradizionale<\/strong>. \u00c8 fondamentale preservare i nostri mestieri e le nostre competenze uniche e specifiche. <\/p>\n<\/div>\n<\/div>\n\n<div style=\"height:100px\" aria-hidden=\"true\" class=\"wp-block-spacer\"><\/div>\n\n<div style=\"height:100px\" aria-hidden=\"true\" class=\"wp-block-spacer\"><\/div>\n","protected":false},"excerpt":{"rendered":"<p>Benvenuti nella storia di Bouchons Trescases Scoprite le persone, la regione e il know-how che hanno costruito Bouchons Trescases.<\/p>\n","protected":false},"author":10,"featured_media":2268,"parent":0,"menu_order":0,"comment_status":"closed","ping_status":"closed","template":"","meta":{"neve_meta_sidebar":"","neve_meta_container":"","neve_meta_enable_content_width":"","neve_meta_content_width":0,"neve_meta_title_alignment":"","neve_meta_author_avatar":"","neve_post_elements_order":"","neve_meta_disable_header":"","neve_meta_disable_footer":"","neve_meta_disable_title":"","neve_meta_reading_time":"","_themeisle_gutenberg_block_has_review":false,"footnotes":""},"class_list":["post-1793","page","type-page","status-publish","has-post-thumbnail","hentry"],"yoast_head":"<!-- This site is optimized with the Yoast SEO plugin v27.4 - https:\/\/yoast.com\/product\/yoast-seo-wordpress\/ -->\n<title>La nostra storia - Bouchons Trescases<\/title>\n<meta name=\"robots\" content=\"index, follow, max-snippet:-1, max-image-preview:large, max-video-preview:-1\" \/>\n<link rel=\"canonical\" href=\"https:\/\/www.bouchons-trescases.fr\/notre-histoire\/\" \/>\n<meta property=\"og:locale\" content=\"it_IT\" \/>\n<meta property=\"og:type\" content=\"article\" \/>\n<meta property=\"og:title\" content=\"La nostra storia - Bouchons Trescases\" \/>\n<meta property=\"og:description\" content=\"Benvenuti nella storia di Bouchons Trescases Scoprite le persone, la regione e il know-how che hanno costruito Bouchons Trescases.\" \/>\n<meta property=\"og:url\" content=\"https:\/\/www.bouchons-trescases.fr\/notre-histoire\/\" \/>\n<meta property=\"og:site_name\" content=\"Bouchons Trescases\" \/>\n<meta property=\"article:publisher\" content=\"https:\/\/www.facebook.com\/bouchonstrescases\/\" \/>\n<meta property=\"article:modified_time\" content=\"2024-03-18T15:15:34+00:00\" \/>\n<meta property=\"og:image\" content=\"https:\/\/www.bouchons-trescases.fr\/wp-content\/uploads\/sites\/13\/2024\/09\/Bouchons-Trescases-usine.jpg\" \/>\n\t<meta property=\"og:image:width\" content=\"2284\" \/>\n\t<meta property=\"og:image:height\" content=\"1728\" \/>\n\t<meta property=\"og:image:type\" content=\"image\/jpeg\" \/>\n<meta name=\"twitter:card\" content=\"summary_large_image\" \/>\n<meta name=\"twitter:label1\" content=\"Tempo di lettura stimato\" \/>\n\t<meta name=\"twitter:data1\" content=\"3 minuti\" \/>\n<script type=\"application\/ld+json\" class=\"yoast-schema-graph\">{\"@context\":\"https:\\\/\\\/schema.org\",\"@graph\":[{\"@type\":\"WebPage\",\"@id\":\"https:\\\/\\\/www.bouchons-trescases.fr\\\/notre-histoire\\\/\",\"url\":\"https:\\\/\\\/www.bouchons-trescases.fr\\\/notre-histoire\\\/\",\"name\":\"La nostra storia - Bouchons Trescases\",\"isPartOf\":{\"@id\":\"https:\\\/\\\/www.bouchons-trescases.fr\\\/#website\"},\"primaryImageOfPage\":{\"@id\":\"https:\\\/\\\/www.bouchons-trescases.fr\\\/notre-histoire\\\/#primaryimage\"},\"image\":{\"@id\":\"https:\\\/\\\/www.bouchons-trescases.fr\\\/notre-histoire\\\/#primaryimage\"},\"thumbnailUrl\":\"https:\\\/\\\/www.bouchons-trescases.fr\\\/wp-content\\\/uploads\\\/sites\\\/13\\\/2024\\\/09\\\/Bouchons-Trescases-usine.jpg\",\"datePublished\":\"2024-02-05T14:36:42+00:00\",\"dateModified\":\"2024-03-18T15:15:34+00:00\",\"breadcrumb\":{\"@id\":\"https:\\\/\\\/www.bouchons-trescases.fr\\\/notre-histoire\\\/#breadcrumb\"},\"inLanguage\":\"it-IT\",\"potentialAction\":[{\"@type\":\"ReadAction\",\"target\":[\"https:\\\/\\\/www.bouchons-trescases.fr\\\/notre-histoire\\\/\"]}]},{\"@type\":\"ImageObject\",\"inLanguage\":\"it-IT\",\"@id\":\"https:\\\/\\\/www.bouchons-trescases.fr\\\/notre-histoire\\\/#primaryimage\",\"url\":\"https:\\\/\\\/www.bouchons-trescases.fr\\\/wp-content\\\/uploads\\\/sites\\\/13\\\/2024\\\/09\\\/Bouchons-Trescases-usine.jpg\",\"contentUrl\":\"https:\\\/\\\/www.bouchons-trescases.fr\\\/wp-content\\\/uploads\\\/sites\\\/13\\\/2024\\\/09\\\/Bouchons-Trescases-usine.jpg\",\"width\":2284,\"height\":1728},{\"@type\":\"BreadcrumbList\",\"@id\":\"https:\\\/\\\/www.bouchons-trescases.fr\\\/notre-histoire\\\/#breadcrumb\",\"itemListElement\":[{\"@type\":\"ListItem\",\"position\":1,\"name\":\"Accueil\",\"item\":\"https:\\\/\\\/www.bouchons-trescases.fr\\\/it\\\/\"},{\"@type\":\"ListItem\",\"position\":2,\"name\":\"La nostra storia\"}]},{\"@type\":\"WebSite\",\"@id\":\"https:\\\/\\\/www.bouchons-trescases.fr\\\/#website\",\"url\":\"https:\\\/\\\/www.bouchons-trescases.fr\\\/\",\"name\":\"Bouchons Trescases\",\"description\":\"\",\"publisher\":{\"@id\":\"https:\\\/\\\/www.bouchons-trescases.fr\\\/#organization\"},\"potentialAction\":[{\"@type\":\"SearchAction\",\"target\":{\"@type\":\"EntryPoint\",\"urlTemplate\":\"https:\\\/\\\/www.bouchons-trescases.fr\\\/?s={search_term_string}\"},\"query-input\":{\"@type\":\"PropertyValueSpecification\",\"valueRequired\":true,\"valueName\":\"search_term_string\"}}],\"inLanguage\":\"it-IT\"},{\"@type\":\"Organization\",\"@id\":\"https:\\\/\\\/www.bouchons-trescases.fr\\\/#organization\",\"name\":\"Bouchons Trescases\",\"url\":\"https:\\\/\\\/www.bouchons-trescases.fr\\\/\",\"logo\":{\"@type\":\"ImageObject\",\"inLanguage\":\"it-IT\",\"@id\":\"https:\\\/\\\/www.bouchons-trescases.fr\\\/#\\\/schema\\\/logo\\\/image\\\/\",\"url\":\"https:\\\/\\\/www.bouchons-trescases.fr\\\/wp-content\\\/uploads\\\/sites\\\/13\\\/2023\\\/11\\\/Logotype-Brun.png\",\"contentUrl\":\"https:\\\/\\\/www.bouchons-trescases.fr\\\/wp-content\\\/uploads\\\/sites\\\/13\\\/2023\\\/11\\\/Logotype-Brun.png\",\"width\":175,\"height\":115,\"caption\":\"Bouchons Trescases\"},\"image\":{\"@id\":\"https:\\\/\\\/www.bouchons-trescases.fr\\\/#\\\/schema\\\/logo\\\/image\\\/\"},\"sameAs\":[\"https:\\\/\\\/www.facebook.com\\\/bouchonstrescases\\\/\",\"https:\\\/\\\/www.instagram.com\\\/bouchons.trescases\\\/\"]}]}<\/script>\n<!-- \/ Yoast SEO plugin. -->","yoast_head_json":{"title":"La nostra storia - Bouchons Trescases","robots":{"index":"index","follow":"follow","max-snippet":"max-snippet:-1","max-image-preview":"max-image-preview:large","max-video-preview":"max-video-preview:-1"},"canonical":"https:\/\/www.bouchons-trescases.fr\/notre-histoire\/","og_locale":"it_IT","og_type":"article","og_title":"La nostra storia - Bouchons Trescases","og_description":"Benvenuti nella storia di Bouchons Trescases Scoprite le persone, la regione e il know-how che hanno costruito Bouchons Trescases.","og_url":"https:\/\/www.bouchons-trescases.fr\/notre-histoire\/","og_site_name":"Bouchons Trescases","article_publisher":"https:\/\/www.facebook.com\/bouchonstrescases\/","article_modified_time":"2024-03-18T15:15:34+00:00","og_image":[{"width":2284,"height":1728,"url":"https:\/\/www.bouchons-trescases.fr\/wp-content\/uploads\/sites\/13\/2024\/09\/Bouchons-Trescases-usine.jpg","type":"image\/jpeg"}],"twitter_card":"summary_large_image","twitter_misc":{"Tempo di lettura stimato":"3 minuti"},"schema":{"@context":"https:\/\/schema.org","@graph":[{"@type":"WebPage","@id":"https:\/\/www.bouchons-trescases.fr\/notre-histoire\/","url":"https:\/\/www.bouchons-trescases.fr\/notre-histoire\/","name":"La nostra storia - Bouchons Trescases","isPartOf":{"@id":"https:\/\/www.bouchons-trescases.fr\/#website"},"primaryImageOfPage":{"@id":"https:\/\/www.bouchons-trescases.fr\/notre-histoire\/#primaryimage"},"image":{"@id":"https:\/\/www.bouchons-trescases.fr\/notre-histoire\/#primaryimage"},"thumbnailUrl":"https:\/\/www.bouchons-trescases.fr\/wp-content\/uploads\/sites\/13\/2024\/09\/Bouchons-Trescases-usine.jpg","datePublished":"2024-02-05T14:36:42+00:00","dateModified":"2024-03-18T15:15:34+00:00","breadcrumb":{"@id":"https:\/\/www.bouchons-trescases.fr\/notre-histoire\/#breadcrumb"},"inLanguage":"it-IT","potentialAction":[{"@type":"ReadAction","target":["https:\/\/www.bouchons-trescases.fr\/notre-histoire\/"]}]},{"@type":"ImageObject","inLanguage":"it-IT","@id":"https:\/\/www.bouchons-trescases.fr\/notre-histoire\/#primaryimage","url":"https:\/\/www.bouchons-trescases.fr\/wp-content\/uploads\/sites\/13\/2024\/09\/Bouchons-Trescases-usine.jpg","contentUrl":"https:\/\/www.bouchons-trescases.fr\/wp-content\/uploads\/sites\/13\/2024\/09\/Bouchons-Trescases-usine.jpg","width":2284,"height":1728},{"@type":"BreadcrumbList","@id":"https:\/\/www.bouchons-trescases.fr\/notre-histoire\/#breadcrumb","itemListElement":[{"@type":"ListItem","position":1,"name":"Accueil","item":"https:\/\/www.bouchons-trescases.fr\/it\/"},{"@type":"ListItem","position":2,"name":"La nostra storia"}]},{"@type":"WebSite","@id":"https:\/\/www.bouchons-trescases.fr\/#website","url":"https:\/\/www.bouchons-trescases.fr\/","name":"Bouchons Trescases","description":"","publisher":{"@id":"https:\/\/www.bouchons-trescases.fr\/#organization"},"potentialAction":[{"@type":"SearchAction","target":{"@type":"EntryPoint","urlTemplate":"https:\/\/www.bouchons-trescases.fr\/?s={search_term_string}"},"query-input":{"@type":"PropertyValueSpecification","valueRequired":true,"valueName":"search_term_string"}}],"inLanguage":"it-IT"},{"@type":"Organization","@id":"https:\/\/www.bouchons-trescases.fr\/#organization","name":"Bouchons Trescases","url":"https:\/\/www.bouchons-trescases.fr\/","logo":{"@type":"ImageObject","inLanguage":"it-IT","@id":"https:\/\/www.bouchons-trescases.fr\/#\/schema\/logo\/image\/","url":"https:\/\/www.bouchons-trescases.fr\/wp-content\/uploads\/sites\/13\/2023\/11\/Logotype-Brun.png","contentUrl":"https:\/\/www.bouchons-trescases.fr\/wp-content\/uploads\/sites\/13\/2023\/11\/Logotype-Brun.png","width":175,"height":115,"caption":"Bouchons Trescases"},"image":{"@id":"https:\/\/www.bouchons-trescases.fr\/#\/schema\/logo\/image\/"},"sameAs":["https:\/\/www.facebook.com\/bouchonstrescases\/","https:\/\/www.instagram.com\/bouchons.trescases\/"]}]}},"_links":{"self":[{"href":"https:\/\/www.bouchons-trescases.fr\/it\/wp-json\/wp\/v2\/pages\/1793","targetHints":{"allow":["GET"]}}],"collection":[{"href":"https:\/\/www.bouchons-trescases.fr\/it\/wp-json\/wp\/v2\/pages"}],"about":[{"href":"https:\/\/www.bouchons-trescases.fr\/it\/wp-json\/wp\/v2\/types\/page"}],"author":[{"embeddable":true,"href":"https:\/\/www.bouchons-trescases.fr\/it\/wp-json\/wp\/v2\/users\/10"}],"replies":[{"embeddable":true,"href":"https:\/\/www.bouchons-trescases.fr\/it\/wp-json\/wp\/v2\/comments?post=1793"}],"version-history":[{"count":2,"href":"https:\/\/www.bouchons-trescases.fr\/it\/wp-json\/wp\/v2\/pages\/1793\/revisions"}],"predecessor-version":[{"id":1798,"href":"https:\/\/www.bouchons-trescases.fr\/it\/wp-json\/wp\/v2\/pages\/1793\/revisions\/1798"}],"wp:featuredmedia":[{"embeddable":true,"href":"https:\/\/www.bouchons-trescases.fr\/it\/wp-json\/wp\/v2\/media\/2268"}],"wp:attachment":[{"href":"https:\/\/www.bouchons-trescases.fr\/it\/wp-json\/wp\/v2\/media?parent=1793"}],"curies":[{"name":"wp","href":"https:\/\/api.w.org\/{rel}","templated":true}]}}