{"id":1789,"date":"2024-02-12T09:59:15","date_gmt":"2024-02-12T08:59:15","guid":{"rendered":"https:\/\/webbusiness.eolas.fr\/bouchons-trescases\/sughero\/"},"modified":"2024-03-18T16:15:34","modified_gmt":"2024-03-18T15:15:34","slug":"sughero","status":"publish","type":"page","link":"https:\/\/www.bouchons-trescases.fr\/it\/sughero\/","title":{"rendered":"Sughero"},"content":{"rendered":"\n<div class=\"wp-block-columns is-layout-flex wp-container-core-columns-is-layout-9d6595d7 wp-block-columns-is-layout-flex\">\n<div class=\"wp-block-column is-layout-flow wp-block-column-is-layout-flow\" style=\"padding-right:0;padding-left:0\">\n<div class=\"wp-block-columns dernier-bloc-acceuil has-custom-1-background-color has-background is-layout-flex wp-container-core-columns-is-layout-42663ce1 wp-block-columns-is-layout-flex\" style=\"padding-top:var(--wp--preset--spacing--70);padding-right:var(--wp--preset--spacing--70);padding-bottom:var(--wp--preset--spacing--70);padding-left:var(--wp--preset--spacing--70)\">\n<div class=\"wp-block-column is-layout-flow wp-block-column-is-layout-flow\" style=\"padding-right:0;padding-left:0\">\n<h2 class=\"wp-block-heading o-typing-delay-100ms o-typing-faster has-neve-link-color-color has-text-color has-link-color wp-elements-a84371d013fb92818e210dd99f21ba37\"><strong>Un alleato dell&#8217;umanit\u00e0 <mark style=\"background-color:rgba(0, 0, 0, 0)\" class=\"has-inline-color has-nv-dark-bg-color\">da tempo immemorabile<\/mark><\/strong><\/h2>\n\n\n\n<p>Per secoli l&#8217;uomo ha riconosciuto le <strong>eccezionali propriet\u00e0<\/strong> della quercia da sughero e della sua corteccia. Nell&#8217;antica Grecia, il sughero veniva utilizzato principalmente per tappare anfore contenenti olio d&#8217;oliva e botti di vino, o per realizzare attrezzature da pesca. <\/p>\n\n\n\n<p>Tra il XV e il XVI secolo, i portoghesi prediligevano la quercia da sughero per la navigazione e le parti pi\u00f9 esposte alle intemperie, considerandola il materiale migliore. <\/p>\n\n\n\n<p>Nel XVI secolo, i droghieri tedeschi riscoprirono le virt\u00f9 del sughero come tappo per le bottiglie. <\/p>\n\n\n\n<p>Le prime fabbriche di sughero furono fondate intorno al 1760.  <\/p>\n\n\n\n<p>In Francia, il monaco <strong>Dom P\u00e9rignon<\/strong> usava il sughero per sigillare il famoso vino champagne che porta il suo nome. Da allora, l&#8217;industria del sughero si \u00e8 rafforzata sempre di pi\u00f9.  <\/p>\n<\/div>\n<\/div>\n<\/div>\n<\/div>\n\n<figure class=\"wp-block-image size-full\"><img loading=\"lazy\" decoding=\"async\" width=\"1300\" height=\"866\" src=\"https:\/\/webbusiness.eolas.fr\/bouchons-trescases\/wp-content\/uploads\/sites\/13\/2024\/02\/TRESCASES-143472.jpg\" alt=\"\" class=\"wp-image-869\" style=\"aspect-ratio:16\/9;object-fit:cover\" srcset=\"https:\/\/www.bouchons-trescases.fr\/wp-content\/uploads\/sites\/13\/2024\/02\/TRESCASES-143472.jpg 1300w, https:\/\/www.bouchons-trescases.fr\/wp-content\/uploads\/sites\/13\/2024\/02\/TRESCASES-143472-300x200.jpg 300w, https:\/\/www.bouchons-trescases.fr\/wp-content\/uploads\/sites\/13\/2024\/02\/TRESCASES-143472-1024x682.jpg 1024w, https:\/\/www.bouchons-trescases.fr\/wp-content\/uploads\/sites\/13\/2024\/02\/TRESCASES-143472-768x512.jpg 768w, https:\/\/www.bouchons-trescases.fr\/wp-content\/uploads\/sites\/13\/2024\/02\/TRESCASES-143472-18x12.jpg 18w, https:\/\/www.bouchons-trescases.fr\/wp-content\/uploads\/sites\/13\/2024\/02\/TRESCASES-143472-930x620.jpg 930w\" sizes=\"auto, (max-width: 1300px) 100vw, 1300px\" \/><\/figure>\n\n<div style=\"height:50px\" aria-hidden=\"true\" class=\"wp-block-spacer\"><\/div>\n\n<h2 class=\"wp-block-heading has-neve-link-color-color has-text-color has-link-color wp-elements-786fdfcb35fcbc2ab0945634816c2200\"><strong>Una materia prima eccezionale<\/strong><\/h2>\n\n<p>La scelta di questa materia prima non \u00e8 affatto casuale. Il sughero naturale soddisfa i requisiti di rinomati viticoltori di tutto il mondo e le aspettative dei consumatori pi\u00f9 esigenti. <\/p>\n\n<p>Il sughero si caratterizza per la sua <strong>impermeabilit\u00e0<\/strong>, dovuta alla contropressione esercitata dai gas presenti nelle sue cellule e alla presenza di <strong>suberina<\/strong>. <\/p>\n\n<p>Il tappo di sughero naturale \u00e8 la <strong>migliore garanzia per la conservazione dei grandi vini<\/strong>. I tappi di sughero permettono al vino di respirare nel tempo, garantendo <strong>un perfetto invecchiamento<\/strong> per i vini che devono essere maturati in bottiglia. <\/p>\n\n<p><em>La qualit\u00e0 delle nostre materie prime \u00e8 il nostro impegno principale.<\/em> <\/p>\n\n<p>Il sughero, il tessuto vegetale raccolto con tanta cura dall&#8217;uomo, ha qualit\u00e0 uniche che ancora oggi non hanno eguali, tra cui :  <\/p>\n\n<div class=\"wp-block-columns has-custom-1-background-color has-background is-layout-flex wp-container-core-columns-is-layout-f999aa2d wp-block-columns-is-layout-flex\" style=\"padding-top:var(--wp--preset--spacing--40);padding-right:var(--wp--preset--spacing--40);padding-bottom:var(--wp--preset--spacing--40);padding-left:var(--wp--preset--spacing--40)\">\n<div class=\"wp-block-column is-layout-flow wp-block-column-is-layout-flow\">\n<ul class=\"wp-block-list\">\n<li><strong>Notevolmente<\/strong> <strong>leggero <\/strong> <\/li>\n\n\n\n<li>Un elevato coefficiente di attrito  <\/li>\n\n\n\n<li><strong> Impermeabilit\u00e0 ai liquidi<\/strong> e bassa permeabilit\u00e0 ai gas, che consentono al vino di <strong>respirare <\/strong>ed evolvere. <\/li>\n\n\n\n<li><strong> Elasticit\u00e0 <\/strong>e<strong> comprimibilit\u00e0 <\/strong>uniche, che garantiscono una perfetta tenuta al momento della tappatura. <\/li>\n\n\n\n<li><strong>Stabilit\u00e0 chimica,<\/strong> resistente all&#8217;attacco degli acidi  <\/li>\n\n\n\n<li><strong> Imputrescibile<\/strong>, ideale per la conservazione di liquidi in condizioni di umidit\u00e0  <\/li>\n\n\n\n<li>Eccezionale <strong>isolamento termico<\/strong> e acustico  <\/li>\n\n\n\n<li>Eccezionale <strong>resistenza al fuoco <\/strong>e durata nel tempo  <\/li>\n\n\n\n<li>Una <strong>composizione 100% naturale<\/strong>, biodegradabile e riciclabile<\/li>\n\n\n\n<li><strong>309 grammi<\/strong> \u00e8 la quantit\u00e0 di CO2 sequestrata da un singolo tappo di sughero.  <\/li>\n\n\n\n<li><strong>800 milioni <\/strong>\u00e8 il numero di cellule presenti in un singolo tappo.  <\/li>\n\n\n\n<li><strong>90% <\/strong>\u00e8 la percentuale di gas<strong> <\/strong>contenuta nelle cellule del sughero  <\/li>\n<\/ul>\n<\/div>\n<\/div>\n\n<div style=\"height:100px\" aria-hidden=\"true\" class=\"wp-block-spacer\"><\/div>\n\n<figure class=\"wp-block-image size-large is-resized\"><img loading=\"lazy\" decoding=\"async\" width=\"682\" height=\"1024\" src=\"https:\/\/webbusiness.eolas.fr\/bouchons-trescases\/wp-content\/uploads\/sites\/13\/2024\/02\/TRESCASES-143366-682x1024.jpg\" alt=\"\" class=\"wp-image-867\" style=\"aspect-ratio:1;object-fit:cover;width:682px;height:auto\" srcset=\"https:\/\/www.bouchons-trescases.fr\/wp-content\/uploads\/sites\/13\/2024\/02\/TRESCASES-143366-682x1024.jpg 682w, https:\/\/www.bouchons-trescases.fr\/wp-content\/uploads\/sites\/13\/2024\/02\/TRESCASES-143366-200x300.jpg 200w, https:\/\/www.bouchons-trescases.fr\/wp-content\/uploads\/sites\/13\/2024\/02\/TRESCASES-143366-768x1153.jpg 768w, https:\/\/www.bouchons-trescases.fr\/wp-content\/uploads\/sites\/13\/2024\/02\/TRESCASES-143366-8x12.jpg 8w, https:\/\/www.bouchons-trescases.fr\/wp-content\/uploads\/sites\/13\/2024\/02\/TRESCASES-143366.jpg 866w\" sizes=\"auto, (max-width: 682px) 100vw, 682px\" \/><\/figure>\n\n<div style=\"height:50px\" aria-hidden=\"true\" class=\"wp-block-spacer\"><\/div>\n\n<div class=\"wp-block-columns is-layout-flex wp-container-core-columns-is-layout-9d6595d7 wp-block-columns-is-layout-flex\">\n<div class=\"wp-block-column is-layout-flow wp-block-column-is-layout-flow\">\n<h2 class=\"wp-block-heading has-neve-link-color-color has-text-color has-link-color wp-elements-62aaf381fa834a5b462414f4ed6de186\"><strong>Quercia da sughero<\/strong> <\/h2>\n\n\n\n<p><strong>\n  <em>Nome scientifico: Quercus suber L.<\/em>\n<\/strong> <\/p>\n\n\n\n<p>Il sughero non \u00e8 legno, ma la corteccia di un albero: la quercia da sughero. La quercia da sughero \u00e8 un <strong>albero unico<\/strong>, caratterizzato dalla <strong>rigenerazione naturale della sua corteccia<\/strong> dopo ogni raccolta. L&#8217;albero stesso <strong>non viene mai abbattuto per ottenere il sughero<\/strong>, preservando cos\u00ec la sostenibilit\u00e0 di questo ecosistema. <\/p>\n<\/div>\n<\/div>\n\n<p>Il <strong>Portogallo <\/strong>si distingue come il principale produttore di sughero per tappi, con oltre il 50% della produzione mondiale, seguito da vicino da Spagna, Marocco, Algeria settentrionale e Tunisia. <\/p>\n\n<p>Una quercia da sughero vive in media tra i 150 e i 200 anni, se l&#8217;albero viene scortecciato regolarmente. Il primo strato di sughero viene estratto quando l&#8217;albero ha 35 anni. Tuttavia, sono necessari poco pi\u00f9 di <strong>18 anni dalla prima raccolta perch\u00e9 la corteccia sia adatta alla<\/strong> produzione di sughero di alta qualit\u00e0. Nel corso della sua vita, una quercia da sughero avr\u00e0 tra i 12 e i 15 raccolti.  <br\/> <br\/>Tutto il sughero raccolto viene utilizzato in modo proficuo. Il resto viene utilizzato in un&#8217;ampia variet\u00e0 di settori, dalle calzature alle decorazioni, ai mobili e persino all&#8217;industria aerospaziale. <\/p>\n\n<figure class=\"wp-block-image size-large\"><img loading=\"lazy\" decoding=\"async\" width=\"768\" height=\"1024\" src=\"https:\/\/webbusiness.eolas.fr\/bouchons-trescases\/wp-content\/uploads\/sites\/13\/2024\/02\/Portugal-768x1024.jpg\" alt=\"\" class=\"wp-image-858\" style=\"aspect-ratio:16\/9;object-fit:cover\" srcset=\"https:\/\/www.bouchons-trescases.fr\/wp-content\/uploads\/sites\/13\/2024\/02\/Portugal-768x1024.jpg 768w, https:\/\/www.bouchons-trescases.fr\/wp-content\/uploads\/sites\/13\/2024\/02\/Portugal-225x300.jpg 225w, https:\/\/www.bouchons-trescases.fr\/wp-content\/uploads\/sites\/13\/2024\/02\/Portugal-1152x1536.jpg 1152w, https:\/\/www.bouchons-trescases.fr\/wp-content\/uploads\/sites\/13\/2024\/02\/Portugal-1536x2048.jpg 1536w, https:\/\/www.bouchons-trescases.fr\/wp-content\/uploads\/sites\/13\/2024\/02\/Portugal-9x12.jpg 9w, https:\/\/www.bouchons-trescases.fr\/wp-content\/uploads\/sites\/13\/2024\/02\/Portugal-scaled.jpg 1920w\" sizes=\"auto, (max-width: 768px) 100vw, 768px\" \/><\/figure>\n\n<div style=\"height:50px\" aria-hidden=\"true\" class=\"wp-block-spacer\"><\/div>\n\n<h2 class=\"wp-block-heading has-neve-link-color-color has-text-color has-link-color wp-elements-5b12d40a7775f5178a3dfd53a18d817e\"><strong>Scortecciare la quercia da sughero, un&#8217;attivit\u00e0 molto delicata<\/strong> <\/h2>\n\n<p>La scortecciatura \u00e8 un&#8217;attivit\u00e0 <strong>tradizionale,<\/strong> delicata e interamente manuale. Questa minuziosa operazione viene ripetuta almeno ogni 9 anni, tra maggio e agosto. <\/p>\n\n<p>La raccolta del sughero <strong>non danneggia l&#8217;albero<\/strong>, che continua a crescere e a produrre sughero per secoli. Non abbattiamo gli alberi per raccoglierne la corteccia! <\/p>\n\n<ul class=\"wp-block-list\">\n<li>La prima fase di scortecciatura, nota come &#8220;demasclage&#8221;, produce sughero non utilizzabile per la produzione di tappi. <\/li>\n\n\n\n<li>La seconda scortecciatura produce un materiale dalla struttura regolare ma ancora inadatto alla produzione di tappi, noto come &#8220;sughero di prima riproduzione&#8221;. <\/li>\n\n\n\n<li>Solo dopo la <strong>terza <\/strong>e successiva <strong>scortecciatura <\/strong>si ottiene un sughero con propriet\u00e0 adatte alla produzione di tappi di alta qualit\u00e0, il cosiddetto <strong>&#8220;sughero femmina&#8221;<\/strong>. <\/li>\n<\/ul>\n\n<div style=\"height:50px\" aria-hidden=\"true\" class=\"wp-block-spacer\"><\/div>\n\n<figure class=\"wp-block-image size-large\"><img loading=\"lazy\" decoding=\"async\" width=\"1024\" height=\"682\" src=\"https:\/\/webbusiness.eolas.fr\/bouchons-trescases\/wp-content\/uploads\/sites\/13\/2024\/02\/TRESCASES-143602-1024x682.jpg\" alt=\"\" class=\"wp-image-870\" style=\"aspect-ratio:16\/9;object-fit:cover\" srcset=\"https:\/\/www.bouchons-trescases.fr\/wp-content\/uploads\/sites\/13\/2024\/02\/TRESCASES-143602-1024x682.jpg 1024w, https:\/\/www.bouchons-trescases.fr\/wp-content\/uploads\/sites\/13\/2024\/02\/TRESCASES-143602-300x200.jpg 300w, https:\/\/www.bouchons-trescases.fr\/wp-content\/uploads\/sites\/13\/2024\/02\/TRESCASES-143602-768x512.jpg 768w, https:\/\/www.bouchons-trescases.fr\/wp-content\/uploads\/sites\/13\/2024\/02\/TRESCASES-143602-18x12.jpg 18w, https:\/\/www.bouchons-trescases.fr\/wp-content\/uploads\/sites\/13\/2024\/02\/TRESCASES-143602-930x620.jpg 930w, https:\/\/www.bouchons-trescases.fr\/wp-content\/uploads\/sites\/13\/2024\/02\/TRESCASES-143602.jpg 1300w\" sizes=\"auto, (max-width: 1024px) 100vw, 1024px\" \/><\/figure>\n\n<div style=\"height:50px\" aria-hidden=\"true\" class=\"wp-block-spacer\"><\/div>\n\n<div class=\"wp-block-columns is-layout-flex wp-container-core-columns-is-layout-9d6595d7 wp-block-columns-is-layout-flex\">\n<div class=\"wp-block-column has-custom-1-background-color has-background is-layout-flow wp-block-column-is-layout-flow\" style=\"padding-top:var(--wp--preset--spacing--40);padding-right:var(--wp--preset--spacing--50);padding-bottom:var(--wp--preset--spacing--40);padding-left:var(--wp--preset--spacing--50)\">\n<p> <em>&gt; Scoprite il nostro processo di produzione<\/em> <\/p>\n\n\n\n<p>Il tappo di sughero,  <strong>simbolo di qualit\u00e0 e tradizione, <\/strong>\u00e8 l&#8217;ultimo garante della conservazione e del piacere dei vostri vini preferiti. Per questo \u00e8 ancora pi\u00f9 importante scegliere tappi di qualit\u00e0 per sigillare le bottiglie che verranno conservate per diversi anni prima di essere gustate. <\/p>\n\n\n\n<p>Il tappo di sughero svolge un ruolo essenziale nell&#8217;invecchiamento del vino. <strong>Grazie alla micro-ossigenazione<\/strong>, permette ai sapori e agli <strong>aromi del vino di svilupparsi<\/strong> nel tempo, offrendo un&#8217;esperienza gustativa unica e inimitabile. <\/p>\n\n\n\n<p><em>Il tappo di sughero accompagna la vita del vino.<\/em><\/p>\n<\/div>\n<\/div>\n\n<div style=\"height:100px\" aria-hidden=\"true\" class=\"wp-block-spacer\"><\/div>\n","protected":false},"excerpt":{"rendered":"<p>Un alleato dell&#8217;umanit\u00e0 da tempo immemorabile Per secoli l&#8217;uomo ha riconosciuto le eccezionali propriet\u00e0 della quercia da sughero e della sua corteccia. Nell&#8217;antica Grecia, il sughero veniva utilizzato principalmente per tappare anfore contenenti olio d&#8217;oliva e botti di vino, o per realizzare attrezzature da pesca. Tra il XV e il XVI secolo, i portoghesi prediligevano&hellip;&nbsp;<a href=\"https:\/\/www.bouchons-trescases.fr\/it\/sughero\/\" rel=\"bookmark\">Read More &raquo;<span class=\"screen-reader-text\">Sughero<\/span><\/a><\/p>\n","protected":false},"author":10,"featured_media":1790,"parent":0,"menu_order":0,"comment_status":"closed","ping_status":"closed","template":"","meta":{"neve_meta_sidebar":"","neve_meta_container":"","neve_meta_enable_content_width":"","neve_meta_content_width":0,"neve_meta_title_alignment":"","neve_meta_author_avatar":"","neve_post_elements_order":"","neve_meta_disable_header":"","neve_meta_disable_footer":"","neve_meta_disable_title":"","neve_meta_reading_time":"","_themeisle_gutenberg_block_has_review":false,"footnotes":""},"class_list":["post-1789","page","type-page","status-publish","has-post-thumbnail","hentry"],"yoast_head":"<!-- This site is optimized with the Yoast SEO plugin v27.4 - https:\/\/yoast.com\/product\/yoast-seo-wordpress\/ -->\n<title>Sughero - Bouchons Trescases<\/title>\n<meta name=\"robots\" content=\"index, follow, max-snippet:-1, max-image-preview:large, max-video-preview:-1\" \/>\n<link rel=\"canonical\" href=\"https:\/\/www.bouchons-trescases.fr\/it\/sughero\/\" \/>\n<meta property=\"og:locale\" content=\"it_IT\" \/>\n<meta property=\"og:type\" content=\"article\" \/>\n<meta property=\"og:title\" content=\"Sughero - Bouchons Trescases\" \/>\n<meta property=\"og:description\" content=\"Un alleato dell&#8217;umanit\u00e0 da tempo immemorabile Per secoli l&#8217;uomo ha riconosciuto le eccezionali propriet\u00e0 della quercia da sughero e della sua corteccia. Nell&#8217;antica Grecia, il sughero veniva utilizzato principalmente per tappare anfore contenenti olio d&#8217;oliva e botti di vino, o per realizzare attrezzature da pesca. Tra il XV e il XVI secolo, i portoghesi prediligevano&hellip;&nbsp;Read More &raquo;Sughero\" \/>\n<meta property=\"og:url\" content=\"https:\/\/www.bouchons-trescases.fr\/it\/sughero\/\" \/>\n<meta property=\"og:site_name\" content=\"Bouchons Trescases\" \/>\n<meta property=\"article:publisher\" content=\"https:\/\/www.facebook.com\/bouchonstrescases\/\" \/>\n<meta property=\"article:modified_time\" content=\"2024-03-18T15:15:34+00:00\" \/>\n<meta property=\"og:image\" content=\"https:\/\/www.bouchons-trescases.fr\/wp-content\/uploads\/sites\/13\/2024\/02\/Portugal-scaled.jpg\" \/>\n\t<meta property=\"og:image:width\" content=\"1920\" \/>\n\t<meta property=\"og:image:height\" content=\"2560\" \/>\n\t<meta property=\"og:image:type\" content=\"image\/jpeg\" \/>\n<meta name=\"twitter:card\" content=\"summary_large_image\" \/>\n<meta name=\"twitter:label1\" content=\"Tempo di lettura stimato\" \/>\n\t<meta name=\"twitter:data1\" content=\"4 minuti\" \/>\n<script type=\"application\/ld+json\" class=\"yoast-schema-graph\">{\"@context\":\"https:\\\/\\\/schema.org\",\"@graph\":[{\"@type\":\"WebPage\",\"@id\":\"https:\\\/\\\/www.bouchons-trescases.fr\\\/it\\\/sughero\\\/\",\"url\":\"https:\\\/\\\/www.bouchons-trescases.fr\\\/it\\\/sughero\\\/\",\"name\":\"Sughero - Bouchons Trescases\",\"isPartOf\":{\"@id\":\"https:\\\/\\\/www.bouchons-trescases.fr\\\/#website\"},\"primaryImageOfPage\":{\"@id\":\"https:\\\/\\\/www.bouchons-trescases.fr\\\/it\\\/sughero\\\/#primaryimage\"},\"image\":{\"@id\":\"https:\\\/\\\/www.bouchons-trescases.fr\\\/it\\\/sughero\\\/#primaryimage\"},\"thumbnailUrl\":\"https:\\\/\\\/www.bouchons-trescases.fr\\\/wp-content\\\/uploads\\\/sites\\\/13\\\/2024\\\/02\\\/Portugal-scaled.jpg\",\"datePublished\":\"2024-02-12T08:59:15+00:00\",\"dateModified\":\"2024-03-18T15:15:34+00:00\",\"breadcrumb\":{\"@id\":\"https:\\\/\\\/www.bouchons-trescases.fr\\\/it\\\/sughero\\\/#breadcrumb\"},\"inLanguage\":\"it-IT\",\"potentialAction\":[{\"@type\":\"ReadAction\",\"target\":[\"https:\\\/\\\/www.bouchons-trescases.fr\\\/it\\\/sughero\\\/\"]}]},{\"@type\":\"ImageObject\",\"inLanguage\":\"it-IT\",\"@id\":\"https:\\\/\\\/www.bouchons-trescases.fr\\\/it\\\/sughero\\\/#primaryimage\",\"url\":\"https:\\\/\\\/www.bouchons-trescases.fr\\\/wp-content\\\/uploads\\\/sites\\\/13\\\/2024\\\/02\\\/Portugal-scaled.jpg\",\"contentUrl\":\"https:\\\/\\\/www.bouchons-trescases.fr\\\/wp-content\\\/uploads\\\/sites\\\/13\\\/2024\\\/02\\\/Portugal-scaled.jpg\",\"width\":1920,\"height\":2560},{\"@type\":\"BreadcrumbList\",\"@id\":\"https:\\\/\\\/www.bouchons-trescases.fr\\\/it\\\/sughero\\\/#breadcrumb\",\"itemListElement\":[{\"@type\":\"ListItem\",\"position\":1,\"name\":\"Accueil\",\"item\":\"https:\\\/\\\/www.bouchons-trescases.fr\\\/it\\\/\"},{\"@type\":\"ListItem\",\"position\":2,\"name\":\"Sughero\"}]},{\"@type\":\"WebSite\",\"@id\":\"https:\\\/\\\/www.bouchons-trescases.fr\\\/#website\",\"url\":\"https:\\\/\\\/www.bouchons-trescases.fr\\\/\",\"name\":\"Bouchons Trescases\",\"description\":\"\",\"publisher\":{\"@id\":\"https:\\\/\\\/www.bouchons-trescases.fr\\\/#organization\"},\"potentialAction\":[{\"@type\":\"SearchAction\",\"target\":{\"@type\":\"EntryPoint\",\"urlTemplate\":\"https:\\\/\\\/www.bouchons-trescases.fr\\\/?s={search_term_string}\"},\"query-input\":{\"@type\":\"PropertyValueSpecification\",\"valueRequired\":true,\"valueName\":\"search_term_string\"}}],\"inLanguage\":\"it-IT\"},{\"@type\":\"Organization\",\"@id\":\"https:\\\/\\\/www.bouchons-trescases.fr\\\/#organization\",\"name\":\"Bouchons Trescases\",\"url\":\"https:\\\/\\\/www.bouchons-trescases.fr\\\/\",\"logo\":{\"@type\":\"ImageObject\",\"inLanguage\":\"it-IT\",\"@id\":\"https:\\\/\\\/www.bouchons-trescases.fr\\\/#\\\/schema\\\/logo\\\/image\\\/\",\"url\":\"https:\\\/\\\/www.bouchons-trescases.fr\\\/wp-content\\\/uploads\\\/sites\\\/13\\\/2023\\\/11\\\/Logotype-Brun.png\",\"contentUrl\":\"https:\\\/\\\/www.bouchons-trescases.fr\\\/wp-content\\\/uploads\\\/sites\\\/13\\\/2023\\\/11\\\/Logotype-Brun.png\",\"width\":175,\"height\":115,\"caption\":\"Bouchons Trescases\"},\"image\":{\"@id\":\"https:\\\/\\\/www.bouchons-trescases.fr\\\/#\\\/schema\\\/logo\\\/image\\\/\"},\"sameAs\":[\"https:\\\/\\\/www.facebook.com\\\/bouchonstrescases\\\/\",\"https:\\\/\\\/www.instagram.com\\\/bouchons.trescases\\\/\"]}]}<\/script>\n<!-- \/ Yoast SEO plugin. -->","yoast_head_json":{"title":"Sughero - Bouchons Trescases","robots":{"index":"index","follow":"follow","max-snippet":"max-snippet:-1","max-image-preview":"max-image-preview:large","max-video-preview":"max-video-preview:-1"},"canonical":"https:\/\/www.bouchons-trescases.fr\/it\/sughero\/","og_locale":"it_IT","og_type":"article","og_title":"Sughero - Bouchons Trescases","og_description":"Un alleato dell&#8217;umanit\u00e0 da tempo immemorabile Per secoli l&#8217;uomo ha riconosciuto le eccezionali propriet\u00e0 della quercia da sughero e della sua corteccia. Nell&#8217;antica Grecia, il sughero veniva utilizzato principalmente per tappare anfore contenenti olio d&#8217;oliva e botti di vino, o per realizzare attrezzature da pesca. Tra il XV e il XVI secolo, i portoghesi prediligevano&hellip;&nbsp;Read More &raquo;Sughero","og_url":"https:\/\/www.bouchons-trescases.fr\/it\/sughero\/","og_site_name":"Bouchons Trescases","article_publisher":"https:\/\/www.facebook.com\/bouchonstrescases\/","article_modified_time":"2024-03-18T15:15:34+00:00","og_image":[{"width":1920,"height":2560,"url":"https:\/\/www.bouchons-trescases.fr\/wp-content\/uploads\/sites\/13\/2024\/02\/Portugal-scaled.jpg","type":"image\/jpeg"}],"twitter_card":"summary_large_image","twitter_misc":{"Tempo di lettura stimato":"4 minuti"},"schema":{"@context":"https:\/\/schema.org","@graph":[{"@type":"WebPage","@id":"https:\/\/www.bouchons-trescases.fr\/it\/sughero\/","url":"https:\/\/www.bouchons-trescases.fr\/it\/sughero\/","name":"Sughero - Bouchons Trescases","isPartOf":{"@id":"https:\/\/www.bouchons-trescases.fr\/#website"},"primaryImageOfPage":{"@id":"https:\/\/www.bouchons-trescases.fr\/it\/sughero\/#primaryimage"},"image":{"@id":"https:\/\/www.bouchons-trescases.fr\/it\/sughero\/#primaryimage"},"thumbnailUrl":"https:\/\/www.bouchons-trescases.fr\/wp-content\/uploads\/sites\/13\/2024\/02\/Portugal-scaled.jpg","datePublished":"2024-02-12T08:59:15+00:00","dateModified":"2024-03-18T15:15:34+00:00","breadcrumb":{"@id":"https:\/\/www.bouchons-trescases.fr\/it\/sughero\/#breadcrumb"},"inLanguage":"it-IT","potentialAction":[{"@type":"ReadAction","target":["https:\/\/www.bouchons-trescases.fr\/it\/sughero\/"]}]},{"@type":"ImageObject","inLanguage":"it-IT","@id":"https:\/\/www.bouchons-trescases.fr\/it\/sughero\/#primaryimage","url":"https:\/\/www.bouchons-trescases.fr\/wp-content\/uploads\/sites\/13\/2024\/02\/Portugal-scaled.jpg","contentUrl":"https:\/\/www.bouchons-trescases.fr\/wp-content\/uploads\/sites\/13\/2024\/02\/Portugal-scaled.jpg","width":1920,"height":2560},{"@type":"BreadcrumbList","@id":"https:\/\/www.bouchons-trescases.fr\/it\/sughero\/#breadcrumb","itemListElement":[{"@type":"ListItem","position":1,"name":"Accueil","item":"https:\/\/www.bouchons-trescases.fr\/it\/"},{"@type":"ListItem","position":2,"name":"Sughero"}]},{"@type":"WebSite","@id":"https:\/\/www.bouchons-trescases.fr\/#website","url":"https:\/\/www.bouchons-trescases.fr\/","name":"Bouchons Trescases","description":"","publisher":{"@id":"https:\/\/www.bouchons-trescases.fr\/#organization"},"potentialAction":[{"@type":"SearchAction","target":{"@type":"EntryPoint","urlTemplate":"https:\/\/www.bouchons-trescases.fr\/?s={search_term_string}"},"query-input":{"@type":"PropertyValueSpecification","valueRequired":true,"valueName":"search_term_string"}}],"inLanguage":"it-IT"},{"@type":"Organization","@id":"https:\/\/www.bouchons-trescases.fr\/#organization","name":"Bouchons Trescases","url":"https:\/\/www.bouchons-trescases.fr\/","logo":{"@type":"ImageObject","inLanguage":"it-IT","@id":"https:\/\/www.bouchons-trescases.fr\/#\/schema\/logo\/image\/","url":"https:\/\/www.bouchons-trescases.fr\/wp-content\/uploads\/sites\/13\/2023\/11\/Logotype-Brun.png","contentUrl":"https:\/\/www.bouchons-trescases.fr\/wp-content\/uploads\/sites\/13\/2023\/11\/Logotype-Brun.png","width":175,"height":115,"caption":"Bouchons Trescases"},"image":{"@id":"https:\/\/www.bouchons-trescases.fr\/#\/schema\/logo\/image\/"},"sameAs":["https:\/\/www.facebook.com\/bouchonstrescases\/","https:\/\/www.instagram.com\/bouchons.trescases\/"]}]}},"_links":{"self":[{"href":"https:\/\/www.bouchons-trescases.fr\/it\/wp-json\/wp\/v2\/pages\/1789","targetHints":{"allow":["GET"]}}],"collection":[{"href":"https:\/\/www.bouchons-trescases.fr\/it\/wp-json\/wp\/v2\/pages"}],"about":[{"href":"https:\/\/www.bouchons-trescases.fr\/it\/wp-json\/wp\/v2\/types\/page"}],"author":[{"embeddable":true,"href":"https:\/\/www.bouchons-trescases.fr\/it\/wp-json\/wp\/v2\/users\/10"}],"replies":[{"embeddable":true,"href":"https:\/\/www.bouchons-trescases.fr\/it\/wp-json\/wp\/v2\/comments?post=1789"}],"version-history":[{"count":2,"href":"https:\/\/www.bouchons-trescases.fr\/it\/wp-json\/wp\/v2\/pages\/1789\/revisions"}],"predecessor-version":[{"id":1792,"href":"https:\/\/www.bouchons-trescases.fr\/it\/wp-json\/wp\/v2\/pages\/1789\/revisions\/1792"}],"wp:featuredmedia":[{"embeddable":true,"href":"https:\/\/www.bouchons-trescases.fr\/it\/wp-json\/wp\/v2\/media\/1790"}],"wp:attachment":[{"href":"https:\/\/www.bouchons-trescases.fr\/it\/wp-json\/wp\/v2\/media?parent=1789"}],"curies":[{"name":"wp","href":"https:\/\/api.w.org\/{rel}","templated":true}]}}