{"id":1785,"date":"2024-02-12T10:16:13","date_gmt":"2024-02-12T09:16:13","guid":{"rendered":"https:\/\/webbusiness.eolas.fr\/bouchons-trescases\/il-processo-di-produzione\/"},"modified":"2024-06-17T11:44:32","modified_gmt":"2024-06-17T09:44:32","slug":"il-processo-di-produzione","status":"publish","type":"page","link":"https:\/\/www.bouchons-trescases.fr\/it\/il-processo-di-produzione\/","title":{"rendered":"Il processo di produzione"},"content":{"rendered":"\n<div class=\"wp-block-columns dernier-bloc-acceuil has-custom-1-background-color has-background is-layout-flex wp-container-core-columns-is-layout-42663ce1 wp-block-columns-is-layout-flex\" style=\"padding-top:var(--wp--preset--spacing--70);padding-right:var(--wp--preset--spacing--70);padding-bottom:var(--wp--preset--spacing--70);padding-left:var(--wp--preset--spacing--70)\">\n<div class=\"wp-block-column is-layout-flow wp-block-column-is-layout-flow\" style=\"padding-right:0;padding-left:0\">\n<p id=\"wp-block-themeisle-blocks-advanced-heading-b44f37da\" class=\"wp-block-themeisle-blocks-advanced-heading wp-block-themeisle-blocks-advanced-heading-b44f37da\">Il nostro processo di produzione si basa su decenni di know-how, tradizione ed esperienza, assicurando che i nostri tappi di sughero soddisfino i pi\u00f9 alti standard di qualit\u00e0. Dalla raccolta della corteccia di quercia da sughero alla sua trasformazione in tappi, facciamo tutto il possibile per garantire ai nostri clienti una qualit\u00e0 eccezionale.&nbsp;<\/p>\n<\/div>\n<\/div>\n\n\n\n<div class=\"wp-block-columns is-layout-flex wp-container-core-columns-is-layout-9d6595d7 wp-block-columns-is-layout-flex\">\n<div class=\"wp-block-column is-layout-flow wp-block-column-is-layout-flow\">\n<div style=\"height:100px\" aria-hidden=\"true\" class=\"wp-block-spacer\"><\/div>\n\n\n\n<h2 class=\"wp-block-heading has-neve-link-color-color has-text-color has-link-color wp-elements-05ec7e222bf58bd72401aeb601c2d2da\"><strong>Dall&#8217;albero alla bottiglia<\/strong> <\/h2>\n\n\n\n<ol class=\"wp-block-list\" start=\"1\">\n<li><strong>Sollevamento o scortecciatura<\/strong> <\/li>\n<\/ol>\n\n\n\n<p>La quercia da sughero \u00e8 un albero unico che si rigenera naturalmente dopo ogni raccolta della sua corteccia.  <br>La scortecciatura (o lievitazione) del sughero \u00e8 un processo manuale, tradizionale e delicato. Sono necessari 18 anni dalla prima emergenza per ottenere una corteccia ideale per la produzione di sughero di altissima qualit\u00e0.  <br>\ud83d\udccd<em> Portogallo<\/em> <\/p>\n\n\n\n<ol class=\"wp-block-list\" start=\"2\">\n<li><strong>Periodo di riposo e asciugatura in loco<\/strong> <\/li>\n<\/ol>\n\n\n\n<p>Dopo lo scorticamento, le tavole di sughero vengono accuratamente impilate e lasciate all&#8217;aria aperta per almeno 6 mesi.  <br>Durante questo periodo, effettuiamo una cernita meticolosa in base all&#8217;aspetto e allo spessore, eliminando le tavole con difetti importanti come macchie gialle, sughero verde o linfa in eccesso, oltre a eventuali segni lasciati da insetti. <br>\ud83d\udccd<em> Portogallo<\/em> <\/p>\n<\/div>\n<\/div>\n\n\n\n<figure class=\"wp-block-image size-large\"><img loading=\"lazy\" decoding=\"async\" width=\"768\" height=\"1024\" src=\"https:\/\/webbusiness.eolas.fr\/bouchons-trescases\/wp-content\/uploads\/sites\/13\/2024\/02\/963c929b-0813-47b8-947b-96334c26378b-768x1024.jpg\" alt=\"\" class=\"wp-image-918\" style=\"aspect-ratio:16\/9;object-fit:cover\" srcset=\"https:\/\/www.bouchons-trescases.fr\/wp-content\/uploads\/sites\/13\/2024\/02\/963c929b-0813-47b8-947b-96334c26378b-768x1024.jpg 768w, https:\/\/www.bouchons-trescases.fr\/wp-content\/uploads\/sites\/13\/2024\/02\/963c929b-0813-47b8-947b-96334c26378b-225x300.jpg 225w, https:\/\/www.bouchons-trescases.fr\/wp-content\/uploads\/sites\/13\/2024\/02\/963c929b-0813-47b8-947b-96334c26378b-9x12.jpg 9w, https:\/\/www.bouchons-trescases.fr\/wp-content\/uploads\/sites\/13\/2024\/02\/963c929b-0813-47b8-947b-96334c26378b.jpg 926w\" sizes=\"auto, (max-width: 768px) 100vw, 768px\" \/><\/figure>\n\n\n\n<div class=\"wp-block-columns is-layout-flex wp-container-core-columns-is-layout-9d6595d7 wp-block-columns-is-layout-flex\">\n<div class=\"wp-block-column is-layout-flow wp-block-column-is-layout-flow\">\n<ol class=\"wp-block-list\" start=\"3\">\n<li><strong>Ebollizione dinamica<\/strong> <\/li>\n<\/ol>\n\n\n\n<p>La bollitura del sughero prevede l&#8217;immersione delle tavole in acqua bollente per un&#8217;ora.  <br>Questa fase disinfetta e pulisce il sughero, estrae le sostanze idrosolubili, ne aumenta lo spessore, ne riduce la densit\u00e0 e, di conseguenza, lo rende pi\u00f9 morbido ed elastico. <br><em>\ud83d\udccd Portogallo<\/em> <\/p>\n\n\n\n<ol class=\"wp-block-list\" start=\"4\">\n<li><strong>Murissage<\/strong> <\/li>\n<\/ol>\n\n\n\n<p>Il sughero viene poi sottoposto a un periodo di stabilizzazione che dura dalle 2 alle 3 settimane.  <br>Questa fase di stagionatura \u00e8 essenziale per garantire che il sughero sia regolare e acquisisca la consistenza ideale necessaria per le successive fasi di lavorazione, che porteranno alla creazione del prodotto finale: il tappo di sughero. <br>\ud83d\udccd<em> Portogallo<\/em> <br> <\/p>\n\n\n\n<p><strong>5.<\/strong> <strong>Tubi<\/strong> <\/p>\n\n\n\n<p>La tubazione \u00e8 un&#8217;operazione eseguita manualmente o semiautomaticamente, durante la quale le strisce di sughero vengono perforate con una tubatrice.  <br>Questa fase consente di modellare i tappi cilindrici in base alle dimensioni specifiche di ciascun cliente. Il materiale in eccesso viene trasformato in granuli di sughero, riducendo al minimo gli scarti.  <br><em>\ud83d\udccd<\/em><em> Portogallo<\/em> <\/p>\n\n\n\n<ol class=\"wp-block-list\" start=\"6\">\n<li><strong>Smistamento iniziale<\/strong> <\/li>\n<\/ol>\n\n\n\n<p>Questa fase consente di suddividere i tappi finiti in classi in base alla loro qualit\u00e0, controllando automaticamente la superficie dei tappi.  <br>I tappi vengono selezionati visivamente per eliminare i tappi con difetti (sughero verde, soffiato, macchie gialle, sughero legnoso, ecc.).  <br><em>\ud83d\udccd<\/em><em> Portogallo<\/em> <\/p>\n\n\n\n<ol class=\"wp-block-list\" start=\"7\">\n<li><strong>Lavaggio<\/strong> <\/li>\n<\/ol>\n\n\n\n<p>I nostri tappi vengono sottoposti a un processo di pulizia e spolveratura. Offriamo diversi metodi di lavaggio, adatti a preservare il colore naturale dei tappi in base alle vostre preferenze.  <br>Il dosaggio e la durata dei lavaggi sono studiati meticolosamente e controllati al computer, per garantire la conservazione delle qualit\u00e0 naturali del sughero. I tappi vengono poi accuratamente essiccati in tamburi riscaldati per stabilizzare e uniformare il loro contenuto finale di umidit\u00e0. <br><em>\ud83d\udccd<\/em><em> Portogallo<\/em> <\/p>\n\n\n\n<ol class=\"wp-block-list\" start=\"8\">\n<li><strong>Controlli<\/strong> <\/li>\n<\/ol>\n\n\n\n<p>Durante l&#8217;intero processo di produzione, eseguiamo controlli rigorosi, tra cui test TCA, misurazioni dell&#8217;umidit\u00e0 e controlli dimensionali, per garantire la qualit\u00e0 costante dei nostri tappi. <br><em>\ud83d\udccd<\/em><em> Portogallo<\/em><em> e Le Boulou<\/em> <\/p>\n\n\n\n<ol class=\"wp-block-list\" start=\"9\">\n<li><strong>Smistamento ottico e manuale<\/strong> <\/li>\n<\/ol>\n\n\n\n<p>La cernita di finitura viene effettuata con selezionatori all&#8217;avanguardia dotati di tre telecamere per una selezione elettronica precisa. Il nostro team tecnico interviene poi per perfezionare la selezione manualmente. <br>\ud83d\udccd <em>Le Boulou<\/em> <\/p>\n<\/div>\n<\/div>\n\n\n\n<figure class=\"wp-block-image size-large\"><img loading=\"lazy\" decoding=\"async\" width=\"1024\" height=\"685\" src=\"https:\/\/webbusiness.eolas.fr\/bouchons-trescases\/wp-content\/uploads\/sites\/13\/2024\/06\/bouchons_machine-1024x685.jpg\" alt=\"\" class=\"wp-image-2091\" style=\"aspect-ratio:16\/9;object-fit:cover\" srcset=\"https:\/\/www.bouchons-trescases.fr\/wp-content\/uploads\/sites\/13\/2024\/06\/bouchons_machine-1024x685.jpg 1024w, https:\/\/www.bouchons-trescases.fr\/wp-content\/uploads\/sites\/13\/2024\/06\/bouchons_machine-300x201.jpg 300w, https:\/\/www.bouchons-trescases.fr\/wp-content\/uploads\/sites\/13\/2024\/06\/bouchons_machine-768x514.jpg 768w, https:\/\/www.bouchons-trescases.fr\/wp-content\/uploads\/sites\/13\/2024\/06\/bouchons_machine.jpg 1200w\" sizes=\"auto, (max-width: 1024px) 100vw, 1024px\" \/><\/figure>\n\n\n\n<div style=\"height:50px\" aria-hidden=\"true\" class=\"wp-block-spacer\"><\/div>\n\n\n\n<ol class=\"wp-block-list\" start=\"10\">\n<li><strong>Marcatura<\/strong> <\/li>\n<\/ol>\n\n\n\n<p>Poich\u00e9 un vino di qualit\u00e0 deve essere marcato fino al tappo, Trescases ha sviluppato una gamma di soluzioni tradizionali di marcatura manuale, oltre ai pi\u00f9 recenti processi automatizzati. La marcatura viene effettuata con il fuoco, l&#8217;inchiostro (alimenti) o il laser.  <\/p>\n\n\n\n<p><em>Ogni vino \u00e8 unico, ed \u00e8 per questo che offriamo un branding unico per soddisfare ogni vostra esigenza.  <\/em> <br>\ud83d\udccd <em>Le Boulou<\/em> <\/p>\n\n\n\n<figure class=\"wp-block-image size-large\"><img loading=\"lazy\" decoding=\"async\" width=\"1024\" height=\"682\" src=\"https:\/\/webbusiness.eolas.fr\/bouchons-trescases\/wp-content\/uploads\/sites\/13\/2024\/02\/TRESCASES-145176-1024x682.jpg\" alt=\"\" class=\"wp-image-851\" style=\"aspect-ratio:16\/9;object-fit:cover\" srcset=\"https:\/\/www.bouchons-trescases.fr\/wp-content\/uploads\/sites\/13\/2024\/02\/TRESCASES-145176-1024x682.jpg 1024w, https:\/\/www.bouchons-trescases.fr\/wp-content\/uploads\/sites\/13\/2024\/02\/TRESCASES-145176-300x200.jpg 300w, https:\/\/www.bouchons-trescases.fr\/wp-content\/uploads\/sites\/13\/2024\/02\/TRESCASES-145176-768x512.jpg 768w, https:\/\/www.bouchons-trescases.fr\/wp-content\/uploads\/sites\/13\/2024\/02\/TRESCASES-145176-18x12.jpg 18w, https:\/\/www.bouchons-trescases.fr\/wp-content\/uploads\/sites\/13\/2024\/02\/TRESCASES-145176-930x620.jpg 930w, https:\/\/www.bouchons-trescases.fr\/wp-content\/uploads\/sites\/13\/2024\/02\/TRESCASES-145176.jpg 1300w\" sizes=\"auto, (max-width: 1024px) 100vw, 1024px\" \/><\/figure>\n\n\n\n<div style=\"height:50px\" aria-hidden=\"true\" class=\"wp-block-spacer\"><\/div>\n\n\n\n<ol class=\"wp-block-list\" start=\"11\">\n<li><strong>Trattamento della superficie<\/strong> <\/li>\n<\/ol>\n\n\n\n<p>Lo scopo di questa fase \u00e8 quello di conferire ai nostri tappi un trattamento superficiale specifico che li renda pi\u00f9 impermeabili e pi\u00f9 facili da usare, sia quando vengono inseriti nel collo della bottiglia sia quando vengono rimossi dal consumatore finale. <br>Tradizionalmente utilizziamo un elastomero alimentare composto da paraffina e silicone, che polimerizza a temperatura ambiente in reazione all&#8217;umidit\u00e0 dell&#8217;aria.  <\/p>\n\n\n\n<p>Nella nostra ricerca del meglio per il vino, abbiamo anche sviluppato un trattamento naturale al 100% composto da un&#8217;emulsione di cera d&#8217;api e un&#8217;emulsione di olio vegetale. Dopo diversi anni di utilizzo da parte di numerosi clienti, questo trattamento si sta dimostrando molto efficace, sia dal punto di vista organolettico sia per quanto riguarda lo sviluppo dei vini in bottiglia.  <br>\ud83d\udccd <em>Le Boulou<\/em> <\/p>\n\n\n\n<ol class=\"wp-block-list\" start=\"12\">\n<li><strong>Imballaggio e spedizione<\/strong> <\/li>\n<\/ol>\n\n\n\n<p>I nostri tappi sono accuratamente confezionati in sacchetti da 1.000 unit\u00e0, a garanzia della loro sterilit\u00e0. Aggiungiamo una piccola quantit\u00e0 di anidride solforosa (SO2), un gas che inibisce la crescita microbiologica, per mantenerne la qualit\u00e0.  <br>I tappi di sughero vengono imballati in scatole di cartone, pallet di plastica o pallet europei, a seconda delle vostre esigenze e preferenze logistiche. <br>\ud83d\udccd <em>Le Boulou<\/em> <\/p>\n\n\n\n<p>Questo processo di produzione, che combina <strong>esperienza umana<\/strong> e<strong> tecnologia<\/strong>, garantisce che solo i tappi di sughero della migliore qualit\u00e0 raggiungano i vostri clienti. <\/p>\n\n\n\n<figure class=\"wp-block-image size-large\"><img loading=\"lazy\" decoding=\"async\" width=\"1024\" height=\"682\" src=\"https:\/\/webbusiness.eolas.fr\/bouchons-trescases\/wp-content\/uploads\/sites\/13\/2024\/02\/TRESCASES-145749-emballage-1024x682.jpg\" alt=\"\" class=\"wp-image-856\" style=\"aspect-ratio:16\/9;object-fit:cover\" srcset=\"https:\/\/www.bouchons-trescases.fr\/wp-content\/uploads\/sites\/13\/2024\/02\/TRESCASES-145749-emballage-1024x682.jpg 1024w, https:\/\/www.bouchons-trescases.fr\/wp-content\/uploads\/sites\/13\/2024\/02\/TRESCASES-145749-emballage-300x200.jpg 300w, https:\/\/www.bouchons-trescases.fr\/wp-content\/uploads\/sites\/13\/2024\/02\/TRESCASES-145749-emballage-768x512.jpg 768w, https:\/\/www.bouchons-trescases.fr\/wp-content\/uploads\/sites\/13\/2024\/02\/TRESCASES-145749-emballage-18x12.jpg 18w, https:\/\/www.bouchons-trescases.fr\/wp-content\/uploads\/sites\/13\/2024\/02\/TRESCASES-145749-emballage-930x620.jpg 930w, https:\/\/www.bouchons-trescases.fr\/wp-content\/uploads\/sites\/13\/2024\/02\/TRESCASES-145749-emballage.jpg 1300w\" sizes=\"auto, (max-width: 1024px) 100vw, 1024px\" \/><\/figure>\n\n\n\n<div style=\"height:100px\" aria-hidden=\"true\" class=\"wp-block-spacer\"><\/div>\n","protected":false},"excerpt":{"rendered":"<p>Dall&#8217;albero alla bottiglia La quercia da sughero \u00e8 un albero unico che si rigenera naturalmente dopo ogni raccolta della sua corteccia. La scortecciatura (o lievitazione) del sughero \u00e8 un processo manuale, tradizionale e delicato. Sono necessari 18 anni dalla prima emergenza per ottenere una corteccia ideale per la produzione di sughero di altissima qualit\u00e0. \ud83d\udccd&hellip;&nbsp;<a href=\"https:\/\/www.bouchons-trescases.fr\/it\/il-processo-di-produzione\/\" rel=\"bookmark\">Read More &raquo;<span class=\"screen-reader-text\">Il processo di produzione<\/span><\/a><\/p>\n","protected":false},"author":10,"featured_media":1786,"parent":0,"menu_order":0,"comment_status":"closed","ping_status":"closed","template":"","meta":{"neve_meta_sidebar":"","neve_meta_container":"","neve_meta_enable_content_width":"","neve_meta_content_width":0,"neve_meta_title_alignment":"","neve_meta_author_avatar":"","neve_post_elements_order":"","neve_meta_disable_header":"","neve_meta_disable_footer":"","neve_meta_disable_title":"","neve_meta_reading_time":"","_themeisle_gutenberg_block_has_review":false,"footnotes":""},"class_list":["post-1785","page","type-page","status-publish","has-post-thumbnail","hentry"],"yoast_head":"<!-- This site is optimized with the Yoast SEO plugin v27.4 - https:\/\/yoast.com\/product\/yoast-seo-wordpress\/ -->\n<title>Il processo di produzione - Bouchons Trescases<\/title>\n<meta name=\"robots\" content=\"index, follow, max-snippet:-1, max-image-preview:large, max-video-preview:-1\" \/>\n<link rel=\"canonical\" href=\"https:\/\/www.bouchons-trescases.fr\/it\/il-processo-di-produzione\/\" \/>\n<meta property=\"og:locale\" content=\"it_IT\" \/>\n<meta property=\"og:type\" content=\"article\" \/>\n<meta property=\"og:title\" content=\"Il processo di produzione - Bouchons Trescases\" \/>\n<meta property=\"og:description\" content=\"Dall&#8217;albero alla bottiglia La quercia da sughero \u00e8 un albero unico che si rigenera naturalmente dopo ogni raccolta della sua corteccia. La scortecciatura (o lievitazione) del sughero \u00e8 un processo manuale, tradizionale e delicato. Sono necessari 18 anni dalla prima emergenza per ottenere una corteccia ideale per la produzione di sughero di altissima qualit\u00e0. \ud83d\udccd&hellip;&nbsp;Read More &raquo;Il processo di produzione\" \/>\n<meta property=\"og:url\" content=\"https:\/\/www.bouchons-trescases.fr\/it\/il-processo-di-produzione\/\" \/>\n<meta property=\"og:site_name\" content=\"Bouchons Trescases\" \/>\n<meta property=\"article:publisher\" content=\"https:\/\/www.facebook.com\/bouchonstrescases\/\" \/>\n<meta property=\"article:modified_time\" content=\"2024-06-17T09:44:32+00:00\" \/>\n<meta property=\"og:image\" content=\"https:\/\/www.bouchons-trescases.fr\/wp-content\/uploads\/sites\/13\/2024\/02\/TRESCASES-143602-1024x682.jpg\" \/>\n\t<meta property=\"og:image:width\" content=\"1024\" \/>\n\t<meta property=\"og:image:height\" content=\"682\" \/>\n\t<meta property=\"og:image:type\" content=\"image\/jpeg\" \/>\n<meta name=\"twitter:card\" content=\"summary_large_image\" \/>\n<meta name=\"twitter:label1\" content=\"Tempo di lettura stimato\" \/>\n\t<meta name=\"twitter:data1\" content=\"4 minuti\" \/>\n<script type=\"application\/ld+json\" class=\"yoast-schema-graph\">{\"@context\":\"https:\\\/\\\/schema.org\",\"@graph\":[{\"@type\":\"WebPage\",\"@id\":\"https:\\\/\\\/www.bouchons-trescases.fr\\\/it\\\/il-processo-di-produzione\\\/\",\"url\":\"https:\\\/\\\/www.bouchons-trescases.fr\\\/it\\\/il-processo-di-produzione\\\/\",\"name\":\"Il processo di produzione - Bouchons Trescases\",\"isPartOf\":{\"@id\":\"https:\\\/\\\/www.bouchons-trescases.fr\\\/#website\"},\"primaryImageOfPage\":{\"@id\":\"https:\\\/\\\/www.bouchons-trescases.fr\\\/it\\\/il-processo-di-produzione\\\/#primaryimage\"},\"image\":{\"@id\":\"https:\\\/\\\/www.bouchons-trescases.fr\\\/it\\\/il-processo-di-produzione\\\/#primaryimage\"},\"thumbnailUrl\":\"https:\\\/\\\/www.bouchons-trescases.fr\\\/wp-content\\\/uploads\\\/sites\\\/13\\\/2024\\\/02\\\/TRESCASES-143602.jpg\",\"datePublished\":\"2024-02-12T09:16:13+00:00\",\"dateModified\":\"2024-06-17T09:44:32+00:00\",\"breadcrumb\":{\"@id\":\"https:\\\/\\\/www.bouchons-trescases.fr\\\/it\\\/il-processo-di-produzione\\\/#breadcrumb\"},\"inLanguage\":\"it-IT\",\"potentialAction\":[{\"@type\":\"ReadAction\",\"target\":[\"https:\\\/\\\/www.bouchons-trescases.fr\\\/it\\\/il-processo-di-produzione\\\/\"]}]},{\"@type\":\"ImageObject\",\"inLanguage\":\"it-IT\",\"@id\":\"https:\\\/\\\/www.bouchons-trescases.fr\\\/it\\\/il-processo-di-produzione\\\/#primaryimage\",\"url\":\"https:\\\/\\\/www.bouchons-trescases.fr\\\/wp-content\\\/uploads\\\/sites\\\/13\\\/2024\\\/02\\\/TRESCASES-143602.jpg\",\"contentUrl\":\"https:\\\/\\\/www.bouchons-trescases.fr\\\/wp-content\\\/uploads\\\/sites\\\/13\\\/2024\\\/02\\\/TRESCASES-143602.jpg\",\"width\":1300,\"height\":866},{\"@type\":\"BreadcrumbList\",\"@id\":\"https:\\\/\\\/www.bouchons-trescases.fr\\\/it\\\/il-processo-di-produzione\\\/#breadcrumb\",\"itemListElement\":[{\"@type\":\"ListItem\",\"position\":1,\"name\":\"Accueil\",\"item\":\"https:\\\/\\\/www.bouchons-trescases.fr\\\/it\\\/\"},{\"@type\":\"ListItem\",\"position\":2,\"name\":\"Il processo di produzione\"}]},{\"@type\":\"WebSite\",\"@id\":\"https:\\\/\\\/www.bouchons-trescases.fr\\\/#website\",\"url\":\"https:\\\/\\\/www.bouchons-trescases.fr\\\/\",\"name\":\"Bouchons Trescases\",\"description\":\"\",\"publisher\":{\"@id\":\"https:\\\/\\\/www.bouchons-trescases.fr\\\/#organization\"},\"potentialAction\":[{\"@type\":\"SearchAction\",\"target\":{\"@type\":\"EntryPoint\",\"urlTemplate\":\"https:\\\/\\\/www.bouchons-trescases.fr\\\/?s={search_term_string}\"},\"query-input\":{\"@type\":\"PropertyValueSpecification\",\"valueRequired\":true,\"valueName\":\"search_term_string\"}}],\"inLanguage\":\"it-IT\"},{\"@type\":\"Organization\",\"@id\":\"https:\\\/\\\/www.bouchons-trescases.fr\\\/#organization\",\"name\":\"Bouchons Trescases\",\"url\":\"https:\\\/\\\/www.bouchons-trescases.fr\\\/\",\"logo\":{\"@type\":\"ImageObject\",\"inLanguage\":\"it-IT\",\"@id\":\"https:\\\/\\\/www.bouchons-trescases.fr\\\/#\\\/schema\\\/logo\\\/image\\\/\",\"url\":\"https:\\\/\\\/www.bouchons-trescases.fr\\\/wp-content\\\/uploads\\\/sites\\\/13\\\/2023\\\/11\\\/Logotype-Brun.png\",\"contentUrl\":\"https:\\\/\\\/www.bouchons-trescases.fr\\\/wp-content\\\/uploads\\\/sites\\\/13\\\/2023\\\/11\\\/Logotype-Brun.png\",\"width\":175,\"height\":115,\"caption\":\"Bouchons Trescases\"},\"image\":{\"@id\":\"https:\\\/\\\/www.bouchons-trescases.fr\\\/#\\\/schema\\\/logo\\\/image\\\/\"},\"sameAs\":[\"https:\\\/\\\/www.facebook.com\\\/bouchonstrescases\\\/\",\"https:\\\/\\\/www.instagram.com\\\/bouchons.trescases\\\/\"]}]}<\/script>\n<!-- \/ Yoast SEO plugin. -->","yoast_head_json":{"title":"Il processo di produzione - Bouchons Trescases","robots":{"index":"index","follow":"follow","max-snippet":"max-snippet:-1","max-image-preview":"max-image-preview:large","max-video-preview":"max-video-preview:-1"},"canonical":"https:\/\/www.bouchons-trescases.fr\/it\/il-processo-di-produzione\/","og_locale":"it_IT","og_type":"article","og_title":"Il processo di produzione - Bouchons Trescases","og_description":"Dall&#8217;albero alla bottiglia La quercia da sughero \u00e8 un albero unico che si rigenera naturalmente dopo ogni raccolta della sua corteccia. La scortecciatura (o lievitazione) del sughero \u00e8 un processo manuale, tradizionale e delicato. Sono necessari 18 anni dalla prima emergenza per ottenere una corteccia ideale per la produzione di sughero di altissima qualit\u00e0. \ud83d\udccd&hellip;&nbsp;Read More &raquo;Il processo di produzione","og_url":"https:\/\/www.bouchons-trescases.fr\/it\/il-processo-di-produzione\/","og_site_name":"Bouchons Trescases","article_publisher":"https:\/\/www.facebook.com\/bouchonstrescases\/","article_modified_time":"2024-06-17T09:44:32+00:00","og_image":[{"width":1024,"height":682,"url":"https:\/\/www.bouchons-trescases.fr\/wp-content\/uploads\/sites\/13\/2024\/02\/TRESCASES-143602-1024x682.jpg","type":"image\/jpeg"}],"twitter_card":"summary_large_image","twitter_misc":{"Tempo di lettura stimato":"4 minuti"},"schema":{"@context":"https:\/\/schema.org","@graph":[{"@type":"WebPage","@id":"https:\/\/www.bouchons-trescases.fr\/it\/il-processo-di-produzione\/","url":"https:\/\/www.bouchons-trescases.fr\/it\/il-processo-di-produzione\/","name":"Il processo di produzione - Bouchons Trescases","isPartOf":{"@id":"https:\/\/www.bouchons-trescases.fr\/#website"},"primaryImageOfPage":{"@id":"https:\/\/www.bouchons-trescases.fr\/it\/il-processo-di-produzione\/#primaryimage"},"image":{"@id":"https:\/\/www.bouchons-trescases.fr\/it\/il-processo-di-produzione\/#primaryimage"},"thumbnailUrl":"https:\/\/www.bouchons-trescases.fr\/wp-content\/uploads\/sites\/13\/2024\/02\/TRESCASES-143602.jpg","datePublished":"2024-02-12T09:16:13+00:00","dateModified":"2024-06-17T09:44:32+00:00","breadcrumb":{"@id":"https:\/\/www.bouchons-trescases.fr\/it\/il-processo-di-produzione\/#breadcrumb"},"inLanguage":"it-IT","potentialAction":[{"@type":"ReadAction","target":["https:\/\/www.bouchons-trescases.fr\/it\/il-processo-di-produzione\/"]}]},{"@type":"ImageObject","inLanguage":"it-IT","@id":"https:\/\/www.bouchons-trescases.fr\/it\/il-processo-di-produzione\/#primaryimage","url":"https:\/\/www.bouchons-trescases.fr\/wp-content\/uploads\/sites\/13\/2024\/02\/TRESCASES-143602.jpg","contentUrl":"https:\/\/www.bouchons-trescases.fr\/wp-content\/uploads\/sites\/13\/2024\/02\/TRESCASES-143602.jpg","width":1300,"height":866},{"@type":"BreadcrumbList","@id":"https:\/\/www.bouchons-trescases.fr\/it\/il-processo-di-produzione\/#breadcrumb","itemListElement":[{"@type":"ListItem","position":1,"name":"Accueil","item":"https:\/\/www.bouchons-trescases.fr\/it\/"},{"@type":"ListItem","position":2,"name":"Il processo di produzione"}]},{"@type":"WebSite","@id":"https:\/\/www.bouchons-trescases.fr\/#website","url":"https:\/\/www.bouchons-trescases.fr\/","name":"Bouchons Trescases","description":"","publisher":{"@id":"https:\/\/www.bouchons-trescases.fr\/#organization"},"potentialAction":[{"@type":"SearchAction","target":{"@type":"EntryPoint","urlTemplate":"https:\/\/www.bouchons-trescases.fr\/?s={search_term_string}"},"query-input":{"@type":"PropertyValueSpecification","valueRequired":true,"valueName":"search_term_string"}}],"inLanguage":"it-IT"},{"@type":"Organization","@id":"https:\/\/www.bouchons-trescases.fr\/#organization","name":"Bouchons Trescases","url":"https:\/\/www.bouchons-trescases.fr\/","logo":{"@type":"ImageObject","inLanguage":"it-IT","@id":"https:\/\/www.bouchons-trescases.fr\/#\/schema\/logo\/image\/","url":"https:\/\/www.bouchons-trescases.fr\/wp-content\/uploads\/sites\/13\/2023\/11\/Logotype-Brun.png","contentUrl":"https:\/\/www.bouchons-trescases.fr\/wp-content\/uploads\/sites\/13\/2023\/11\/Logotype-Brun.png","width":175,"height":115,"caption":"Bouchons Trescases"},"image":{"@id":"https:\/\/www.bouchons-trescases.fr\/#\/schema\/logo\/image\/"},"sameAs":["https:\/\/www.facebook.com\/bouchonstrescases\/","https:\/\/www.instagram.com\/bouchons.trescases\/"]}]}},"_links":{"self":[{"href":"https:\/\/www.bouchons-trescases.fr\/it\/wp-json\/wp\/v2\/pages\/1785","targetHints":{"allow":["GET"]}}],"collection":[{"href":"https:\/\/www.bouchons-trescases.fr\/it\/wp-json\/wp\/v2\/pages"}],"about":[{"href":"https:\/\/www.bouchons-trescases.fr\/it\/wp-json\/wp\/v2\/types\/page"}],"author":[{"embeddable":true,"href":"https:\/\/www.bouchons-trescases.fr\/it\/wp-json\/wp\/v2\/users\/10"}],"replies":[{"embeddable":true,"href":"https:\/\/www.bouchons-trescases.fr\/it\/wp-json\/wp\/v2\/comments?post=1785"}],"version-history":[{"count":3,"href":"https:\/\/www.bouchons-trescases.fr\/it\/wp-json\/wp\/v2\/pages\/1785\/revisions"}],"predecessor-version":[{"id":2206,"href":"https:\/\/www.bouchons-trescases.fr\/it\/wp-json\/wp\/v2\/pages\/1785\/revisions\/2206"}],"wp:featuredmedia":[{"embeddable":true,"href":"https:\/\/www.bouchons-trescases.fr\/it\/wp-json\/wp\/v2\/media\/1786"}],"wp:attachment":[{"href":"https:\/\/www.bouchons-trescases.fr\/it\/wp-json\/wp\/v2\/media?parent=1785"}],"curies":[{"name":"wp","href":"https:\/\/api.w.org\/{rel}","templated":true}]}}