{"id":1780,"date":"2024-02-12T10:37:47","date_gmt":"2024-02-12T09:37:47","guid":{"rendered":"https:\/\/webbusiness.eolas.fr\/bouchons-trescases\/eco-responsabilita-e-csr\/"},"modified":"2024-06-12T10:23:15","modified_gmt":"2024-06-12T08:23:15","slug":"eco-responsabilita-e-csr","status":"publish","type":"page","link":"https:\/\/www.bouchons-trescases.fr\/it\/eco-responsabilita-e-csr\/","title":{"rendered":"Eco-responsabilit\u00e0 e CSR"},"content":{"rendered":"\n<div class=\"wp-block-columns is-layout-flex wp-container-core-columns-is-layout-9d6595d7 wp-block-columns-is-layout-flex\">\n<div class=\"wp-block-column is-layout-flow wp-block-column-is-layout-flow\">\n<div style=\"height:50px\" aria-hidden=\"true\" class=\"wp-block-spacer\"><\/div>\n\n\n\n<div class=\"wp-block-columns dernier-bloc-acceuil has-custom-1-background-color has-background is-layout-flex wp-container-core-columns-is-layout-42663ce1 wp-block-columns-is-layout-flex\" style=\"padding-top:var(--wp--preset--spacing--70);padding-right:var(--wp--preset--spacing--70);padding-bottom:var(--wp--preset--spacing--70);padding-left:var(--wp--preset--spacing--70)\">\n<div class=\"wp-block-column is-layout-flow wp-block-column-is-layout-flow\" style=\"padding-right:0;padding-left:0\">\n<h2 class=\"wp-block-heading has-neve-link-color-color has-text-color has-link-color wp-elements-d3496fa001d85ac6be95fc121e191c19\"><strong>Il sughero, <mark style=\"background-color:rgba(0, 0, 0, 0)\" class=\"has-inline-color has-nv-dark-bg-color\">una scelta responsabile<\/mark><\/strong><\/h2>\n\n\n\n<p>Il sughero \u00e8 un prodotto<strong>naturale al 100%, biodegradabile <\/strong>e <strong>riciclabile<\/strong> che contribuisce a preservare il nostro pianeta. <\/p>\n\n\n\n<p>\u00c8 il metodo di chiusura pi\u00f9 ecologico e sostenibile rispetto ai tappi di sughero fabbricati in fabbrica, la cui produzione consuma quattro volte pi\u00f9 energia dei tappi naturali. <\/p>\n\n\n\n<p><strong>Nessuna foresta distrutta<\/strong>  per la sua produzione, poich\u00e9 le querce da sughero non vengono abbattute durante la raccolta. Al contrario, \u00e8 grazie alla produzione di tappi di sughero che le querce da sughero continuano a esistere. \u00c8 sufficiente rimuovere una parte della loro corteccia ogni 9 anni, che si rigenera naturalmente. <br\/> <em>&gt; Scoprite il nostro processo di produzione<\/em> <\/p>\n\n\n\n<p>Quando la corteccia viene rimossa da una quercia da sughero, si dice che viene &#8220;smascherata&#8221;, il che aumenta notevolmente la sua capacit\u00e0 di assorbire CO2.  <strong>Un albero raccolto assorbe da 2,5 a 4 volte pi\u00f9 CO2 di un albero non raccolto<\/strong>, contribuendo in modo significativo alla lotta contro il cambiamento climatico. <\/p>\n\n\n\n<p>Ogni anno, le foreste mediterranee di querce da sughero assorbono 14 milioni di tonnellate di CO2, equivalenti alle emissioni annuali di 1,5 milioni di automobili. <\/p>\n\n\n\n<p>La scelta del sughero \u00e8 quindi pienamente in linea con un approccio responsabile alla salvaguardia del nostro pianeta. <\/p>\n<\/div>\n<\/div>\n<\/div>\n<\/div>\n\n<div style=\"height:100px\" aria-hidden=\"true\" class=\"wp-block-spacer\"><\/div>\n\n<div class=\"wp-block-columns is-layout-flex wp-container-core-columns-is-layout-9d6595d7 wp-block-columns-is-layout-flex\">\n<div class=\"wp-block-column is-layout-flow wp-block-column-is-layout-flow\">\n<h2 class=\"wp-block-heading has-neve-link-color-color has-text-color has-link-color wp-elements-88376f8ef488524ba9be12ff79d9e364\"><strong>Bouchons Trescases \u00e8 certificato FSC<\/strong><strong>(Forest Stewarship Council)<\/strong>.  <\/h2>\n<\/div>\n<\/div>\n\n<div class=\"wp-block-columns is-layout-flex wp-container-core-columns-is-layout-9d6595d7 wp-block-columns-is-layout-flex\">\n<div class=\"wp-block-column is-layout-flow wp-block-column-is-layout-flow\"><div class=\"wp-block-image\">\n<figure class=\"aligncenter size-medium\"><img loading=\"lazy\" decoding=\"async\" width=\"192\" height=\"300\" src=\"https:\/\/webbusiness.eolas.fr\/bouchons-trescases\/wp-content\/uploads\/sites\/13\/2024\/06\/FSC_C007791_MIX-192x300.jpg\" alt=\"\" class=\"wp-image-2119\" srcset=\"https:\/\/www.bouchons-trescases.fr\/wp-content\/uploads\/sites\/13\/2024\/06\/FSC_C007791_MIX-192x300.jpg 192w, https:\/\/www.bouchons-trescases.fr\/wp-content\/uploads\/sites\/13\/2024\/06\/FSC_C007791_MIX-657x1024.jpg 657w, https:\/\/www.bouchons-trescases.fr\/wp-content\/uploads\/sites\/13\/2024\/06\/FSC_C007791_MIX-768x1198.jpg 768w, https:\/\/www.bouchons-trescases.fr\/wp-content\/uploads\/sites\/13\/2024\/06\/FSC_C007791_MIX-985x1536.jpg 985w, https:\/\/www.bouchons-trescases.fr\/wp-content\/uploads\/sites\/13\/2024\/06\/FSC_C007791_MIX-1313x2048.jpg 1313w, https:\/\/www.bouchons-trescases.fr\/wp-content\/uploads\/sites\/13\/2024\/06\/FSC_C007791_MIX-scaled.jpg 1642w\" sizes=\"auto, (max-width: 192px) 100vw, 192px\" \/><\/figure>\n<\/div>\n\n\n<div style=\"height:50px\" aria-hidden=\"true\" class=\"wp-block-spacer\"><\/div>\n\n\n\n<p>Dal 2009 i nostri tappi di sughero hanno il marchio FSC, a riprova del nostro impegno per la tutela dell&#8217;ambiente e della materia prima che rende unico il vostro vino. <\/p>\n\n\n\n<p>Il marchio FSC \u00e8 stato fondato da una ONG dopo il Vertice della Terra di Rio del 1993. La nostra missione: proteggere i polmoni della terra e promuovere una certificazione esigente, efficace e indipendente.  <\/p>\n\n\n\n<p>I tappi di sughero Trescases provengono da foreste FSC, a garanzia di una produzione rispettosa dell&#8217;ambiente e dell&#8217;uomo. <\/p>\n<\/div>\n<\/div>\n\n<div class=\"wp-block-columns is-layout-flex wp-container-core-columns-is-layout-9d6595d7 wp-block-columns-is-layout-flex\">\n<div class=\"wp-block-column is-layout-flow wp-block-column-is-layout-flow\">\n<h2 class=\"wp-block-heading has-neve-link-color-color has-text-color has-link-color wp-elements-7d2b4a6bd890445dc0c9bff3ef0dab7d\">Ecco le 10 regole e i principi dell&#8217;FSC:  <\/h2>\n\n\n\n<ol class=\"wp-block-list\" start=\"1\">\n<li><strong>Conformit\u00e0 alla legge<\/strong> <\/li>\n<\/ol>\n\n\n\n<p>La gestione delle foreste deve essere conforme a tutte le leggi e ai trattati internazionali applicabili. <\/p>\n\n\n\n<ol class=\"wp-block-list\" start=\"2\">\n<li><strong>Diritti e condizioni di lavoro dei lavoratori  <\/strong><\/li>\n<\/ol>\n\n\n\n<p>Rispettare le convenzioni fondamentali dell&#8217;<a href=\"https:\/\/www.ilo.org\/global\/lang--fr\/index.htm\" target=\"_blank\" rel=\"noreferrer noopener\">Organizzazione<\/a><a href=\"https:\/\/www.ilo.org\/global\/lang--fr\/index.htm\" target=\"_blank\" rel=\"noreferrer noopener\">Internazionale del Lavoro<\/a>(OIL) e preservare o aumentare il benessere sociale ed economico dei lavoratori. <\/p>\n\n\n\n<ol class=\"wp-block-list\" start=\"3\">\n<li><strong>Diritti dei popoli indigeni  <\/strong><\/li>\n<\/ol>\n\n\n\n<p>Sostenere i diritti dei popoli indigeni come definiti nella Dichiarazione delle Nazioni Unite sui diritti dei popoli indigeni (2007) e nella Convenzione ILO 169 (1989). <\/p>\n\n\n\n<ol class=\"wp-block-list\" start=\"4\">\n<li><strong>Relazioni con la comunit\u00e0  <\/strong><\/li>\n<\/ol>\n\n\n\n<p>Mantenere o migliorare il benessere sociale ed economico a lungo termine delle comunit\u00e0 locali. <\/p>\n\n\n\n<ol class=\"wp-block-list\" start=\"5\">\n<li><strong>Benefici generati dalla foresta  <\/strong><\/li>\n<\/ol>\n\n\n\n<p>Incoraggiare l&#8217;uso efficiente dei numerosi prodotti e servizi della foresta per garantire la redditivit\u00e0 economica e un&#8217;ampia gamma di servizi ambientali e sociali. <\/p>\n\n\n\n<ol class=\"wp-block-list\" start=\"6\">\n<li><strong>Valori e impatti ambientali  <\/strong><\/li>\n<\/ol>\n\n\n\n<p>La gestione forestale deve mantenere la diversit\u00e0 biologica e i valori e i servizi ecosistemici associati (risorse idriche, suolo, paesaggio, specie e habitat del patrimonio, ecc.)  <\/p>\n\n\n\n<ol class=\"wp-block-list\" start=\"7\">\n<li><strong>Pianificazione della gestione<\/strong> <\/li>\n<\/ol>\n\n\n\n<p>\u00c8 necessario redigere, attuare e aggiornare un documento di gestione. Gli obiettivi a lungo termine della gestione e i mezzi per raggiungerli devono essere chiaramente indicati. Il documento di gestione deve essere redatto e rivisto in consultazione con le parti interessate. <\/p>\n\n\n\n<ol class=\"wp-block-list\" start=\"8\">\n<li><strong>Monitoraggio e valutazione  <\/strong><\/li>\n<\/ol>\n\n\n\n<p>Il monitoraggio viene effettuato per valutare le pratiche di gestione: qualit\u00e0 e quantit\u00e0 dei prodotti forestali, mantenimento dei valori di conservazione (ambientali o socio-culturali). <\/p>\n\n\n\n<ol class=\"wp-block-list\" start=\"9\">\n<li><strong>Alti valori di conservazione  <\/strong><\/li>\n<\/ol>\n\n\n\n<p>L&#8217;organizzazione certificata deve identificare, valutare, preservare e monitorare gli Alti Valori di Conservazione (HCV) presenti nella sua unit\u00e0 di gestione. Questi HCV possono riguardare specie o habitat del patrimonio, servizi ecosistemici critici, siti culturali, ecc. Per maggiori informazioni sugli HCV, consultare la nostra pagina dedicata. <\/p>\n\n\n\n<ol class=\"wp-block-list\" start=\"10\">\n<li><strong>Attuazione delle attivit\u00e0 di gestione  <\/strong><\/li>\n<\/ol>\n\n\n\n<p>I valori ambientali e sociali della foresta sono protetti quando si raccoglie legname o altri prodotti forestali, quando si eseguono lavori (piantumazione, lotta alle specie invasive, creazione di strade, ecc.) o quando si utilizzano input (fertilizzanti, pesticidi regolamentati). L&#8217;organizzazione certificata non utilizza OGM. <\/p>\n<\/div>\n<\/div>\n\n<div class=\"wp-block-columns is-layout-flex wp-container-core-columns-is-layout-9d6595d7 wp-block-columns-is-layout-flex\">\n<div class=\"wp-block-column is-layout-flow wp-block-column-is-layout-flow\">\n<h2 class=\"wp-block-heading has-neve-link-color-color has-text-color has-link-color wp-elements-e5383cda0a7667f6a1655f067534a107\"><strong>I nostri impegni<\/strong> <\/h2>\n\n\n\n<p><\/p>\n\n\n\n<div class=\"wp-block-columns has-custom-1-background-color has-background is-layout-flex wp-container-core-columns-is-layout-f999aa2d wp-block-columns-is-layout-flex\" style=\"padding-top:var(--wp--preset--spacing--40);padding-right:var(--wp--preset--spacing--40);padding-bottom:var(--wp--preset--spacing--40);padding-left:var(--wp--preset--spacing--40)\">\n<div class=\"wp-block-column is-layout-flow wp-block-column-is-layout-flow\" style=\"flex-basis:100%\">\n<p>Noi di Bouchons Trescases lavoriamo costantemente per ridurre il nostro impatto ambientale. <\/p>\n\n\n\n<p>Nel 2007 la nostra azienda ha effettuato una valutazione <strong>Bilan Carbone<\/strong> per misurare le emissioni generate da ciascuna delle nostre attivit\u00e0. Questa valutazione ci ha permesso di individuare possibili aree di miglioramento per implementare <strong>processi produttivi pi\u00f9 rispettosi dell&#8217;ambiente<\/strong>. Di conseguenza, Bouchons Trescases ha l&#8217;impronta di carbonio pi\u00f9 bassa di qualsiasi altra soluzione di tappatura per vini fermi, grazie al controllo esemplare del processo presso il nostro sito di Le Boulou.  <\/p>\n\n\n\n<p>Le azioni concrete che stiamo intraprendendo ci permettono di ottimizzare costantemente l&#8217;impronta ambientale di tutte le nostre attivit\u00e0:  <\/p>\n<\/div>\n<\/div>\n\n\n\n<ul class=\"wp-block-list\">\n<li><strong>Tutti i rifiuti del nostro impianto vengono differenziati<\/strong>, compresi cartone, plastica, fusti di plastica vuoti e pallet. La nostra azienda sta registrando una riduzione del <strong> 22,<\/strong> 5% dei <strong> rifiuti<\/strong> tra il 2012 e il 2022. <\/li>\n\n\n\n<li>Il nostro obiettivo \u00e8 quello di ridurre il pi\u00f9 possibile il <strong>consumo di acqua<\/strong> durante il ciclo produttivo. <\/li>\n\n\n\n<li>Per la produzione di tappi naturali, l&#8217;azienda non emette composti organici volatili. <\/li>\n\n\n\n<li>Incoraggiamo la <strong>raccolta differenziata<\/strong> negli uffici dei nostri dipendenti. <\/li>\n\n\n\n<li>I nostri <strong>dipendenti<\/strong>sono <strong>consapevoli <\/strong>delle sfide dello sviluppo sostenibile, in particolare per quanto riguarda la raccolta differenziata dei rifiuti. <\/li>\n\n\n\n<li>Dal 2010 installiamo <strong>pannelli solari fotovoltaici<\/strong>. <\/li>\n\n\n\n<li>I <strong>tappi scartati<\/strong> durante il nostro processo di produzione vengono <strong>trasferiti a uno stabilimento<\/strong> per essere utilizzati in altre applicazioni ad alto valore aggiunto, come l&#8217;isolamento.  <\/li>\n\n\n\n<li>Cerchiamo costantemente di ottimizzare il nostro processo produttivo per ridurre il consumo energetico e la <strong>produzione di rifiuti<\/strong>. <\/li>\n<\/ul>\n\n\n\n<p>L&#8217;azienda offre anche tappi di sughero FSC\u00ae come opzione.  <\/p>\n<\/div>\n<\/div>\n\n<div class=\"wp-block-columns is-layout-flex wp-container-core-columns-is-layout-9d6595d7 wp-block-columns-is-layout-flex\">\n<div class=\"wp-block-column is-layout-flow wp-block-column-is-layout-flow\">\n<h2 class=\"wp-block-heading has-neve-link-color-color has-text-color has-link-color wp-elements-b004f326de58f80a59638b88f9db19a8\">Le <strong>nostre ambizioni<\/strong> <\/h2>\n\n\n\n<p>Attualmente stiamo aggiornando la nostra impronta di carbonio, con la fase di raccolta dei dati in fase di completamento. Tra gennaio e febbraio, abbiamo in programma di presentare i risultati ottenuti e il nostro piano d&#8217;azione per il clima per il 2030.  <\/p>\n\n\n\n<p>Fate la <strong>vostra parte per il pianeta <\/strong>,  <br\/><strong>dare una seconda vita ai tappi di sughero <\/strong> <br\/> <br\/>Ci sono numerosi punti di raccolta in tutta la Francia.  <\/p>\n\n\n\n<p>Cliccando su questo link e inserendo la propria citt\u00e0 o codice postale si possono trovare i vari punti di raccolta: <a href=\"https:\/\/recyclage.planeteliege.com\/\">https:\/\/recyclage.planeteliege.com\/<\/a> <\/p>\n<\/div>\n<\/div>\n\n<div style=\"height:100px\" aria-hidden=\"true\" class=\"wp-block-spacer\"><\/div>\n","protected":false},"excerpt":{"rendered":"<p>Il sughero, una scelta responsabile Il sughero \u00e8 un prodottonaturale al 100%, biodegradabile e riciclabile che contribuisce a preservare il nostro pianeta. \u00c8 il metodo di chiusura pi\u00f9 ecologico e sostenibile rispetto ai tappi di sughero fabbricati in fabbrica, la cui produzione consuma quattro volte pi\u00f9 energia dei tappi naturali. Nessuna foresta distrutta per la&hellip;&nbsp;<a href=\"https:\/\/www.bouchons-trescases.fr\/it\/eco-responsabilita-e-csr\/\" rel=\"bookmark\">Read More &raquo;<span class=\"screen-reader-text\">Eco-responsabilit\u00e0 e CSR<\/span><\/a><\/p>\n","protected":false},"author":10,"featured_media":1782,"parent":0,"menu_order":0,"comment_status":"closed","ping_status":"closed","template":"","meta":{"neve_meta_sidebar":"","neve_meta_container":"","neve_meta_enable_content_width":"","neve_meta_content_width":0,"neve_meta_title_alignment":"","neve_meta_author_avatar":"","neve_post_elements_order":"","neve_meta_disable_header":"","neve_meta_disable_footer":"","neve_meta_disable_title":"","neve_meta_reading_time":"","_themeisle_gutenberg_block_has_review":false,"footnotes":""},"class_list":["post-1780","page","type-page","status-publish","has-post-thumbnail","hentry"],"yoast_head":"<!-- This site is optimized with the Yoast SEO plugin v27.5 - https:\/\/yoast.com\/product\/yoast-seo-wordpress\/ -->\n<title>Eco-responsabilit\u00e0 e CSR - Bouchons Trescases<\/title>\n<meta name=\"robots\" content=\"index, follow, max-snippet:-1, max-image-preview:large, max-video-preview:-1\" \/>\n<link rel=\"canonical\" href=\"https:\/\/www.bouchons-trescases.fr\/eco-responsabilite-rse\/\" \/>\n<meta property=\"og:locale\" content=\"it_IT\" \/>\n<meta property=\"og:type\" content=\"article\" \/>\n<meta property=\"og:title\" content=\"Eco-responsabilit\u00e0 e CSR - Bouchons Trescases\" \/>\n<meta property=\"og:description\" content=\"Il sughero, una scelta responsabile Il sughero \u00e8 un prodottonaturale al 100%, biodegradabile e riciclabile che contribuisce a preservare il nostro pianeta. \u00c8 il metodo di chiusura pi\u00f9 ecologico e sostenibile rispetto ai tappi di sughero fabbricati in fabbrica, la cui produzione consuma quattro volte pi\u00f9 energia dei tappi naturali. Nessuna foresta distrutta per la&hellip;&nbsp;Read More &raquo;Eco-responsabilit\u00e0 e CSR\" \/>\n<meta property=\"og:url\" content=\"https:\/\/www.bouchons-trescases.fr\/eco-responsabilite-rse\/\" \/>\n<meta property=\"og:site_name\" content=\"Bouchons Trescases\" \/>\n<meta property=\"article:publisher\" content=\"https:\/\/www.facebook.com\/bouchonstrescases\/\" \/>\n<meta property=\"article:modified_time\" content=\"2024-06-12T08:23:15+00:00\" \/>\n<meta property=\"og:image\" content=\"https:\/\/www.bouchons-trescases.fr\/wp-content\/uploads\/sites\/13\/2024\/02\/bilan-carbone.jpg\" \/>\n\t<meta property=\"og:image:width\" content=\"2121\" \/>\n\t<meta property=\"og:image:height\" content=\"1414\" \/>\n\t<meta property=\"og:image:type\" content=\"image\/jpeg\" \/>\n<meta name=\"twitter:card\" content=\"summary_large_image\" \/>\n<meta name=\"twitter:label1\" content=\"Tempo di lettura stimato\" \/>\n\t<meta name=\"twitter:data1\" content=\"5 minuti\" \/>\n<script type=\"application\/ld+json\" class=\"yoast-schema-graph\">{\"@context\":\"https:\\\/\\\/schema.org\",\"@graph\":[{\"@type\":\"WebPage\",\"@id\":\"https:\\\/\\\/www.bouchons-trescases.fr\\\/eco-responsabilite-rse\\\/\",\"url\":\"https:\\\/\\\/www.bouchons-trescases.fr\\\/eco-responsabilite-rse\\\/\",\"name\":\"Eco-responsabilit\u00e0 e CSR - Bouchons Trescases\",\"isPartOf\":{\"@id\":\"https:\\\/\\\/www.bouchons-trescases.fr\\\/#website\"},\"primaryImageOfPage\":{\"@id\":\"https:\\\/\\\/www.bouchons-trescases.fr\\\/eco-responsabilite-rse\\\/#primaryimage\"},\"image\":{\"@id\":\"https:\\\/\\\/www.bouchons-trescases.fr\\\/eco-responsabilite-rse\\\/#primaryimage\"},\"thumbnailUrl\":\"https:\\\/\\\/www.bouchons-trescases.fr\\\/wp-content\\\/uploads\\\/sites\\\/13\\\/2024\\\/02\\\/bilan-carbone.jpg\",\"datePublished\":\"2024-02-12T09:37:47+00:00\",\"dateModified\":\"2024-06-12T08:23:15+00:00\",\"breadcrumb\":{\"@id\":\"https:\\\/\\\/www.bouchons-trescases.fr\\\/eco-responsabilite-rse\\\/#breadcrumb\"},\"inLanguage\":\"it-IT\",\"potentialAction\":[{\"@type\":\"ReadAction\",\"target\":[\"https:\\\/\\\/www.bouchons-trescases.fr\\\/eco-responsabilite-rse\\\/\"]}]},{\"@type\":\"ImageObject\",\"inLanguage\":\"it-IT\",\"@id\":\"https:\\\/\\\/www.bouchons-trescases.fr\\\/eco-responsabilite-rse\\\/#primaryimage\",\"url\":\"https:\\\/\\\/www.bouchons-trescases.fr\\\/wp-content\\\/uploads\\\/sites\\\/13\\\/2024\\\/02\\\/bilan-carbone.jpg\",\"contentUrl\":\"https:\\\/\\\/www.bouchons-trescases.fr\\\/wp-content\\\/uploads\\\/sites\\\/13\\\/2024\\\/02\\\/bilan-carbone.jpg\",\"width\":2121,\"height\":1414},{\"@type\":\"BreadcrumbList\",\"@id\":\"https:\\\/\\\/www.bouchons-trescases.fr\\\/eco-responsabilite-rse\\\/#breadcrumb\",\"itemListElement\":[{\"@type\":\"ListItem\",\"position\":1,\"name\":\"Accueil\",\"item\":\"https:\\\/\\\/www.bouchons-trescases.fr\\\/it\\\/\"},{\"@type\":\"ListItem\",\"position\":2,\"name\":\"Eco-responsabilit\u00e0 e CSR\"}]},{\"@type\":\"WebSite\",\"@id\":\"https:\\\/\\\/www.bouchons-trescases.fr\\\/#website\",\"url\":\"https:\\\/\\\/www.bouchons-trescases.fr\\\/\",\"name\":\"Bouchons Trescases\",\"description\":\"\",\"publisher\":{\"@id\":\"https:\\\/\\\/www.bouchons-trescases.fr\\\/#organization\"},\"potentialAction\":[{\"@type\":\"SearchAction\",\"target\":{\"@type\":\"EntryPoint\",\"urlTemplate\":\"https:\\\/\\\/www.bouchons-trescases.fr\\\/?s={search_term_string}\"},\"query-input\":{\"@type\":\"PropertyValueSpecification\",\"valueRequired\":true,\"valueName\":\"search_term_string\"}}],\"inLanguage\":\"it-IT\"},{\"@type\":\"Organization\",\"@id\":\"https:\\\/\\\/www.bouchons-trescases.fr\\\/#organization\",\"name\":\"Bouchons Trescases\",\"url\":\"https:\\\/\\\/www.bouchons-trescases.fr\\\/\",\"logo\":{\"@type\":\"ImageObject\",\"inLanguage\":\"it-IT\",\"@id\":\"https:\\\/\\\/www.bouchons-trescases.fr\\\/#\\\/schema\\\/logo\\\/image\\\/\",\"url\":\"https:\\\/\\\/www.bouchons-trescases.fr\\\/wp-content\\\/uploads\\\/sites\\\/13\\\/2023\\\/11\\\/Logotype-Brun.png\",\"contentUrl\":\"https:\\\/\\\/www.bouchons-trescases.fr\\\/wp-content\\\/uploads\\\/sites\\\/13\\\/2023\\\/11\\\/Logotype-Brun.png\",\"width\":175,\"height\":115,\"caption\":\"Bouchons Trescases\"},\"image\":{\"@id\":\"https:\\\/\\\/www.bouchons-trescases.fr\\\/#\\\/schema\\\/logo\\\/image\\\/\"},\"sameAs\":[\"https:\\\/\\\/www.facebook.com\\\/bouchonstrescases\\\/\",\"https:\\\/\\\/www.instagram.com\\\/bouchons.trescases\\\/\"]}]}<\/script>\n<!-- \/ Yoast SEO plugin. -->","yoast_head_json":{"title":"Eco-responsabilit\u00e0 e CSR - Bouchons Trescases","robots":{"index":"index","follow":"follow","max-snippet":"max-snippet:-1","max-image-preview":"max-image-preview:large","max-video-preview":"max-video-preview:-1"},"canonical":"https:\/\/www.bouchons-trescases.fr\/eco-responsabilite-rse\/","og_locale":"it_IT","og_type":"article","og_title":"Eco-responsabilit\u00e0 e CSR - Bouchons Trescases","og_description":"Il sughero, una scelta responsabile Il sughero \u00e8 un prodottonaturale al 100%, biodegradabile e riciclabile che contribuisce a preservare il nostro pianeta. \u00c8 il metodo di chiusura pi\u00f9 ecologico e sostenibile rispetto ai tappi di sughero fabbricati in fabbrica, la cui produzione consuma quattro volte pi\u00f9 energia dei tappi naturali. Nessuna foresta distrutta per la&hellip;&nbsp;Read More &raquo;Eco-responsabilit\u00e0 e CSR","og_url":"https:\/\/www.bouchons-trescases.fr\/eco-responsabilite-rse\/","og_site_name":"Bouchons Trescases","article_publisher":"https:\/\/www.facebook.com\/bouchonstrescases\/","article_modified_time":"2024-06-12T08:23:15+00:00","og_image":[{"width":2121,"height":1414,"url":"https:\/\/www.bouchons-trescases.fr\/wp-content\/uploads\/sites\/13\/2024\/02\/bilan-carbone.jpg","type":"image\/jpeg"}],"twitter_card":"summary_large_image","twitter_misc":{"Tempo di lettura stimato":"5 minuti"},"schema":{"@context":"https:\/\/schema.org","@graph":[{"@type":"WebPage","@id":"https:\/\/www.bouchons-trescases.fr\/eco-responsabilite-rse\/","url":"https:\/\/www.bouchons-trescases.fr\/eco-responsabilite-rse\/","name":"Eco-responsabilit\u00e0 e CSR - Bouchons Trescases","isPartOf":{"@id":"https:\/\/www.bouchons-trescases.fr\/#website"},"primaryImageOfPage":{"@id":"https:\/\/www.bouchons-trescases.fr\/eco-responsabilite-rse\/#primaryimage"},"image":{"@id":"https:\/\/www.bouchons-trescases.fr\/eco-responsabilite-rse\/#primaryimage"},"thumbnailUrl":"https:\/\/www.bouchons-trescases.fr\/wp-content\/uploads\/sites\/13\/2024\/02\/bilan-carbone.jpg","datePublished":"2024-02-12T09:37:47+00:00","dateModified":"2024-06-12T08:23:15+00:00","breadcrumb":{"@id":"https:\/\/www.bouchons-trescases.fr\/eco-responsabilite-rse\/#breadcrumb"},"inLanguage":"it-IT","potentialAction":[{"@type":"ReadAction","target":["https:\/\/www.bouchons-trescases.fr\/eco-responsabilite-rse\/"]}]},{"@type":"ImageObject","inLanguage":"it-IT","@id":"https:\/\/www.bouchons-trescases.fr\/eco-responsabilite-rse\/#primaryimage","url":"https:\/\/www.bouchons-trescases.fr\/wp-content\/uploads\/sites\/13\/2024\/02\/bilan-carbone.jpg","contentUrl":"https:\/\/www.bouchons-trescases.fr\/wp-content\/uploads\/sites\/13\/2024\/02\/bilan-carbone.jpg","width":2121,"height":1414},{"@type":"BreadcrumbList","@id":"https:\/\/www.bouchons-trescases.fr\/eco-responsabilite-rse\/#breadcrumb","itemListElement":[{"@type":"ListItem","position":1,"name":"Accueil","item":"https:\/\/www.bouchons-trescases.fr\/it\/"},{"@type":"ListItem","position":2,"name":"Eco-responsabilit\u00e0 e CSR"}]},{"@type":"WebSite","@id":"https:\/\/www.bouchons-trescases.fr\/#website","url":"https:\/\/www.bouchons-trescases.fr\/","name":"Bouchons Trescases","description":"","publisher":{"@id":"https:\/\/www.bouchons-trescases.fr\/#organization"},"potentialAction":[{"@type":"SearchAction","target":{"@type":"EntryPoint","urlTemplate":"https:\/\/www.bouchons-trescases.fr\/?s={search_term_string}"},"query-input":{"@type":"PropertyValueSpecification","valueRequired":true,"valueName":"search_term_string"}}],"inLanguage":"it-IT"},{"@type":"Organization","@id":"https:\/\/www.bouchons-trescases.fr\/#organization","name":"Bouchons Trescases","url":"https:\/\/www.bouchons-trescases.fr\/","logo":{"@type":"ImageObject","inLanguage":"it-IT","@id":"https:\/\/www.bouchons-trescases.fr\/#\/schema\/logo\/image\/","url":"https:\/\/www.bouchons-trescases.fr\/wp-content\/uploads\/sites\/13\/2023\/11\/Logotype-Brun.png","contentUrl":"https:\/\/www.bouchons-trescases.fr\/wp-content\/uploads\/sites\/13\/2023\/11\/Logotype-Brun.png","width":175,"height":115,"caption":"Bouchons Trescases"},"image":{"@id":"https:\/\/www.bouchons-trescases.fr\/#\/schema\/logo\/image\/"},"sameAs":["https:\/\/www.facebook.com\/bouchonstrescases\/","https:\/\/www.instagram.com\/bouchons.trescases\/"]}]}},"_links":{"self":[{"href":"https:\/\/www.bouchons-trescases.fr\/it\/wp-json\/wp\/v2\/pages\/1780","targetHints":{"allow":["GET"]}}],"collection":[{"href":"https:\/\/www.bouchons-trescases.fr\/it\/wp-json\/wp\/v2\/pages"}],"about":[{"href":"https:\/\/www.bouchons-trescases.fr\/it\/wp-json\/wp\/v2\/types\/page"}],"author":[{"embeddable":true,"href":"https:\/\/www.bouchons-trescases.fr\/it\/wp-json\/wp\/v2\/users\/10"}],"replies":[{"embeddable":true,"href":"https:\/\/www.bouchons-trescases.fr\/it\/wp-json\/wp\/v2\/comments?post=1780"}],"version-history":[{"count":4,"href":"https:\/\/www.bouchons-trescases.fr\/it\/wp-json\/wp\/v2\/pages\/1780\/revisions"}],"predecessor-version":[{"id":2126,"href":"https:\/\/www.bouchons-trescases.fr\/it\/wp-json\/wp\/v2\/pages\/1780\/revisions\/2126"}],"wp:featuredmedia":[{"embeddable":true,"href":"https:\/\/www.bouchons-trescases.fr\/it\/wp-json\/wp\/v2\/media\/1782"}],"wp:attachment":[{"href":"https:\/\/www.bouchons-trescases.fr\/it\/wp-json\/wp\/v2\/media?parent=1780"}],"curies":[{"name":"wp","href":"https:\/\/api.w.org\/{rel}","templated":true}]}}