{"id":1764,"date":"2024-02-12T10:47:39","date_gmt":"2024-02-12T09:47:39","guid":{"rendered":"https:\/\/webbusiness.eolas.fr\/bouchons-trescases\/certificazioni\/"},"modified":"2024-03-18T16:15:24","modified_gmt":"2024-03-18T15:15:24","slug":"certificazioni","status":"publish","type":"page","link":"https:\/\/www.bouchons-trescases.fr\/it\/certificazioni\/","title":{"rendered":"Certificazioni"},"content":{"rendered":"\n<div style=\"height:50px\" aria-hidden=\"true\" class=\"wp-block-spacer\"><\/div>\n\n<h2 class=\"wp-block-heading has-neve-link-color-color has-text-color has-link-color wp-elements-a3326328cf9b6e3f4f29d592337cc7c0\"><strong>Societ\u00e0 del patrimonio vivente (EPV<\/strong>)  <\/h2>\n\n<p>Dal 2015 la nostra azienda ha ottenuto il prestigioso marchio EPV.<strong> <\/strong>(societ\u00e0 del patrimonio vivente). Siamo l&#8217;unico produttore di sughero ad essere stato insignito di questo premio statale, che riconosce l&#8217;eccellenza dell&#8217;artigianato e del know-how industriale delle aziende francesi.<\/p>\n\n<figure class=\"wp-block-image size-large is-resized\"><img loading=\"lazy\" decoding=\"async\" width=\"1022\" height=\"1024\" src=\"https:\/\/webbusiness.eolas.fr\/bouchons-trescases\/wp-content\/uploads\/sites\/13\/2024\/02\/dd9b3f4e-36ea-4138-ba6e-a91c7ded04f9-1022x1024.jpg\" alt=\"\" class=\"wp-image-957\" style=\"aspect-ratio:1;object-fit:cover;width:240px;height:auto\" srcset=\"https:\/\/www.bouchons-trescases.fr\/wp-content\/uploads\/sites\/13\/2024\/02\/dd9b3f4e-36ea-4138-ba6e-a91c7ded04f9-1022x1024.jpg 1022w, https:\/\/www.bouchons-trescases.fr\/wp-content\/uploads\/sites\/13\/2024\/02\/dd9b3f4e-36ea-4138-ba6e-a91c7ded04f9-300x300.jpg 300w, https:\/\/www.bouchons-trescases.fr\/wp-content\/uploads\/sites\/13\/2024\/02\/dd9b3f4e-36ea-4138-ba6e-a91c7ded04f9-150x150.jpg 150w, https:\/\/www.bouchons-trescases.fr\/wp-content\/uploads\/sites\/13\/2024\/02\/dd9b3f4e-36ea-4138-ba6e-a91c7ded04f9-768x770.jpg 768w, https:\/\/www.bouchons-trescases.fr\/wp-content\/uploads\/sites\/13\/2024\/02\/dd9b3f4e-36ea-4138-ba6e-a91c7ded04f9-12x12.jpg 12w, https:\/\/www.bouchons-trescases.fr\/wp-content\/uploads\/sites\/13\/2024\/02\/dd9b3f4e-36ea-4138-ba6e-a91c7ded04f9-650x650.jpg 650w, https:\/\/www.bouchons-trescases.fr\/wp-content\/uploads\/sites\/13\/2024\/02\/dd9b3f4e-36ea-4138-ba6e-a91c7ded04f9.jpg 1280w\" sizes=\"auto, (max-width: 1022px) 100vw, 1022px\" \/><\/figure>\n\n<div style=\"height:100px\" aria-hidden=\"true\" class=\"wp-block-spacer\"><\/div>\n\n<h2 class=\"wp-block-heading has-neve-link-color-color has-text-color has-link-color wp-elements-db87d86c144577e484a5307a659a554a\"><strong>FSC <\/strong><\/h2>\n\n<p>Dal 2009 offriamo ai nostri clienti la possibilit\u00e0 di ordinare tappi di sughero Bouchons Trescases certificati dal Forest Stewardship Council (FSC). <br\/> <\/p>\n\n<p>La certificazione FSC attesta che il sughero utilizzato proviene da foreste certificate e che Bouchons Trescases si impegna a seguire pratiche sostenibili, ecologiche e socialmente responsabili lungo tutta la sua catena di produzione. Le foreste sono sottoposte a controlli indipendenti per garantire la conformit\u00e0 ai Principi e Criteri di Gestione Forestale FSC. <\/p>\n\n<div style=\"height:100px\" aria-hidden=\"true\" class=\"wp-block-spacer\"><\/div>\n\n<h2 class=\"wp-block-heading has-neve-link-color-color has-text-color has-link-color wp-elements-a31f99b8d7e612cfad53da8e45dd1027\"><strong>SYSTECODE <\/strong> <strong>PREMIO ED ECCELLENZA<\/strong> <\/h2>\n\n<p>Bouchons Trescases \u00e8 certificata SYSTECODE PREMIUM dal 2012 e nel 2016 ha ottenuto la certificazione <strong>SYSTECODE PREMIUM<\/strong> e <strong>EXCELLENCE <\/strong>.   <\/p>\n\n<p>Questa \u00e8 la prova della nostra padronanza della sicurezza sanitaria, nonch\u00e9 della nostra conformit\u00e0 alle norme ISO per una tracciabilit\u00e0 impeccabile e della nostra conformit\u00e0 al codice internazionale delle pratiche del sughero.  <\/p>\n\n<div class=\"wp-block-columns is-layout-flex wp-container-core-columns-is-layout-9d6595d7 wp-block-columns-is-layout-flex\">\n<div class=\"wp-block-column is-layout-flow wp-block-column-is-layout-flow\">\n<figure class=\"wp-block-image size-full is-resized\"><img loading=\"lazy\" decoding=\"async\" width=\"500\" height=\"500\" src=\"https:\/\/webbusiness.eolas.fr\/bouchons-trescases\/wp-content\/uploads\/sites\/13\/2024\/02\/b737a50f-1b05-4fa4-8b40-4b3443b4b694.jpg\" alt=\"\" class=\"wp-image-958\" style=\"width:259px;height:auto\" srcset=\"https:\/\/www.bouchons-trescases.fr\/wp-content\/uploads\/sites\/13\/2024\/02\/b737a50f-1b05-4fa4-8b40-4b3443b4b694.jpg 500w, https:\/\/www.bouchons-trescases.fr\/wp-content\/uploads\/sites\/13\/2024\/02\/b737a50f-1b05-4fa4-8b40-4b3443b4b694-300x300.jpg 300w, https:\/\/www.bouchons-trescases.fr\/wp-content\/uploads\/sites\/13\/2024\/02\/b737a50f-1b05-4fa4-8b40-4b3443b4b694-150x150.jpg 150w, https:\/\/www.bouchons-trescases.fr\/wp-content\/uploads\/sites\/13\/2024\/02\/b737a50f-1b05-4fa4-8b40-4b3443b4b694-12x12.jpg 12w\" sizes=\"auto, (max-width: 500px) 100vw, 500px\" \/><\/figure>\n<\/div>\n\n\n\n<div class=\"wp-block-column is-layout-flow wp-block-column-is-layout-flow\" style=\"padding-top:var(--wp--preset--spacing--20);padding-bottom:var(--wp--preset--spacing--20)\">\n<figure class=\"wp-block-image size-full is-resized\"><img loading=\"lazy\" decoding=\"async\" width=\"219\" height=\"300\" src=\"https:\/\/webbusiness.eolas.fr\/bouchons-trescases\/wp-content\/uploads\/sites\/13\/2024\/02\/d9c46c0b-0a89-4253-84e7-ab6ee5576513.png\" alt=\"\" class=\"wp-image-959\" style=\"width:189px;height:auto\" srcset=\"https:\/\/www.bouchons-trescases.fr\/wp-content\/uploads\/sites\/13\/2024\/02\/d9c46c0b-0a89-4253-84e7-ab6ee5576513.png 219w, https:\/\/www.bouchons-trescases.fr\/wp-content\/uploads\/sites\/13\/2024\/02\/d9c46c0b-0a89-4253-84e7-ab6ee5576513-9x12.png 9w\" sizes=\"auto, (max-width: 219px) 100vw, 219px\" \/><\/figure>\n<\/div>\n<\/div>\n\n<div style=\"height:100px\" aria-hidden=\"true\" class=\"wp-block-spacer\"><\/div>\n\n<h2 class=\"wp-block-heading has-neve-link-color-color has-text-color has-link-color wp-elements-20614afd6c94bfe720d43216b980b630\"><strong>HACCP<\/strong> <\/h2>\n\n<p>Certificazione secondo lo standard CE-Liegi: guida all&#8217;audit del sistema di analisi dei rischi e dei punti critici di controllo (HACCP) nell&#8217;industria del sughero.  <\/p>\n\n<div style=\"height:100px\" aria-hidden=\"true\" class=\"wp-block-spacer\"><\/div>\n","protected":false},"excerpt":{"rendered":"<p>Societ\u00e0 del patrimonio vivente (EPV) Dal 2015 la nostra azienda ha ottenuto il prestigioso marchio EPV. (societ\u00e0 del patrimonio vivente). Siamo l&#8217;unico produttore di sughero ad essere stato insignito di questo premio statale, che riconosce l&#8217;eccellenza dell&#8217;artigianato e del know-how industriale delle aziende francesi. FSC Dal 2009 offriamo ai nostri clienti la possibilit\u00e0 di ordinare&hellip;&nbsp;<a href=\"https:\/\/www.bouchons-trescases.fr\/it\/certificazioni\/\" rel=\"bookmark\">Read More &raquo;<span class=\"screen-reader-text\">Certificazioni<\/span><\/a><\/p>\n","protected":false},"author":10,"featured_media":1770,"parent":0,"menu_order":0,"comment_status":"closed","ping_status":"closed","template":"","meta":{"neve_meta_sidebar":"","neve_meta_container":"","neve_meta_enable_content_width":"","neve_meta_content_width":0,"neve_meta_title_alignment":"","neve_meta_author_avatar":"","neve_post_elements_order":"","neve_meta_disable_header":"","neve_meta_disable_footer":"","neve_meta_disable_title":"","neve_meta_reading_time":"","_themeisle_gutenberg_block_has_review":false,"footnotes":""},"class_list":["post-1764","page","type-page","status-publish","has-post-thumbnail","hentry"],"yoast_head":"<!-- This site is optimized with the Yoast SEO plugin v27.4 - https:\/\/yoast.com\/product\/yoast-seo-wordpress\/ -->\n<title>Certificazioni - Bouchons Trescases<\/title>\n<meta name=\"robots\" content=\"index, follow, max-snippet:-1, max-image-preview:large, max-video-preview:-1\" \/>\n<link rel=\"canonical\" href=\"https:\/\/www.bouchons-trescases.fr\/certifications\/\" \/>\n<meta property=\"og:locale\" content=\"it_IT\" \/>\n<meta property=\"og:type\" content=\"article\" \/>\n<meta property=\"og:title\" content=\"Certificazioni - Bouchons Trescases\" \/>\n<meta property=\"og:description\" content=\"Societ\u00e0 del patrimonio vivente (EPV) Dal 2015 la nostra azienda ha ottenuto il prestigioso marchio EPV. (societ\u00e0 del patrimonio vivente). Siamo l&#8217;unico produttore di sughero ad essere stato insignito di questo premio statale, che riconosce l&#8217;eccellenza dell&#8217;artigianato e del know-how industriale delle aziende francesi. FSC Dal 2009 offriamo ai nostri clienti la possibilit\u00e0 di ordinare&hellip;&nbsp;Read More &raquo;Certificazioni\" \/>\n<meta property=\"og:url\" content=\"https:\/\/www.bouchons-trescases.fr\/certifications\/\" \/>\n<meta property=\"og:site_name\" content=\"Bouchons Trescases\" \/>\n<meta property=\"article:publisher\" content=\"https:\/\/www.facebook.com\/bouchonstrescases\/\" \/>\n<meta property=\"article:modified_time\" content=\"2024-03-18T15:15:24+00:00\" \/>\n<meta property=\"og:image\" content=\"https:\/\/www.bouchons-trescases.fr\/wp-content\/uploads\/sites\/13\/2024\/02\/certifications.jpg\" \/>\n\t<meta property=\"og:image:width\" content=\"2121\" \/>\n\t<meta property=\"og:image:height\" content=\"1414\" \/>\n\t<meta property=\"og:image:type\" content=\"image\/jpeg\" \/>\n<meta name=\"twitter:card\" content=\"summary_large_image\" \/>\n<meta name=\"twitter:label1\" content=\"Tempo di lettura stimato\" \/>\n\t<meta name=\"twitter:data1\" content=\"1 minuto\" \/>\n<script type=\"application\/ld+json\" class=\"yoast-schema-graph\">{\"@context\":\"https:\\\/\\\/schema.org\",\"@graph\":[{\"@type\":\"WebPage\",\"@id\":\"https:\\\/\\\/www.bouchons-trescases.fr\\\/certifications\\\/\",\"url\":\"https:\\\/\\\/www.bouchons-trescases.fr\\\/certifications\\\/\",\"name\":\"Certificazioni - Bouchons Trescases\",\"isPartOf\":{\"@id\":\"https:\\\/\\\/www.bouchons-trescases.fr\\\/#website\"},\"primaryImageOfPage\":{\"@id\":\"https:\\\/\\\/www.bouchons-trescases.fr\\\/certifications\\\/#primaryimage\"},\"image\":{\"@id\":\"https:\\\/\\\/www.bouchons-trescases.fr\\\/certifications\\\/#primaryimage\"},\"thumbnailUrl\":\"https:\\\/\\\/www.bouchons-trescases.fr\\\/wp-content\\\/uploads\\\/sites\\\/13\\\/2024\\\/02\\\/certifications.jpg\",\"datePublished\":\"2024-02-12T09:47:39+00:00\",\"dateModified\":\"2024-03-18T15:15:24+00:00\",\"breadcrumb\":{\"@id\":\"https:\\\/\\\/www.bouchons-trescases.fr\\\/certifications\\\/#breadcrumb\"},\"inLanguage\":\"it-IT\",\"potentialAction\":[{\"@type\":\"ReadAction\",\"target\":[\"https:\\\/\\\/www.bouchons-trescases.fr\\\/certifications\\\/\"]}]},{\"@type\":\"ImageObject\",\"inLanguage\":\"it-IT\",\"@id\":\"https:\\\/\\\/www.bouchons-trescases.fr\\\/certifications\\\/#primaryimage\",\"url\":\"https:\\\/\\\/www.bouchons-trescases.fr\\\/wp-content\\\/uploads\\\/sites\\\/13\\\/2024\\\/02\\\/certifications.jpg\",\"contentUrl\":\"https:\\\/\\\/www.bouchons-trescases.fr\\\/wp-content\\\/uploads\\\/sites\\\/13\\\/2024\\\/02\\\/certifications.jpg\",\"width\":2121,\"height\":1414},{\"@type\":\"BreadcrumbList\",\"@id\":\"https:\\\/\\\/www.bouchons-trescases.fr\\\/certifications\\\/#breadcrumb\",\"itemListElement\":[{\"@type\":\"ListItem\",\"position\":1,\"name\":\"Accueil\",\"item\":\"https:\\\/\\\/www.bouchons-trescases.fr\\\/it\\\/\"},{\"@type\":\"ListItem\",\"position\":2,\"name\":\"Certificazioni\"}]},{\"@type\":\"WebSite\",\"@id\":\"https:\\\/\\\/www.bouchons-trescases.fr\\\/#website\",\"url\":\"https:\\\/\\\/www.bouchons-trescases.fr\\\/\",\"name\":\"Bouchons Trescases\",\"description\":\"\",\"publisher\":{\"@id\":\"https:\\\/\\\/www.bouchons-trescases.fr\\\/#organization\"},\"potentialAction\":[{\"@type\":\"SearchAction\",\"target\":{\"@type\":\"EntryPoint\",\"urlTemplate\":\"https:\\\/\\\/www.bouchons-trescases.fr\\\/?s={search_term_string}\"},\"query-input\":{\"@type\":\"PropertyValueSpecification\",\"valueRequired\":true,\"valueName\":\"search_term_string\"}}],\"inLanguage\":\"it-IT\"},{\"@type\":\"Organization\",\"@id\":\"https:\\\/\\\/www.bouchons-trescases.fr\\\/#organization\",\"name\":\"Bouchons Trescases\",\"url\":\"https:\\\/\\\/www.bouchons-trescases.fr\\\/\",\"logo\":{\"@type\":\"ImageObject\",\"inLanguage\":\"it-IT\",\"@id\":\"https:\\\/\\\/www.bouchons-trescases.fr\\\/#\\\/schema\\\/logo\\\/image\\\/\",\"url\":\"https:\\\/\\\/www.bouchons-trescases.fr\\\/wp-content\\\/uploads\\\/sites\\\/13\\\/2023\\\/11\\\/Logotype-Brun.png\",\"contentUrl\":\"https:\\\/\\\/www.bouchons-trescases.fr\\\/wp-content\\\/uploads\\\/sites\\\/13\\\/2023\\\/11\\\/Logotype-Brun.png\",\"width\":175,\"height\":115,\"caption\":\"Bouchons Trescases\"},\"image\":{\"@id\":\"https:\\\/\\\/www.bouchons-trescases.fr\\\/#\\\/schema\\\/logo\\\/image\\\/\"},\"sameAs\":[\"https:\\\/\\\/www.facebook.com\\\/bouchonstrescases\\\/\",\"https:\\\/\\\/www.instagram.com\\\/bouchons.trescases\\\/\"]}]}<\/script>\n<!-- \/ Yoast SEO plugin. -->","yoast_head_json":{"title":"Certificazioni - Bouchons Trescases","robots":{"index":"index","follow":"follow","max-snippet":"max-snippet:-1","max-image-preview":"max-image-preview:large","max-video-preview":"max-video-preview:-1"},"canonical":"https:\/\/www.bouchons-trescases.fr\/certifications\/","og_locale":"it_IT","og_type":"article","og_title":"Certificazioni - Bouchons Trescases","og_description":"Societ\u00e0 del patrimonio vivente (EPV) Dal 2015 la nostra azienda ha ottenuto il prestigioso marchio EPV. (societ\u00e0 del patrimonio vivente). Siamo l&#8217;unico produttore di sughero ad essere stato insignito di questo premio statale, che riconosce l&#8217;eccellenza dell&#8217;artigianato e del know-how industriale delle aziende francesi. FSC Dal 2009 offriamo ai nostri clienti la possibilit\u00e0 di ordinare&hellip;&nbsp;Read More &raquo;Certificazioni","og_url":"https:\/\/www.bouchons-trescases.fr\/certifications\/","og_site_name":"Bouchons Trescases","article_publisher":"https:\/\/www.facebook.com\/bouchonstrescases\/","article_modified_time":"2024-03-18T15:15:24+00:00","og_image":[{"width":2121,"height":1414,"url":"https:\/\/www.bouchons-trescases.fr\/wp-content\/uploads\/sites\/13\/2024\/02\/certifications.jpg","type":"image\/jpeg"}],"twitter_card":"summary_large_image","twitter_misc":{"Tempo di lettura stimato":"1 minuto"},"schema":{"@context":"https:\/\/schema.org","@graph":[{"@type":"WebPage","@id":"https:\/\/www.bouchons-trescases.fr\/certifications\/","url":"https:\/\/www.bouchons-trescases.fr\/certifications\/","name":"Certificazioni - Bouchons Trescases","isPartOf":{"@id":"https:\/\/www.bouchons-trescases.fr\/#website"},"primaryImageOfPage":{"@id":"https:\/\/www.bouchons-trescases.fr\/certifications\/#primaryimage"},"image":{"@id":"https:\/\/www.bouchons-trescases.fr\/certifications\/#primaryimage"},"thumbnailUrl":"https:\/\/www.bouchons-trescases.fr\/wp-content\/uploads\/sites\/13\/2024\/02\/certifications.jpg","datePublished":"2024-02-12T09:47:39+00:00","dateModified":"2024-03-18T15:15:24+00:00","breadcrumb":{"@id":"https:\/\/www.bouchons-trescases.fr\/certifications\/#breadcrumb"},"inLanguage":"it-IT","potentialAction":[{"@type":"ReadAction","target":["https:\/\/www.bouchons-trescases.fr\/certifications\/"]}]},{"@type":"ImageObject","inLanguage":"it-IT","@id":"https:\/\/www.bouchons-trescases.fr\/certifications\/#primaryimage","url":"https:\/\/www.bouchons-trescases.fr\/wp-content\/uploads\/sites\/13\/2024\/02\/certifications.jpg","contentUrl":"https:\/\/www.bouchons-trescases.fr\/wp-content\/uploads\/sites\/13\/2024\/02\/certifications.jpg","width":2121,"height":1414},{"@type":"BreadcrumbList","@id":"https:\/\/www.bouchons-trescases.fr\/certifications\/#breadcrumb","itemListElement":[{"@type":"ListItem","position":1,"name":"Accueil","item":"https:\/\/www.bouchons-trescases.fr\/it\/"},{"@type":"ListItem","position":2,"name":"Certificazioni"}]},{"@type":"WebSite","@id":"https:\/\/www.bouchons-trescases.fr\/#website","url":"https:\/\/www.bouchons-trescases.fr\/","name":"Bouchons Trescases","description":"","publisher":{"@id":"https:\/\/www.bouchons-trescases.fr\/#organization"},"potentialAction":[{"@type":"SearchAction","target":{"@type":"EntryPoint","urlTemplate":"https:\/\/www.bouchons-trescases.fr\/?s={search_term_string}"},"query-input":{"@type":"PropertyValueSpecification","valueRequired":true,"valueName":"search_term_string"}}],"inLanguage":"it-IT"},{"@type":"Organization","@id":"https:\/\/www.bouchons-trescases.fr\/#organization","name":"Bouchons Trescases","url":"https:\/\/www.bouchons-trescases.fr\/","logo":{"@type":"ImageObject","inLanguage":"it-IT","@id":"https:\/\/www.bouchons-trescases.fr\/#\/schema\/logo\/image\/","url":"https:\/\/www.bouchons-trescases.fr\/wp-content\/uploads\/sites\/13\/2023\/11\/Logotype-Brun.png","contentUrl":"https:\/\/www.bouchons-trescases.fr\/wp-content\/uploads\/sites\/13\/2023\/11\/Logotype-Brun.png","width":175,"height":115,"caption":"Bouchons Trescases"},"image":{"@id":"https:\/\/www.bouchons-trescases.fr\/#\/schema\/logo\/image\/"},"sameAs":["https:\/\/www.facebook.com\/bouchonstrescases\/","https:\/\/www.instagram.com\/bouchons.trescases\/"]}]}},"_links":{"self":[{"href":"https:\/\/www.bouchons-trescases.fr\/it\/wp-json\/wp\/v2\/pages\/1764","targetHints":{"allow":["GET"]}}],"collection":[{"href":"https:\/\/www.bouchons-trescases.fr\/it\/wp-json\/wp\/v2\/pages"}],"about":[{"href":"https:\/\/www.bouchons-trescases.fr\/it\/wp-json\/wp\/v2\/types\/page"}],"author":[{"embeddable":true,"href":"https:\/\/www.bouchons-trescases.fr\/it\/wp-json\/wp\/v2\/users\/10"}],"replies":[{"embeddable":true,"href":"https:\/\/www.bouchons-trescases.fr\/it\/wp-json\/wp\/v2\/comments?post=1764"}],"version-history":[{"count":2,"href":"https:\/\/www.bouchons-trescases.fr\/it\/wp-json\/wp\/v2\/pages\/1764\/revisions"}],"predecessor-version":[{"id":1772,"href":"https:\/\/www.bouchons-trescases.fr\/it\/wp-json\/wp\/v2\/pages\/1764\/revisions\/1772"}],"wp:featuredmedia":[{"embeddable":true,"href":"https:\/\/www.bouchons-trescases.fr\/it\/wp-json\/wp\/v2\/media\/1770"}],"wp:attachment":[{"href":"https:\/\/www.bouchons-trescases.fr\/it\/wp-json\/wp\/v2\/media?parent=1764"}],"curies":[{"name":"wp","href":"https:\/\/api.w.org\/{rel}","templated":true}]}}