{"id":1746,"date":"2024-02-12T10:27:44","date_gmt":"2024-02-12T09:27:44","guid":{"rendered":"https:\/\/webbusiness.eolas.fr\/bouchons-trescases\/qualita-e-garanzie\/"},"modified":"2024-03-18T16:15:22","modified_gmt":"2024-03-18T15:15:22","slug":"qualita-e-garanzie","status":"publish","type":"page","link":"https:\/\/www.bouchons-trescases.fr\/it\/qualita-e-garanzie\/","title":{"rendered":"Qualit\u00e0 e garanzie"},"content":{"rendered":"\n<div class=\"wp-block-columns dernier-bloc-acceuil has-custom-1-background-color has-background is-layout-flex wp-container-core-columns-is-layout-42663ce1 wp-block-columns-is-layout-flex\" style=\"padding-top:var(--wp--preset--spacing--70);padding-right:var(--wp--preset--spacing--70);padding-bottom:var(--wp--preset--spacing--70);padding-left:var(--wp--preset--spacing--70)\">\n<div class=\"wp-block-column is-layout-flow wp-block-column-is-layout-flow\" style=\"padding-right:0;padding-left:0\">\n<h2 class=\"wp-block-heading o-typing-delay-100ms o-typing-faster has-neve-link-color-color has-text-color has-link-color wp-elements-b7ac55c597bf286ba327d0cb0e472279\">Il tappo di sughero <mark style=\"background-color:rgba(0, 0, 0, 0)\" class=\"has-inline-color has-nv-dark-bg-color\">Bouchon Trescases<\/mark>,<\/h2>\n\n\n\n<p>simbolo di qualit\u00e0 e tradizione, \u00e8 l&#8217;ultimo garante della conservazione e del piacere dei vostri vini preferiti. <\/p>\n\n\n\n<p>Uno dei nostri obiettivi \u00e8 quello di evitare il famigerato &#8220;tappo di sughero&#8221; che a volte pu\u00f2 rovinare qualche degustazione. Il tappo di sughero \u00e8 causato dal tricloroanisolo TCA, una molecola sintetizzata dall&#8217;azione delle muffe presenti nel sughero e da composti clorurati, i clorofenoli, provenienti dalla corteccia degli alberi trattati, dall&#8217;aria o dai prodotti clorurati utilizzati nelle cantine. Il TCA \u00e8 responsabile del 70% della contaminazione del sughero e bastano pochi nanogrammi per contaminare una lastra di sughero. <\/p>\n\n\n\n<p>Oggi, grazie a nuovi metodi, controlli di qualit\u00e0 e sistemi di rilevamento del TCA, i vini tappati sono sempre pi\u00f9 rari. <br\/>Noi di Bouchons Trescases abbiamo messo in atto una serie di garanzie:<\/p>\n<\/div>\n<\/div>\n\n<div style=\"height:100px\" aria-hidden=\"true\" class=\"wp-block-spacer\"><\/div>\n\n<div class=\"wp-block-columns is-layout-flex wp-container-core-columns-is-layout-9d6595d7 wp-block-columns-is-layout-flex\">\n<div class=\"wp-block-column is-layout-flow wp-block-column-is-layout-flow\">\n<h2 class=\"wp-block-heading has-neve-link-color-color has-text-color has-link-color wp-elements-cad160c550d34bde348e0015284b3c28\"><strong>VSR<\/strong><\/h2>\n\n\n\n<p>I tappi Trescases utilizzano la tecnologia pi\u00f9 avanzata per combattere il TCA e le deviazioni sensoriali: il trattamento VSR.Questa tecnologia all&#8217;avanguardia elimina il TCA e altri composti volatili dal sughero (150 molecole potenzialmente responsabili di alcune deviazioni) senza alterarne le propriet\u00e0 fisiche e meccaniche intrinseche. <br\/>Questo processo tratta i tappi di sughero da 20.000 (per il 49\/24) in modo naturale, utilizzando solo pressione, temperatura e tempo secondo il metodo del desorbimento termico.  <\/p>\n\n\n\n<h2 class=\"wp-block-heading has-neve-link-color-color has-text-color has-link-color has-large-font-size wp-elements-385c96b56ccf8a0dc5b56b80595c8879\"><strong>CE LIEGE<\/strong> <\/h2>\n\n\n\n<p><strong>Bouchons Trescases \u00e8 affiliato al CE Liegi fin dalla sua creazione nel 1987.  <\/strong> <br\/> <\/p>\n\n\n\n<p>Fondata da Georges Trescases nel 1987, la Confederazione Europea del Sughero (CE.Liegi) rappresenta tutti gli attori dell&#8217;industria europea del sughero, riunendo produttori, fabbricanti e distributori. CE.Liegi riunisce membri provenienti da 6 paesi (Francia, Germania, Regno Unito, Italia, Spagna e Portogallo).  <\/p>\n\n\n\n<p>La missione principale di CE.Li\u00e8ge \u00e8 promuovere l&#8217;industria del sughero e incoraggiare l&#8217;uso di questo materiale dalle propriet\u00e0 eccezionali. L&#8217;obiettivo finale \u00e8 quello di migliorare la ricerca, stabilire standard internazionali e condividere le conoscenze su questo materiale attraverso programmi di ricerca in collaborazione con altri enti e organizzazioni vinicole.<\/p>\n\n\n\n<h2 class=\"wp-block-heading has-neve-link-color-color has-text-color has-link-color has-large-font-size wp-elements-40b083e2c2b13120e28e05d63e238580\"><strong>SYSTECODE<\/strong><\/h2>\n\n\n\n<p><strong>Controllo di qualit\u00e0 in ogni fase della produzione  <\/strong> <\/p>\n\n\n\n<p>Tutti i nostri prodotti sono sottoposti a controlli meticolosi, utilizzando metodi di misurazione e tolleranze precise.  <br\/>Nel 2007 abbiamo implementato le procedure HACCP e SYSTECODE avviate dal CE LIEGE, per controllare la sicurezza sanitaria, oltre a rispettare le norme ISO per una tracciabilit\u00e0 impeccabile.  <br\/>Dal 2011, i tappi TRESCASES sono stati certificati SYSTECODE PREMIUM per la loro conformit\u00e0 al codice internazionale di pratica della tappatura e SYSTECODE EXCELLENCE nel 2016.  <\/p>\n\n\n\n<p>Il certificato Systecode \u00e8 rilasciato da Bureau Veritas.  <\/p>\n<\/div>\n<\/div>\n\n<div class=\"wp-block-columns is-layout-flex wp-container-core-columns-is-layout-9d6595d7 wp-block-columns-is-layout-flex\">\n<div class=\"wp-block-column is-layout-flow wp-block-column-is-layout-flow\"><div class=\"wp-block-image\">\n<figure class=\"aligncenter size-full is-resized\"><img loading=\"lazy\" decoding=\"async\" width=\"219\" height=\"300\" src=\"https:\/\/webbusiness.eolas.fr\/bouchons-trescases\/wp-content\/uploads\/sites\/13\/2024\/02\/d9c46c0b-0a89-4253-84e7-ab6ee5576513.png\" alt=\"\" class=\"wp-image-959\" style=\"width:148px;height:auto\" srcset=\"https:\/\/www.bouchons-trescases.fr\/wp-content\/uploads\/sites\/13\/2024\/02\/d9c46c0b-0a89-4253-84e7-ab6ee5576513.png 219w, https:\/\/www.bouchons-trescases.fr\/wp-content\/uploads\/sites\/13\/2024\/02\/d9c46c0b-0a89-4253-84e7-ab6ee5576513-9x12.png 9w\" sizes=\"auto, (max-width: 219px) 100vw, 219px\" \/><\/figure>\n<\/div><\/div>\n\n\n\n<div class=\"wp-block-column is-layout-flow wp-block-column-is-layout-flow\">\n<figure class=\"wp-block-image size-full is-resized\"><img loading=\"lazy\" decoding=\"async\" width=\"500\" height=\"500\" src=\"https:\/\/webbusiness.eolas.fr\/bouchons-trescases\/wp-content\/uploads\/sites\/13\/2024\/02\/b737a50f-1b05-4fa4-8b40-4b3443b4b694.jpg\" alt=\"\" class=\"wp-image-958\" style=\"width:194px;height:auto\" srcset=\"https:\/\/www.bouchons-trescases.fr\/wp-content\/uploads\/sites\/13\/2024\/02\/b737a50f-1b05-4fa4-8b40-4b3443b4b694.jpg 500w, https:\/\/www.bouchons-trescases.fr\/wp-content\/uploads\/sites\/13\/2024\/02\/b737a50f-1b05-4fa4-8b40-4b3443b4b694-300x300.jpg 300w, https:\/\/www.bouchons-trescases.fr\/wp-content\/uploads\/sites\/13\/2024\/02\/b737a50f-1b05-4fa4-8b40-4b3443b4b694-150x150.jpg 150w, https:\/\/www.bouchons-trescases.fr\/wp-content\/uploads\/sites\/13\/2024\/02\/b737a50f-1b05-4fa4-8b40-4b3443b4b694-12x12.jpg 12w\" sizes=\"auto, (max-width: 500px) 100vw, 500px\" \/><\/figure>\n<\/div>\n\n\n\n<div class=\"wp-block-column is-layout-flow wp-block-column-is-layout-flow\">\n<figure class=\"wp-block-image size-full is-resized\"><img loading=\"lazy\" decoding=\"async\" width=\"767\" height=\"720\" src=\"https:\/\/webbusiness.eolas.fr\/bouchons-trescases\/wp-content\/uploads\/sites\/13\/2024\/02\/pngegg-1.png\" alt=\"\" class=\"wp-image-971\" style=\"width:189px;height:auto\" srcset=\"https:\/\/www.bouchons-trescases.fr\/wp-content\/uploads\/sites\/13\/2024\/02\/pngegg-1.png 767w, https:\/\/www.bouchons-trescases.fr\/wp-content\/uploads\/sites\/13\/2024\/02\/pngegg-1-300x282.png 300w, https:\/\/www.bouchons-trescases.fr\/wp-content\/uploads\/sites\/13\/2024\/02\/pngegg-1-13x12.png 13w\" sizes=\"auto, (max-width: 767px) 100vw, 767px\" \/><\/figure>\n<\/div>\n<\/div>\n\n<h2 class=\"wp-block-heading has-neve-link-color-color has-text-color has-link-color has-large-font-size wp-elements-8c95eadabc425dfd667409b5f99f4fd3\"><strong>SVE<\/strong><\/h2>\n\n<p>Tutti i nostri tappi naturali sono controllati da un sistema di test di pressione per eliminare qualsiasi rischio di perdita dovuto a tarli, fori di formiche o difetti eccessivi sul rotolo.<\/p>\n\n<h2 class=\"wp-block-heading has-neve-link-color-color has-text-color has-link-color has-large-font-size wp-elements-d64da801331ba41f950b7d0f3eb4d7f7\"><strong>VSR\/Natura<\/strong><\/h2>\n\n<p>VSR\/Naturity \u00e8 una tecnica di decontaminazione basata sul principio del desorbimento termico.  <\/p>\n\n<p>L&#8217;NDtech \u00e8 un&#8217;analisi individuale di ciascun sughero mediante gascromatografia.  <\/p>\n\n<h2 class=\"wp-block-heading has-neve-link-color-color has-text-color has-link-color has-large-font-size wp-elements-43fde3cb0f65a1bce1bb3680f2e276b6\"><strong>NDTECH <\/strong><\/h2>\n\n<p><strong>La tecnologia anti-TCA pi\u00f9 innovativa al mondo<\/strong> <\/p>\n\n<p>Ora utilizziamo la soluzione NDTech, una tecnologia di rilevamento rivoluzionaria che \u00e8 la pi\u00f9 accurata e innovativa nel nostro settore. Questa soluzione ci permette di produrre tappi naturali senza tracce rilevabili di tricloroanisolo. Ogni tappo viene testato singolarmente, eliminando cos\u00ec qualsiasi rischio di contaminazione da TCA. <\/p>\n\n<p>Controlla ogni tappo singolarmente, eliminando ogni rischio di contaminazione da tricloroanisolo (TCA). Il livello di precisione \u00e8 incredibile: solo 0,5 nanogrammi per litro! <\/p>\n\n<p>Tutti i nostri tappi sono trattati con questa tecnologia all&#8217;avanguardia, che ci permette di analizzare ogni tappo singolarmente. Se un tappo supera la soglia di 0,5 nanogrammi per litro, viene automaticamente rimosso dalla catena di approvvigionamento. <\/p>\n\n<p>NDTech \u00e8 una tecnologia sviluppata e brevettata da Amorim Cork.<\/p>\n\n<figure class=\"wp-block-image size-large\"><img loading=\"lazy\" decoding=\"async\" width=\"1024\" height=\"405\" src=\"https:\/\/webbusiness.eolas.fr\/bouchons-trescases\/wp-content\/uploads\/sites\/13\/2024\/02\/7901390d-a4eb-4366-8f9c-188a9b39cd7c-1024x405.jpg\" alt=\"\" class=\"wp-image-938\" style=\"aspect-ratio:16\/9;object-fit:cover\" srcset=\"https:\/\/www.bouchons-trescases.fr\/wp-content\/uploads\/sites\/13\/2024\/02\/7901390d-a4eb-4366-8f9c-188a9b39cd7c-1024x405.jpg 1024w, https:\/\/www.bouchons-trescases.fr\/wp-content\/uploads\/sites\/13\/2024\/02\/7901390d-a4eb-4366-8f9c-188a9b39cd7c-300x119.jpg 300w, https:\/\/www.bouchons-trescases.fr\/wp-content\/uploads\/sites\/13\/2024\/02\/7901390d-a4eb-4366-8f9c-188a9b39cd7c-768x304.jpg 768w, https:\/\/www.bouchons-trescases.fr\/wp-content\/uploads\/sites\/13\/2024\/02\/7901390d-a4eb-4366-8f9c-188a9b39cd7c-1536x608.jpg 1536w, https:\/\/www.bouchons-trescases.fr\/wp-content\/uploads\/sites\/13\/2024\/02\/7901390d-a4eb-4366-8f9c-188a9b39cd7c-18x7.jpg 18w, https:\/\/www.bouchons-trescases.fr\/wp-content\/uploads\/sites\/13\/2024\/02\/7901390d-a4eb-4366-8f9c-188a9b39cd7c.jpg 1544w\" sizes=\"auto, (max-width: 1024px) 100vw, 1024px\" \/><\/figure>\n\n<div style=\"height:50px\" aria-hidden=\"true\" class=\"wp-block-spacer\"><\/div>\n\n<h2 class=\"wp-block-heading has-neve-link-color-color has-text-color has-link-color wp-elements-55b2aacb77493fe0d8455bc435ac6440\"><strong>Imballaggio  <\/strong> <\/h2>\n\n<p>I tappi vengono accuratamente confezionati in sacchetti di polietilene chiusi ermeticamente in un&#8217;atmosfera di S02, un gas che inibisce la crescita microbiologica.<\/p>\n\n<h2 class=\"wp-block-heading has-neve-link-color-color has-text-color has-link-color wp-elements-18c8d84cf19c6447b85826dfe2a725bc\"><strong>Spedizione  <\/strong> <\/h2>\n\n<p>I cartoni vengono poi spediti su pallet a perdere da 20.000 a 40.000 tappi per pallet.  <\/p>\n\n<div style=\"height:100px\" aria-hidden=\"true\" class=\"wp-block-spacer\"><\/div>\n","protected":false},"excerpt":{"rendered":"<p>Il tappo di sughero Bouchon Trescases, simbolo di qualit\u00e0 e tradizione, \u00e8 l&#8217;ultimo garante della conservazione e del piacere dei vostri vini preferiti. Uno dei nostri obiettivi \u00e8 quello di evitare il famigerato &#8220;tappo di sughero&#8221; che a volte pu\u00f2 rovinare qualche degustazione. Il tappo di sughero \u00e8 causato dal tricloroanisolo TCA, una molecola sintetizzata&hellip;&nbsp;<a href=\"https:\/\/www.bouchons-trescases.fr\/it\/qualita-e-garanzie\/\" rel=\"bookmark\">Read More &raquo;<span class=\"screen-reader-text\">Qualit\u00e0 e garanzie<\/span><\/a><\/p>\n","protected":false},"author":10,"featured_media":1747,"parent":0,"menu_order":0,"comment_status":"closed","ping_status":"closed","template":"","meta":{"neve_meta_sidebar":"","neve_meta_container":"","neve_meta_enable_content_width":"","neve_meta_content_width":0,"neve_meta_title_alignment":"","neve_meta_author_avatar":"","neve_post_elements_order":"","neve_meta_disable_header":"","neve_meta_disable_footer":"","neve_meta_disable_title":"","neve_meta_reading_time":"","_themeisle_gutenberg_block_has_review":false,"footnotes":""},"class_list":["post-1746","page","type-page","status-publish","has-post-thumbnail","hentry"],"yoast_head":"<!-- This site is optimized with the Yoast SEO plugin v27.3 - https:\/\/yoast.com\/product\/yoast-seo-wordpress\/ -->\n<title>Qualit\u00e0 e garanzie - Bouchons Trescases<\/title>\n<meta name=\"robots\" content=\"index, follow, max-snippet:-1, max-image-preview:large, max-video-preview:-1\" \/>\n<link rel=\"canonical\" href=\"https:\/\/www.bouchons-trescases.fr\/qualite-et-garanties\/\" \/>\n<meta property=\"og:locale\" content=\"it_IT\" \/>\n<meta property=\"og:type\" content=\"article\" \/>\n<meta property=\"og:title\" content=\"Qualit\u00e0 e garanzie - Bouchons Trescases\" \/>\n<meta property=\"og:description\" content=\"Il tappo di sughero Bouchon Trescases, simbolo di qualit\u00e0 e tradizione, \u00e8 l&#8217;ultimo garante della conservazione e del piacere dei vostri vini preferiti. Uno dei nostri obiettivi \u00e8 quello di evitare il famigerato &#8220;tappo di sughero&#8221; che a volte pu\u00f2 rovinare qualche degustazione. Il tappo di sughero \u00e8 causato dal tricloroanisolo TCA, una molecola sintetizzata&hellip;&nbsp;Read More &raquo;Qualit\u00e0 e garanzie\" \/>\n<meta property=\"og:url\" content=\"https:\/\/www.bouchons-trescases.fr\/qualite-et-garanties\/\" \/>\n<meta property=\"og:site_name\" content=\"Bouchons Trescases\" \/>\n<meta property=\"article:publisher\" content=\"https:\/\/www.facebook.com\/bouchonstrescases\/\" \/>\n<meta property=\"article:modified_time\" content=\"2024-03-18T15:15:22+00:00\" \/>\n<meta property=\"og:image\" content=\"https:\/\/www.bouchons-trescases.fr\/wp-content\/uploads\/sites\/13\/2024\/02\/7901390d-a4eb-4366-8f9c-188a9b39cd7c.jpg\" \/>\n\t<meta property=\"og:image:width\" content=\"1544\" \/>\n\t<meta property=\"og:image:height\" content=\"611\" \/>\n\t<meta property=\"og:image:type\" content=\"image\/jpeg\" \/>\n<meta name=\"twitter:card\" content=\"summary_large_image\" \/>\n<meta name=\"twitter:label1\" content=\"Tempo di lettura stimato\" \/>\n\t<meta name=\"twitter:data1\" content=\"3 minuti\" \/>\n<script type=\"application\/ld+json\" class=\"yoast-schema-graph\">{\"@context\":\"https:\\\/\\\/schema.org\",\"@graph\":[{\"@type\":\"WebPage\",\"@id\":\"https:\\\/\\\/www.bouchons-trescases.fr\\\/qualite-et-garanties\\\/\",\"url\":\"https:\\\/\\\/www.bouchons-trescases.fr\\\/qualite-et-garanties\\\/\",\"name\":\"Qualit\u00e0 e garanzie - Bouchons Trescases\",\"isPartOf\":{\"@id\":\"https:\\\/\\\/www.bouchons-trescases.fr\\\/#website\"},\"primaryImageOfPage\":{\"@id\":\"https:\\\/\\\/www.bouchons-trescases.fr\\\/qualite-et-garanties\\\/#primaryimage\"},\"image\":{\"@id\":\"https:\\\/\\\/www.bouchons-trescases.fr\\\/qualite-et-garanties\\\/#primaryimage\"},\"thumbnailUrl\":\"https:\\\/\\\/www.bouchons-trescases.fr\\\/wp-content\\\/uploads\\\/sites\\\/13\\\/2024\\\/02\\\/7901390d-a4eb-4366-8f9c-188a9b39cd7c.jpg\",\"datePublished\":\"2024-02-12T09:27:44+00:00\",\"dateModified\":\"2024-03-18T15:15:22+00:00\",\"breadcrumb\":{\"@id\":\"https:\\\/\\\/www.bouchons-trescases.fr\\\/qualite-et-garanties\\\/#breadcrumb\"},\"inLanguage\":\"it-IT\",\"potentialAction\":[{\"@type\":\"ReadAction\",\"target\":[\"https:\\\/\\\/www.bouchons-trescases.fr\\\/qualite-et-garanties\\\/\"]}]},{\"@type\":\"ImageObject\",\"inLanguage\":\"it-IT\",\"@id\":\"https:\\\/\\\/www.bouchons-trescases.fr\\\/qualite-et-garanties\\\/#primaryimage\",\"url\":\"https:\\\/\\\/www.bouchons-trescases.fr\\\/wp-content\\\/uploads\\\/sites\\\/13\\\/2024\\\/02\\\/7901390d-a4eb-4366-8f9c-188a9b39cd7c.jpg\",\"contentUrl\":\"https:\\\/\\\/www.bouchons-trescases.fr\\\/wp-content\\\/uploads\\\/sites\\\/13\\\/2024\\\/02\\\/7901390d-a4eb-4366-8f9c-188a9b39cd7c.jpg\",\"width\":1544,\"height\":611},{\"@type\":\"BreadcrumbList\",\"@id\":\"https:\\\/\\\/www.bouchons-trescases.fr\\\/qualite-et-garanties\\\/#breadcrumb\",\"itemListElement\":[{\"@type\":\"ListItem\",\"position\":1,\"name\":\"Accueil\",\"item\":\"https:\\\/\\\/www.bouchons-trescases.fr\\\/it\\\/\"},{\"@type\":\"ListItem\",\"position\":2,\"name\":\"Qualit\u00e0 e garanzie\"}]},{\"@type\":\"WebSite\",\"@id\":\"https:\\\/\\\/www.bouchons-trescases.fr\\\/#website\",\"url\":\"https:\\\/\\\/www.bouchons-trescases.fr\\\/\",\"name\":\"Bouchons Trescases\",\"description\":\"\",\"publisher\":{\"@id\":\"https:\\\/\\\/www.bouchons-trescases.fr\\\/#organization\"},\"potentialAction\":[{\"@type\":\"SearchAction\",\"target\":{\"@type\":\"EntryPoint\",\"urlTemplate\":\"https:\\\/\\\/www.bouchons-trescases.fr\\\/?s={search_term_string}\"},\"query-input\":{\"@type\":\"PropertyValueSpecification\",\"valueRequired\":true,\"valueName\":\"search_term_string\"}}],\"inLanguage\":\"it-IT\"},{\"@type\":\"Organization\",\"@id\":\"https:\\\/\\\/www.bouchons-trescases.fr\\\/#organization\",\"name\":\"Bouchons Trescases\",\"url\":\"https:\\\/\\\/www.bouchons-trescases.fr\\\/\",\"logo\":{\"@type\":\"ImageObject\",\"inLanguage\":\"it-IT\",\"@id\":\"https:\\\/\\\/www.bouchons-trescases.fr\\\/#\\\/schema\\\/logo\\\/image\\\/\",\"url\":\"https:\\\/\\\/www.bouchons-trescases.fr\\\/wp-content\\\/uploads\\\/sites\\\/13\\\/2023\\\/11\\\/Logotype-Brun.png\",\"contentUrl\":\"https:\\\/\\\/www.bouchons-trescases.fr\\\/wp-content\\\/uploads\\\/sites\\\/13\\\/2023\\\/11\\\/Logotype-Brun.png\",\"width\":175,\"height\":115,\"caption\":\"Bouchons Trescases\"},\"image\":{\"@id\":\"https:\\\/\\\/www.bouchons-trescases.fr\\\/#\\\/schema\\\/logo\\\/image\\\/\"},\"sameAs\":[\"https:\\\/\\\/www.facebook.com\\\/bouchonstrescases\\\/\",\"https:\\\/\\\/www.instagram.com\\\/bouchons.trescases\\\/\"]}]}<\/script>\n<!-- \/ Yoast SEO plugin. -->","yoast_head_json":{"title":"Qualit\u00e0 e garanzie - Bouchons Trescases","robots":{"index":"index","follow":"follow","max-snippet":"max-snippet:-1","max-image-preview":"max-image-preview:large","max-video-preview":"max-video-preview:-1"},"canonical":"https:\/\/www.bouchons-trescases.fr\/qualite-et-garanties\/","og_locale":"it_IT","og_type":"article","og_title":"Qualit\u00e0 e garanzie - Bouchons Trescases","og_description":"Il tappo di sughero Bouchon Trescases, simbolo di qualit\u00e0 e tradizione, \u00e8 l&#8217;ultimo garante della conservazione e del piacere dei vostri vini preferiti. Uno dei nostri obiettivi \u00e8 quello di evitare il famigerato &#8220;tappo di sughero&#8221; che a volte pu\u00f2 rovinare qualche degustazione. Il tappo di sughero \u00e8 causato dal tricloroanisolo TCA, una molecola sintetizzata&hellip;&nbsp;Read More &raquo;Qualit\u00e0 e garanzie","og_url":"https:\/\/www.bouchons-trescases.fr\/qualite-et-garanties\/","og_site_name":"Bouchons Trescases","article_publisher":"https:\/\/www.facebook.com\/bouchonstrescases\/","article_modified_time":"2024-03-18T15:15:22+00:00","og_image":[{"width":1544,"height":611,"url":"https:\/\/www.bouchons-trescases.fr\/wp-content\/uploads\/sites\/13\/2024\/02\/7901390d-a4eb-4366-8f9c-188a9b39cd7c.jpg","type":"image\/jpeg"}],"twitter_card":"summary_large_image","twitter_misc":{"Tempo di lettura stimato":"3 minuti"},"schema":{"@context":"https:\/\/schema.org","@graph":[{"@type":"WebPage","@id":"https:\/\/www.bouchons-trescases.fr\/qualite-et-garanties\/","url":"https:\/\/www.bouchons-trescases.fr\/qualite-et-garanties\/","name":"Qualit\u00e0 e garanzie - Bouchons Trescases","isPartOf":{"@id":"https:\/\/www.bouchons-trescases.fr\/#website"},"primaryImageOfPage":{"@id":"https:\/\/www.bouchons-trescases.fr\/qualite-et-garanties\/#primaryimage"},"image":{"@id":"https:\/\/www.bouchons-trescases.fr\/qualite-et-garanties\/#primaryimage"},"thumbnailUrl":"https:\/\/www.bouchons-trescases.fr\/wp-content\/uploads\/sites\/13\/2024\/02\/7901390d-a4eb-4366-8f9c-188a9b39cd7c.jpg","datePublished":"2024-02-12T09:27:44+00:00","dateModified":"2024-03-18T15:15:22+00:00","breadcrumb":{"@id":"https:\/\/www.bouchons-trescases.fr\/qualite-et-garanties\/#breadcrumb"},"inLanguage":"it-IT","potentialAction":[{"@type":"ReadAction","target":["https:\/\/www.bouchons-trescases.fr\/qualite-et-garanties\/"]}]},{"@type":"ImageObject","inLanguage":"it-IT","@id":"https:\/\/www.bouchons-trescases.fr\/qualite-et-garanties\/#primaryimage","url":"https:\/\/www.bouchons-trescases.fr\/wp-content\/uploads\/sites\/13\/2024\/02\/7901390d-a4eb-4366-8f9c-188a9b39cd7c.jpg","contentUrl":"https:\/\/www.bouchons-trescases.fr\/wp-content\/uploads\/sites\/13\/2024\/02\/7901390d-a4eb-4366-8f9c-188a9b39cd7c.jpg","width":1544,"height":611},{"@type":"BreadcrumbList","@id":"https:\/\/www.bouchons-trescases.fr\/qualite-et-garanties\/#breadcrumb","itemListElement":[{"@type":"ListItem","position":1,"name":"Accueil","item":"https:\/\/www.bouchons-trescases.fr\/it\/"},{"@type":"ListItem","position":2,"name":"Qualit\u00e0 e garanzie"}]},{"@type":"WebSite","@id":"https:\/\/www.bouchons-trescases.fr\/#website","url":"https:\/\/www.bouchons-trescases.fr\/","name":"Bouchons Trescases","description":"","publisher":{"@id":"https:\/\/www.bouchons-trescases.fr\/#organization"},"potentialAction":[{"@type":"SearchAction","target":{"@type":"EntryPoint","urlTemplate":"https:\/\/www.bouchons-trescases.fr\/?s={search_term_string}"},"query-input":{"@type":"PropertyValueSpecification","valueRequired":true,"valueName":"search_term_string"}}],"inLanguage":"it-IT"},{"@type":"Organization","@id":"https:\/\/www.bouchons-trescases.fr\/#organization","name":"Bouchons Trescases","url":"https:\/\/www.bouchons-trescases.fr\/","logo":{"@type":"ImageObject","inLanguage":"it-IT","@id":"https:\/\/www.bouchons-trescases.fr\/#\/schema\/logo\/image\/","url":"https:\/\/www.bouchons-trescases.fr\/wp-content\/uploads\/sites\/13\/2023\/11\/Logotype-Brun.png","contentUrl":"https:\/\/www.bouchons-trescases.fr\/wp-content\/uploads\/sites\/13\/2023\/11\/Logotype-Brun.png","width":175,"height":115,"caption":"Bouchons Trescases"},"image":{"@id":"https:\/\/www.bouchons-trescases.fr\/#\/schema\/logo\/image\/"},"sameAs":["https:\/\/www.facebook.com\/bouchonstrescases\/","https:\/\/www.instagram.com\/bouchons.trescases\/"]}]}},"_links":{"self":[{"href":"https:\/\/www.bouchons-trescases.fr\/it\/wp-json\/wp\/v2\/pages\/1746","targetHints":{"allow":["GET"]}}],"collection":[{"href":"https:\/\/www.bouchons-trescases.fr\/it\/wp-json\/wp\/v2\/pages"}],"about":[{"href":"https:\/\/www.bouchons-trescases.fr\/it\/wp-json\/wp\/v2\/types\/page"}],"author":[{"embeddable":true,"href":"https:\/\/www.bouchons-trescases.fr\/it\/wp-json\/wp\/v2\/users\/10"}],"replies":[{"embeddable":true,"href":"https:\/\/www.bouchons-trescases.fr\/it\/wp-json\/wp\/v2\/comments?post=1746"}],"version-history":[{"count":2,"href":"https:\/\/www.bouchons-trescases.fr\/it\/wp-json\/wp\/v2\/pages\/1746\/revisions"}],"predecessor-version":[{"id":1750,"href":"https:\/\/www.bouchons-trescases.fr\/it\/wp-json\/wp\/v2\/pages\/1746\/revisions\/1750"}],"wp:featuredmedia":[{"embeddable":true,"href":"https:\/\/www.bouchons-trescases.fr\/it\/wp-json\/wp\/v2\/media\/1747"}],"wp:attachment":[{"href":"https:\/\/www.bouchons-trescases.fr\/it\/wp-json\/wp\/v2\/media?parent=1746"}],"curies":[{"name":"wp","href":"https:\/\/api.w.org\/{rel}","templated":true}]}}