{"id":1736,"date":"2024-02-20T12:06:17","date_gmt":"2024-02-20T11:06:17","guid":{"rendered":"https:\/\/webbusiness.eolas.fr\/bouchons-trescases\/i-team-le-linee-di-business\/"},"modified":"2024-06-17T11:40:16","modified_gmt":"2024-06-17T09:40:16","slug":"i-team-le-linee-di-business","status":"publish","type":"page","link":"https:\/\/www.bouchons-trescases.fr\/it\/i-team-le-linee-di-business\/","title":{"rendered":"Le nostre linee di business"},"content":{"rendered":"\n<div class=\"wp-block-columns dernier-bloc-acceuil has-custom-1-background-color has-background is-layout-flex wp-container-core-columns-is-layout-42663ce1 wp-block-columns-is-layout-flex\" style=\"padding-top:var(--wp--preset--spacing--70);padding-right:var(--wp--preset--spacing--70);padding-bottom:var(--wp--preset--spacing--70);padding-left:var(--wp--preset--spacing--70)\">\n<div class=\"wp-block-column is-layout-flow wp-block-column-is-layout-flow\" style=\"padding-right:0;padding-left:0\">\n<h2 class=\"wp-block-heading\">Professioni di<mark style=\"background-color:rgba(0, 0, 0, 0)\" class=\"has-inline-color has-neve-link-color-color\">competenza ed eccellenza<\/mark><\/h2>\n\n\n\n<p class=\"has-small-font-size\">Bouchons Trescases si distingue per l&#8217;esperienza e il know-how senza pari in tutte le sue attivit\u00e0 specializzate, incentrate sulla produzione e la distribuzione di tappi di sughero. Combinando l&#8217;esperienza tradizionale con la tecnologia moderna, Bouchons Trescases si impegna a offrire prodotti di qualit\u00e0 superiore che soddisfino le esigenze e le aspettative dei clienti pi\u00f9 esigenti.<br\/><\/p>\n<\/div>\n<\/div>\n\n<div style=\"height:100px\" aria-hidden=\"true\" class=\"wp-block-spacer\"><\/div>\n\n<div class=\"wp-block-columns is-layout-flex wp-container-core-columns-is-layout-9d6595d7 wp-block-columns-is-layout-flex\">\n<div class=\"wp-block-column is-layout-flow wp-block-column-is-layout-flow\">\n<h2 class=\"wp-block-heading has-neve-link-color-color has-text-color has-link-color wp-elements-56c7605d9f14a51adf940aa4d633b81d\">Ricevere e prelevare campioni<\/h2>\n\n\n\n<p>Noi di Bouchons Trescases diamo la massima importanza alla qualit\u00e0 delle nostre materie prime, garantendo la soddisfazione dei nostri clienti pi\u00f9 esigenti. Il nostro team dedicato alla compliance svolge un ruolo fondamentale per raggiungere questo obiettivo. La signora supervisiona ogni dettaglio, dal controllo rigoroso delle materie prime all&#8217;etichettatura, passando per il controllo delle quantit\u00e0 e della qualit\u00e0 e gestendo meticolosamente il trasporto e lo stoccaggio in condizioni ottimali. Attribuiamo grande importanza alla pulizia dei nostri camion e all&#8217;integrit\u00e0 degli imballaggi per garantire l&#8217;integrit\u00e0 dei nostri prodotti. Inoltre, la gestione di ben 400 referenze diverse richiede competenze specialistiche e un&#8217;organizzazione impeccabile. Il nostro team <strong>preleva<\/strong> anche <strong>dei campioni<\/strong> per effettuare controlli visivi approfonditi ogni volta che arriva un tappo di sughero, per mantenere i nostri elevati standard di qualit\u00e0 e affidabilit\u00e0.  <\/p>\n<\/div>\n<\/div>\n\n<div class=\"wp-block-columns is-layout-flex wp-container-core-columns-is-layout-9d6595d7 wp-block-columns-is-layout-flex\">\n<div class=\"wp-block-column is-layout-flow wp-block-column-is-layout-flow\">\n<h2 class=\"wp-block-heading has-neve-link-color-color has-text-color has-link-color wp-elements-1b2e3b10ae0dd52bc8d825a26c2e5209\">Smistamento elettronico<\/h2>\n\n\n\n<p>Abbiamo messo in piedi un&#8217;operazione innovativa e precisa per garantire l&#8217;eccezionale qualit\u00e0 dei nostri tappi. Grazie a <strong>macchine<\/strong> di <strong>selezione ottica<\/strong> all&#8217;avanguardia, siamo in grado di classificare ed eliminare in modo efficiente i difetti visivi e tecnici. Ogni sughero viene valutato meticolosamente in base a rigorosi criteri tecnici come la densit\u00e0, la natura del sughero, le lenticelle e vari difetti potenziali come i fori di vermi o formiche, il sughero verde, la dimensione e la profondit\u00e0 delle fessure e le venature secche. I nostri operatori addetti allo smistamento supervisionano attentamente il processo per garantire che ogni tappo di sughero venga smistato in base ai requisiti specifici del cliente e agli standard di qualit\u00e0 stabiliti. Il nostro obiettivo finale \u00e8 quello di fornire selezioni omogenee, eliminando i difetti visivi pi\u00f9 significativi. Lo smistamento elettronico viene effettuato ordine per ordine, seguendo precise istruzioni di smistamento, garantendo una qualit\u00e0 costante e la massima soddisfazione del cliente.<\/p>\n<\/div>\n<\/div>\n\n<h2 class=\"wp-block-heading has-neve-link-color-color has-text-color has-link-color wp-elements-566c5e5357d49d5ad45026d51603a5ca\">Smistamento manuale<\/h2>\n\n<p>Noi di Bouchons Trescases diamo particolare importanza alla selezione manuale dei tappi, una fase cruciale per garantire la perfezione visiva dei nostri prodotti. I nostri selezionatori manuali hanno un&#8217;esperienza approfondita nella nostra gamma di tappi, nonch\u00e9 una conoscenza approfondita dei vari difetti che possono verificarsi. Grazie alle loro capacit\u00e0 di selezione fine, sono in grado di individuare ed escludere ogni difetto con eccezionale precisione, soddisfacendo le esigenze specifiche di ogni cliente. Facendo riferimento a un campione di riferimento, i nostri operatori garantiscono una perfetta uniformit\u00e0 in ogni lotto di tappi selezionati manualmente. Questo metodo di selezione, riservato ai prodotti di alta gamma, pu\u00f2 essere effettuato tappo per tappo per soddisfare gli standard pi\u00f9 severi di alcuni clienti. La cernita a mano \u00e8 una delle competenze storiche della nostra azienda, simbolo del nostro impegno per l&#8217;eccellenza e per soddisfare i clienti pi\u00f9 esigenti.  <\/p>\n\n<h2 class=\"wp-block-heading has-neve-link-color-color has-text-color has-link-color wp-elements-ad9aac671e0c4fe69e1f94e8670b332e\">Annusare<\/h2>\n\n<p>Il &#8220;fiuto&#8221; \u00e8 un&#8217;esclusiva tecnica di controllo della qualit\u00e0 in cui ogni tappo destinato alle grandi bottiglie viene valutato da un naso esperto per individuare eventuali odori potenzialmente indesiderati, garantendo un&#8217;esperienza di degustazione impeccabile.<\/p>\n\n<h2 class=\"wp-block-heading has-neve-link-color-color has-text-color has-link-color wp-elements-9c34ea239d0dd346702b2a9539759244\">Marcatura<\/h2>\n\n<p>Questa operazione consiste nel timbrare il rotolo e\/o le estremit\u00e0 dei tappi secondo un clich\u00e9 specifico definito dal cliente. La marcatura pu\u00f2 essere effettuata con laser, fuoco o inchiostro, a seconda delle preferenze e dei requisiti specifici. I nostri operatori di marcatura si impegnano a garantire la conformit\u00e0 e la qualit\u00e0 della marcatura, assicurando che questa risponda agli standard pi\u00f9 severi e alle precise esigenze di ogni cliente.<\/p>\n\n<h2 class=\"wp-block-heading has-neve-link-color-color has-text-color has-link-color wp-elements-903381be663a0af3edb2a1470174ce38\">Trattamento della superficie<\/h2>\n\n<p>La stazione di trattamento della superficie \u00e8 essenziale per garantire una tenuta perfetta e una stappatura ottimale, preservando le caratteristiche uniche del sughero. I nostri operatori addetti al trattamento delle superfici svolgono un ruolo fondamentale nel garantire la qualit\u00e0 dei nostri tappi, supervisionando attentamente i trattamenti specifici adatti a ogni tipo di tappo e a ogni tipo di vino da imbottigliare. La loro esperienza consente di scegliere i trattamenti giusti per garantire una conservazione ottimale dei vini, tenendo conto della durata di conservazione prevista.<\/p>\n\n<h2 class=\"wp-block-heading has-neve-link-color-color has-text-color has-link-color wp-elements-9ed9ff1c2c8b597e6db0529ff56cd0d8\">Operatore dell&#8217;igrometro<\/h2>\n\n<p>I lotti di tappi vengono collocati nelle nostre sale di igrometria, dove le condizioni sono accuratamente programmate in base all&#8217;igrometria iniziale dei tappi e alla durata della stagionatura. Questo processo garantisce che ogni tappo di sughero raggiunga l&#8217;igrometria ottimale quando viene confezionato, preservandone la qualit\u00e0 e le prestazioni.<\/p>\n\n<h2 class=\"wp-block-heading has-neve-link-color-color has-text-color has-link-color wp-elements-0c2f19f07a647e00b5b08dafb7b87bda\">Controllo preconfezionamento<\/h2>\n\n<figure class=\"wp-block-image size-large\"><img loading=\"lazy\" decoding=\"async\" width=\"1024\" height=\"682\" src=\"https:\/\/webbusiness.eolas.fr\/bouchons-trescases\/wp-content\/uploads\/sites\/13\/2024\/02\/TRESCASES-147599-1024x682.jpg\" alt=\"\" class=\"wp-image-857\" srcset=\"https:\/\/www.bouchons-trescases.fr\/wp-content\/uploads\/sites\/13\/2024\/02\/TRESCASES-147599-1024x682.jpg 1024w, https:\/\/www.bouchons-trescases.fr\/wp-content\/uploads\/sites\/13\/2024\/02\/TRESCASES-147599-300x200.jpg 300w, https:\/\/www.bouchons-trescases.fr\/wp-content\/uploads\/sites\/13\/2024\/02\/TRESCASES-147599-768x512.jpg 768w, https:\/\/www.bouchons-trescases.fr\/wp-content\/uploads\/sites\/13\/2024\/02\/TRESCASES-147599-18x12.jpg 18w, https:\/\/www.bouchons-trescases.fr\/wp-content\/uploads\/sites\/13\/2024\/02\/TRESCASES-147599-930x620.jpg 930w, https:\/\/www.bouchons-trescases.fr\/wp-content\/uploads\/sites\/13\/2024\/02\/TRESCASES-147599.jpg 1300w\" sizes=\"auto, (max-width: 1024px) 100vw, 1024px\" \/><\/figure>\n\n<div style=\"height:100px\" aria-hidden=\"true\" class=\"wp-block-spacer\"><\/div>\n\n<p>Il nostro team controlla attentamente la qualit\u00e0 di ogni tappo prima dell&#8217;imballaggio finale. Ogni tappo viene esaminato meticolosamente mentre passa su un nastro di controllo. I tappi che presentano imperfezioni dovute alle operazioni di trattamento della superficie vengono rimossi immediatamente. Questa fase garantisce che solo i tappi di sughero della migliore qualit\u00e0 raggiungano i nostri clienti, riflettendo il nostro costante impegno verso l&#8217;eccellenza e la soddisfazione del cliente.<\/p>\n\n<div class=\"wp-block-columns is-layout-flex wp-container-core-columns-is-layout-9d6595d7 wp-block-columns-is-layout-flex\">\n<div class=\"wp-block-column has-custom-1-background-color has-background is-layout-flow wp-block-column-is-layout-flow\" style=\"padding-top:var(--wp--preset--spacing--50);padding-right:var(--wp--preset--spacing--50);padding-bottom:var(--wp--preset--spacing--50);padding-left:var(--wp--preset--spacing--50)\">\n<p><br\/><strong>In Bouchons Trescases, il nostro impegno per l&#8217;eccellenza \u00e8 al centro di ogni nostra operazione, garantendo la fiducia e la soddisfazione dei nostri clienti.<\/strong><\/p>\n<\/div>\n<\/div>\n\n<div style=\"height:100px\" aria-hidden=\"true\" class=\"wp-block-spacer\"><\/div>\n","protected":false},"excerpt":{"rendered":"<p>Professioni dicompetenza ed eccellenza Bouchons Trescases si distingue per l&#8217;esperienza e il know-how senza pari in tutte le sue attivit\u00e0 specializzate, incentrate sulla produzione e la distribuzione di tappi di sughero. Combinando l&#8217;esperienza tradizionale con la tecnologia moderna, Bouchons Trescases si impegna a offrire prodotti di qualit\u00e0 superiore che soddisfino le esigenze e le aspettative&hellip;&nbsp;<a href=\"https:\/\/www.bouchons-trescases.fr\/it\/i-team-le-linee-di-business\/\" rel=\"bookmark\">Read More &raquo;<span class=\"screen-reader-text\">Le nostre linee di business<\/span><\/a><\/p>\n","protected":false},"author":10,"featured_media":2091,"parent":0,"menu_order":0,"comment_status":"closed","ping_status":"closed","template":"","meta":{"neve_meta_sidebar":"","neve_meta_container":"","neve_meta_enable_content_width":"","neve_meta_content_width":0,"neve_meta_title_alignment":"","neve_meta_author_avatar":"","neve_post_elements_order":"","neve_meta_disable_header":"","neve_meta_disable_footer":"","neve_meta_disable_title":"","neve_meta_reading_time":"","_themeisle_gutenberg_block_has_review":false,"footnotes":""},"class_list":["post-1736","page","type-page","status-publish","has-post-thumbnail","hentry"],"yoast_head":"<!-- This site is optimized with the Yoast SEO plugin v27.4 - https:\/\/yoast.com\/product\/yoast-seo-wordpress\/ -->\n<title>Le nostre linee di business - Bouchons Trescases<\/title>\n<meta name=\"robots\" content=\"index, follow, max-snippet:-1, max-image-preview:large, max-video-preview:-1\" \/>\n<link rel=\"canonical\" href=\"https:\/\/www.bouchons-trescases.fr\/les-equipes-les-metiers\/\" \/>\n<meta property=\"og:locale\" content=\"it_IT\" \/>\n<meta property=\"og:type\" content=\"article\" \/>\n<meta property=\"og:title\" content=\"Le nostre linee di business - Bouchons Trescases\" \/>\n<meta property=\"og:description\" content=\"Professioni dicompetenza ed eccellenza Bouchons Trescases si distingue per l&#8217;esperienza e il know-how senza pari in tutte le sue attivit\u00e0 specializzate, incentrate sulla produzione e la distribuzione di tappi di sughero. Combinando l&#8217;esperienza tradizionale con la tecnologia moderna, Bouchons Trescases si impegna a offrire prodotti di qualit\u00e0 superiore che soddisfino le esigenze e le aspettative&hellip;&nbsp;Read More &raquo;Le nostre linee di business\" \/>\n<meta property=\"og:url\" content=\"https:\/\/www.bouchons-trescases.fr\/les-equipes-les-metiers\/\" \/>\n<meta property=\"og:site_name\" content=\"Bouchons Trescases\" \/>\n<meta property=\"article:publisher\" content=\"https:\/\/www.facebook.com\/bouchonstrescases\/\" \/>\n<meta property=\"article:modified_time\" content=\"2024-06-17T09:40:16+00:00\" \/>\n<meta property=\"og:image\" content=\"https:\/\/www.bouchons-trescases.fr\/wp-content\/uploads\/sites\/13\/2024\/06\/bouchons_machine.jpg\" \/>\n\t<meta property=\"og:image:width\" content=\"1200\" \/>\n\t<meta property=\"og:image:height\" content=\"803\" \/>\n\t<meta property=\"og:image:type\" content=\"image\/jpeg\" \/>\n<meta name=\"twitter:card\" content=\"summary_large_image\" \/>\n<meta name=\"twitter:label1\" content=\"Tempo di lettura stimato\" \/>\n\t<meta name=\"twitter:data1\" content=\"4 minuti\" \/>\n<script type=\"application\/ld+json\" class=\"yoast-schema-graph\">{\"@context\":\"https:\\\/\\\/schema.org\",\"@graph\":[{\"@type\":\"WebPage\",\"@id\":\"https:\\\/\\\/www.bouchons-trescases.fr\\\/les-equipes-les-metiers\\\/\",\"url\":\"https:\\\/\\\/www.bouchons-trescases.fr\\\/les-equipes-les-metiers\\\/\",\"name\":\"Le nostre linee di business - Bouchons Trescases\",\"isPartOf\":{\"@id\":\"https:\\\/\\\/www.bouchons-trescases.fr\\\/#website\"},\"primaryImageOfPage\":{\"@id\":\"https:\\\/\\\/www.bouchons-trescases.fr\\\/les-equipes-les-metiers\\\/#primaryimage\"},\"image\":{\"@id\":\"https:\\\/\\\/www.bouchons-trescases.fr\\\/les-equipes-les-metiers\\\/#primaryimage\"},\"thumbnailUrl\":\"https:\\\/\\\/www.bouchons-trescases.fr\\\/wp-content\\\/uploads\\\/sites\\\/13\\\/2024\\\/06\\\/bouchons_machine.jpg\",\"datePublished\":\"2024-02-20T11:06:17+00:00\",\"dateModified\":\"2024-06-17T09:40:16+00:00\",\"breadcrumb\":{\"@id\":\"https:\\\/\\\/www.bouchons-trescases.fr\\\/les-equipes-les-metiers\\\/#breadcrumb\"},\"inLanguage\":\"it-IT\",\"potentialAction\":[{\"@type\":\"ReadAction\",\"target\":[\"https:\\\/\\\/www.bouchons-trescases.fr\\\/les-equipes-les-metiers\\\/\"]}]},{\"@type\":\"ImageObject\",\"inLanguage\":\"it-IT\",\"@id\":\"https:\\\/\\\/www.bouchons-trescases.fr\\\/les-equipes-les-metiers\\\/#primaryimage\",\"url\":\"https:\\\/\\\/www.bouchons-trescases.fr\\\/wp-content\\\/uploads\\\/sites\\\/13\\\/2024\\\/06\\\/bouchons_machine.jpg\",\"contentUrl\":\"https:\\\/\\\/www.bouchons-trescases.fr\\\/wp-content\\\/uploads\\\/sites\\\/13\\\/2024\\\/06\\\/bouchons_machine.jpg\",\"width\":1200,\"height\":803},{\"@type\":\"BreadcrumbList\",\"@id\":\"https:\\\/\\\/www.bouchons-trescases.fr\\\/les-equipes-les-metiers\\\/#breadcrumb\",\"itemListElement\":[{\"@type\":\"ListItem\",\"position\":1,\"name\":\"Accueil\",\"item\":\"https:\\\/\\\/www.bouchons-trescases.fr\\\/it\\\/\"},{\"@type\":\"ListItem\",\"position\":2,\"name\":\"Le nostre linee di business\"}]},{\"@type\":\"WebSite\",\"@id\":\"https:\\\/\\\/www.bouchons-trescases.fr\\\/#website\",\"url\":\"https:\\\/\\\/www.bouchons-trescases.fr\\\/\",\"name\":\"Bouchons Trescases\",\"description\":\"\",\"publisher\":{\"@id\":\"https:\\\/\\\/www.bouchons-trescases.fr\\\/#organization\"},\"potentialAction\":[{\"@type\":\"SearchAction\",\"target\":{\"@type\":\"EntryPoint\",\"urlTemplate\":\"https:\\\/\\\/www.bouchons-trescases.fr\\\/?s={search_term_string}\"},\"query-input\":{\"@type\":\"PropertyValueSpecification\",\"valueRequired\":true,\"valueName\":\"search_term_string\"}}],\"inLanguage\":\"it-IT\"},{\"@type\":\"Organization\",\"@id\":\"https:\\\/\\\/www.bouchons-trescases.fr\\\/#organization\",\"name\":\"Bouchons Trescases\",\"url\":\"https:\\\/\\\/www.bouchons-trescases.fr\\\/\",\"logo\":{\"@type\":\"ImageObject\",\"inLanguage\":\"it-IT\",\"@id\":\"https:\\\/\\\/www.bouchons-trescases.fr\\\/#\\\/schema\\\/logo\\\/image\\\/\",\"url\":\"https:\\\/\\\/www.bouchons-trescases.fr\\\/wp-content\\\/uploads\\\/sites\\\/13\\\/2023\\\/11\\\/Logotype-Brun.png\",\"contentUrl\":\"https:\\\/\\\/www.bouchons-trescases.fr\\\/wp-content\\\/uploads\\\/sites\\\/13\\\/2023\\\/11\\\/Logotype-Brun.png\",\"width\":175,\"height\":115,\"caption\":\"Bouchons Trescases\"},\"image\":{\"@id\":\"https:\\\/\\\/www.bouchons-trescases.fr\\\/#\\\/schema\\\/logo\\\/image\\\/\"},\"sameAs\":[\"https:\\\/\\\/www.facebook.com\\\/bouchonstrescases\\\/\",\"https:\\\/\\\/www.instagram.com\\\/bouchons.trescases\\\/\"]}]}<\/script>\n<!-- \/ Yoast SEO plugin. -->","yoast_head_json":{"title":"Le nostre linee di business - Bouchons Trescases","robots":{"index":"index","follow":"follow","max-snippet":"max-snippet:-1","max-image-preview":"max-image-preview:large","max-video-preview":"max-video-preview:-1"},"canonical":"https:\/\/www.bouchons-trescases.fr\/les-equipes-les-metiers\/","og_locale":"it_IT","og_type":"article","og_title":"Le nostre linee di business - Bouchons Trescases","og_description":"Professioni dicompetenza ed eccellenza Bouchons Trescases si distingue per l&#8217;esperienza e il know-how senza pari in tutte le sue attivit\u00e0 specializzate, incentrate sulla produzione e la distribuzione di tappi di sughero. Combinando l&#8217;esperienza tradizionale con la tecnologia moderna, Bouchons Trescases si impegna a offrire prodotti di qualit\u00e0 superiore che soddisfino le esigenze e le aspettative&hellip;&nbsp;Read More &raquo;Le nostre linee di business","og_url":"https:\/\/www.bouchons-trescases.fr\/les-equipes-les-metiers\/","og_site_name":"Bouchons Trescases","article_publisher":"https:\/\/www.facebook.com\/bouchonstrescases\/","article_modified_time":"2024-06-17T09:40:16+00:00","og_image":[{"width":1200,"height":803,"url":"https:\/\/www.bouchons-trescases.fr\/wp-content\/uploads\/sites\/13\/2024\/06\/bouchons_machine.jpg","type":"image\/jpeg"}],"twitter_card":"summary_large_image","twitter_misc":{"Tempo di lettura stimato":"4 minuti"},"schema":{"@context":"https:\/\/schema.org","@graph":[{"@type":"WebPage","@id":"https:\/\/www.bouchons-trescases.fr\/les-equipes-les-metiers\/","url":"https:\/\/www.bouchons-trescases.fr\/les-equipes-les-metiers\/","name":"Le nostre linee di business - Bouchons Trescases","isPartOf":{"@id":"https:\/\/www.bouchons-trescases.fr\/#website"},"primaryImageOfPage":{"@id":"https:\/\/www.bouchons-trescases.fr\/les-equipes-les-metiers\/#primaryimage"},"image":{"@id":"https:\/\/www.bouchons-trescases.fr\/les-equipes-les-metiers\/#primaryimage"},"thumbnailUrl":"https:\/\/www.bouchons-trescases.fr\/wp-content\/uploads\/sites\/13\/2024\/06\/bouchons_machine.jpg","datePublished":"2024-02-20T11:06:17+00:00","dateModified":"2024-06-17T09:40:16+00:00","breadcrumb":{"@id":"https:\/\/www.bouchons-trescases.fr\/les-equipes-les-metiers\/#breadcrumb"},"inLanguage":"it-IT","potentialAction":[{"@type":"ReadAction","target":["https:\/\/www.bouchons-trescases.fr\/les-equipes-les-metiers\/"]}]},{"@type":"ImageObject","inLanguage":"it-IT","@id":"https:\/\/www.bouchons-trescases.fr\/les-equipes-les-metiers\/#primaryimage","url":"https:\/\/www.bouchons-trescases.fr\/wp-content\/uploads\/sites\/13\/2024\/06\/bouchons_machine.jpg","contentUrl":"https:\/\/www.bouchons-trescases.fr\/wp-content\/uploads\/sites\/13\/2024\/06\/bouchons_machine.jpg","width":1200,"height":803},{"@type":"BreadcrumbList","@id":"https:\/\/www.bouchons-trescases.fr\/les-equipes-les-metiers\/#breadcrumb","itemListElement":[{"@type":"ListItem","position":1,"name":"Accueil","item":"https:\/\/www.bouchons-trescases.fr\/it\/"},{"@type":"ListItem","position":2,"name":"Le nostre linee di business"}]},{"@type":"WebSite","@id":"https:\/\/www.bouchons-trescases.fr\/#website","url":"https:\/\/www.bouchons-trescases.fr\/","name":"Bouchons Trescases","description":"","publisher":{"@id":"https:\/\/www.bouchons-trescases.fr\/#organization"},"potentialAction":[{"@type":"SearchAction","target":{"@type":"EntryPoint","urlTemplate":"https:\/\/www.bouchons-trescases.fr\/?s={search_term_string}"},"query-input":{"@type":"PropertyValueSpecification","valueRequired":true,"valueName":"search_term_string"}}],"inLanguage":"it-IT"},{"@type":"Organization","@id":"https:\/\/www.bouchons-trescases.fr\/#organization","name":"Bouchons Trescases","url":"https:\/\/www.bouchons-trescases.fr\/","logo":{"@type":"ImageObject","inLanguage":"it-IT","@id":"https:\/\/www.bouchons-trescases.fr\/#\/schema\/logo\/image\/","url":"https:\/\/www.bouchons-trescases.fr\/wp-content\/uploads\/sites\/13\/2023\/11\/Logotype-Brun.png","contentUrl":"https:\/\/www.bouchons-trescases.fr\/wp-content\/uploads\/sites\/13\/2023\/11\/Logotype-Brun.png","width":175,"height":115,"caption":"Bouchons Trescases"},"image":{"@id":"https:\/\/www.bouchons-trescases.fr\/#\/schema\/logo\/image\/"},"sameAs":["https:\/\/www.facebook.com\/bouchonstrescases\/","https:\/\/www.instagram.com\/bouchons.trescases\/"]}]}},"_links":{"self":[{"href":"https:\/\/www.bouchons-trescases.fr\/it\/wp-json\/wp\/v2\/pages\/1736","targetHints":{"allow":["GET"]}}],"collection":[{"href":"https:\/\/www.bouchons-trescases.fr\/it\/wp-json\/wp\/v2\/pages"}],"about":[{"href":"https:\/\/www.bouchons-trescases.fr\/it\/wp-json\/wp\/v2\/types\/page"}],"author":[{"embeddable":true,"href":"https:\/\/www.bouchons-trescases.fr\/it\/wp-json\/wp\/v2\/users\/10"}],"replies":[{"embeddable":true,"href":"https:\/\/www.bouchons-trescases.fr\/it\/wp-json\/wp\/v2\/comments?post=1736"}],"version-history":[{"count":3,"href":"https:\/\/www.bouchons-trescases.fr\/it\/wp-json\/wp\/v2\/pages\/1736\/revisions"}],"predecessor-version":[{"id":2196,"href":"https:\/\/www.bouchons-trescases.fr\/it\/wp-json\/wp\/v2\/pages\/1736\/revisions\/2196"}],"wp:featuredmedia":[{"embeddable":true,"href":"https:\/\/www.bouchons-trescases.fr\/it\/wp-json\/wp\/v2\/media\/2091"}],"wp:attachment":[{"href":"https:\/\/www.bouchons-trescases.fr\/it\/wp-json\/wp\/v2\/media?parent=1736"}],"curies":[{"name":"wp","href":"https:\/\/api.w.org\/{rel}","templated":true}]}}