{"id":1688,"date":"2024-02-05T15:36:42","date_gmt":"2024-02-05T14:36:42","guid":{"rendered":"https:\/\/webbusiness.eolas.fr\/bouchons-trescases\/our-history\/"},"modified":"2024-03-18T16:02:14","modified_gmt":"2024-03-18T15:02:14","slug":"our-history","status":"publish","type":"page","link":"https:\/\/www.bouchons-trescases.fr\/en\/our-history\/","title":{"rendered":"Our history"},"content":{"rendered":"\n<div class=\"wp-block-columns dernier-bloc-acceuil has-custom-1-background-color has-background is-layout-flex wp-container-core-columns-is-layout-42663ce1 wp-block-columns-is-layout-flex\" style=\"padding-top:var(--wp--preset--spacing--70);padding-right:var(--wp--preset--spacing--70);padding-bottom:var(--wp--preset--spacing--70);padding-left:var(--wp--preset--spacing--70)\">\n<div class=\"wp-block-column is-layout-flow wp-block-column-is-layout-flow\" style=\"padding-right:0;padding-left:0\">\n<h2 class=\"wp-block-heading o-typing-delay-100ms o-typing-faster has-neve-link-color-color has-text-color has-link-color wp-elements-d0a6dfbe210d038a3346ee22f87375bc\"><strong>Bouchons Trescases, <\/strong><mark style=\"background-color:rgba(0, 0, 0, 0)\" class=\"has-inline-color has-nv-dark-bg-color\"><strong>revealing excellence since 1876<\/strong><\/mark><\/h2>\n\n\n\n<p>Since 1876, generation after generation, Bouchons Trescases has supplied the most prestigious wineries and iconic ch\u00e2teaux with natural corks of exceptional quality.  <br\/>Our company is proud to be the oldest producer of cork stoppers for still wines in France. <\/p>\n\n\n\n<p>In the family, the secret of selection is passed down from generation to generation: over 130 years of observation and analysis of cork, its regions, forests and harvests, to obtain the best breeds for top-quality corks. From cork removal to the final finish of our corks, we put our family know-how and innovation at the service of quality. <\/p>\n\n\n\n<p>Wine is our history, wine is our world. <\/p>\n<\/div>\n<\/div>\n\n<div id=\"wp-block-themeisle-blocks-advanced-columns-9bb56d54\" class=\"wp-block-themeisle-blocks-advanced-columns has-1-columns has-desktop-undefined-layout has-tablet-equal-layout has-mobile-equal-layout has-vertical-unset\"><div class=\"wp-block-themeisle-blocks-advanced-columns-overlay\"><\/div><div class=\"innerblocks-wrap\">\n<div id=\"wp-block-themeisle-blocks-advanced-column-1f5b2308\" class=\"wp-block-themeisle-blocks-advanced-column\">\n<div style=\"height:100px\" aria-hidden=\"true\" class=\"wp-block-spacer\"><\/div>\n<\/div>\n<\/div><\/div>\n\n<div class=\"wp-block-qi-blocks-timeline qodef-block-container qodef-block-ae93eacc\"><div class=\"qi-block-timeline qodef-block qodef-m qodef-timeline--vertical qodef-timeline-layout--vertical-separated qodef-line--outside qodef-point--diamond qodef-reverse-padding\" data-options=\"{\"colNum\":3}\"><div class=\"qodef-timeline-inner\"><div class=\"qodef-e qodef-e-item qodef-obverse\"><div class=\"qodef-e-line-holder\"><span class=\"qodef-e-line\"><\/span><\/div><div class=\"qodef-e-item-inner\"><div class=\"qodef-e-point-holder\"><div class=\"qodef-e-point\"><\/div><\/div><div class=\"qodef-e-side-holder\"><div class=\"qodef-e-image\"><img decoding=\"async\" src=\"https:\/\/webbusiness.eolas.fr\/bouchons-trescases\/wp-content\/uploads\/sites\/13\/2024\/02\/TRESCASES-143649-histoire.jpg\" alt=\"\"><\/div><\/div><div class=\"qodef-e-content-holder\"><div class=\"qodef-e-date\">1876<\/div><h2 class=\"qodef-e-title\">House founded by Joseph Trescases<\/h2><p class=\"qodef-e-text\">At the age of 28, Joseph Trescases set up the first cork stopper factory in C\u00e9ret, Pyr\u00e9n\u00e9es-Orientales. After completing his apprenticeship in a cork-making workshop in Llauro, he set up his own factory in 1876. \n\nIt&#8217;s the beginning of the story!<\/p><\/div><\/div><\/div><div class=\"qodef-e qodef-e-item qodef-reverse\"><div class=\"qodef-e-line-holder\"><span class=\"qodef-e-line\"><\/span><\/div><div class=\"qodef-e-item-inner\"><div class=\"qodef-e-point-holder\"><div class=\"qodef-e-point\"><\/div><\/div><div class=\"qodef-e-side-holder\"><div class=\"qodef-e-image\"><img decoding=\"async\" src=\"https:\/\/webbusiness.eolas.fr\/bouchons-trescases\/wp-content\/uploads\/sites\/13\/2024\/02\/e5ad7ba4-e0c1-4e8d-996f-e9e596d7be03.jpg\" alt=\"\"><\/div><\/div><div class=\"qodef-e-content-holder\"><div class=\"qodef-e-date\">1904<\/div><h2 class=\"qodef-e-title\">Jacques Trescases takes over the business<\/h2><p class=\"qodef-e-text\">Jacques Trescases takes over the reins of the family business following the death of his father. Veuve J. Trescases &amp; Fils becomes a renowned corkmaker in France, demonstrating the excellence of its corks throughout Europe. Buoyed by his success, Jacques Trescases acquired two large buildings in the Pont de C\u00e9ret district and set up a modern factory there, employing over 100 workers.<\/p><\/div><\/div><\/div><div class=\"qodef-e qodef-e-item qodef-obverse\"><div class=\"qodef-e-line-holder\"><span class=\"qodef-e-line\"><\/span><\/div><div class=\"qodef-e-item-inner\"><div class=\"qodef-e-point-holder\"><div class=\"qodef-e-point\"><\/div><\/div><div class=\"qodef-e-side-holder\"><div class=\"qodef-e-image\"><img decoding=\"async\" src=\"https:\/\/webbusiness.eolas.fr\/bouchons-trescases\/wp-content\/uploads\/sites\/13\/2024\/02\/TRESCASES-143602.jpg\" alt=\"\"><\/div><\/div><div class=\"qodef-e-content-holder\"><div class=\"qodef-e-date\">1909<\/div><h2 class=\"qodef-e-title\">Gold medal winner at the Montpellier International Exhibition<\/h2><p class=\"qodef-e-text\">A major recognition for the exceptional quality of our corks.  <\/p><\/div><\/div><\/div><div class=\"qodef-e qodef-e-item qodef-reverse\"><div class=\"qodef-e-line-holder\"><span class=\"qodef-e-line\"><\/span><\/div><div class=\"qodef-e-item-inner\"><div class=\"qodef-e-point-holder\"><div class=\"qodef-e-point\"><\/div><\/div><div class=\"qodef-e-side-holder\"><div class=\"qodef-e-image\"><img decoding=\"async\" src=\"https:\/\/webbusiness.eolas.fr\/bouchons-trescases\/wp-content\/uploads\/sites\/13\/2024\/02\/TRESCASES-145185.jpg\" alt=\"\"><\/div><\/div><div class=\"qodef-e-content-holder\"><div class=\"qodef-e-date\">1912 &#8211; 1918<\/div><h2 class=\"qodef-e-title\">Birth of A &amp; J. Trescases fr\u00e8res<\/h2><p class=\"qodef-e-text\">After the untimely death of Jacques, the eldest sibling, his brother Jean and sister Anna took over the business, becoming A. &amp; J. Trescases fr\u00e8res. During the First World War, Jean is mobilized, leaving Anna to run the C\u00e9ret factory with a master&#8217;s hand.  \nAt the end of the war, Jean took over the reins, accompanied by his wife Marie Trescases, who in turn joined the family adventure.<\/p><\/div><\/div><\/div><div class=\"qodef-e qodef-e-item qodef-obverse\"><div class=\"qodef-e-line-holder\"><span class=\"qodef-e-line\"><\/span><\/div><div class=\"qodef-e-item-inner\"><div class=\"qodef-e-point-holder\"><div class=\"qodef-e-point\"><\/div><\/div><div class=\"qodef-e-side-holder\"><div class=\"qodef-e-image\"><\/div><\/div><div class=\"qodef-e-content-holder\"><div class=\"qodef-e-date\">1924<\/div><p class=\"qodef-e-text\">The company becomes the exclusive supplier to Clos des Papes.  <\/p><\/div><\/div><\/div><div class=\"qodef-e qodef-e-item qodef-reverse\"><div class=\"qodef-e-line-holder\"><span class=\"qodef-e-line\"><\/span><\/div><div class=\"qodef-e-item-inner\"><div class=\"qodef-e-point-holder\"><div class=\"qodef-e-point\"><\/div><\/div><div class=\"qodef-e-side-holder\"><div class=\"qodef-e-image\"><\/div><\/div><div class=\"qodef-e-content-holder\"><div class=\"qodef-e-date\">1957<\/div><h2 class=\"qodef-e-title\">S.A Bouchons Trescases<\/h2><p class=\"qodef-e-text\">Georges and Jean-Anny joined the family business in 1945 and 1948 respectively. In 1956, they took over the management of the company, which became S.A. Bouchons Trescases.  <\/p><\/div><\/div><\/div><div class=\"qodef-e qodef-e-item qodef-obverse\"><div class=\"qodef-e-line-holder\"><span class=\"qodef-e-line\"><\/span><\/div><div class=\"qodef-e-item-inner\"><div class=\"qodef-e-point-holder\"><div class=\"qodef-e-point\"><\/div><\/div><div class=\"qodef-e-side-holder\"><div class=\"qodef-e-image\"><img decoding=\"async\" src=\"https:\/\/webbusiness.eolas.fr\/bouchons-trescases\/wp-content\/uploads\/sites\/13\/2024\/02\/TRESCASES-141862-histoire-1.jpg\" alt=\"\"><\/div><\/div><div class=\"qodef-e-content-holder\"><div class=\"qodef-e-date\">1959<\/div><h2 class=\"qodef-e-title\">Plant inauguration at Le Boulou<\/h2><p class=\"qodef-e-text\">To keep pace with growth, Georges and Jean-Anny decided to set up in Le Boulou, where they bought the buildings of a former factory manufacturing expanded agglomerated cork for insulation. \nThe company is still located at this address today.<\/p><\/div><\/div><\/div><div class=\"qodef-e qodef-e-item qodef-reverse\"><div class=\"qodef-e-line-holder\"><span class=\"qodef-e-line\"><\/span><\/div><div class=\"qodef-e-item-inner\"><div class=\"qodef-e-point-holder\"><div class=\"qodef-e-point\"><\/div><\/div><div class=\"qodef-e-side-holder\"><div class=\"qodef-e-image\"><\/div><\/div><div class=\"qodef-e-content-holder\"><div class=\"qodef-e-date\">1960<\/div><p class=\"qodef-e-text\">The company becomes the exclusive supplier to Drouhin.  <\/p><\/div><\/div><\/div><div class=\"qodef-e qodef-e-item qodef-obverse\"><div class=\"qodef-e-line-holder\"><span class=\"qodef-e-line\"><\/span><\/div><div class=\"qodef-e-item-inner\"><div class=\"qodef-e-point-holder\"><div class=\"qodef-e-point\"><\/div><\/div><div class=\"qodef-e-side-holder\"><div class=\"qodef-e-image\"><\/div><\/div><div class=\"qodef-e-content-holder\"><div class=\"qodef-e-date\">1976<\/div><h2 class=\"qodef-e-title\">100 years of know-how<\/h2><p class=\"qodef-e-text\">The company celebrates its 100th anniversary.  <\/p><\/div><\/div><\/div><div class=\"qodef-e qodef-e-item qodef-reverse\"><div class=\"qodef-e-line-holder\"><span class=\"qodef-e-line\"><\/span><\/div><div class=\"qodef-e-item-inner\"><div class=\"qodef-e-point-holder\"><div class=\"qodef-e-point\"><\/div><\/div><div class=\"qodef-e-side-holder\"><div class=\"qodef-e-image\"><img decoding=\"async\" src=\"https:\/\/webbusiness.eolas.fr\/bouchons-trescases\/wp-content\/uploads\/sites\/13\/2024\/02\/TRESCASES-145233.jpg\" alt=\"\"><\/div><\/div><div class=\"qodef-e-content-holder\"><div class=\"qodef-e-date\">1983<\/div><h2 class=\"qodef-e-title\">  Creation of Soci\u00e9t\u00e9 Nouvelle des Bouchons Trescases S.A.<\/h2><p class=\"qodef-e-text\">Soci\u00e9t\u00e9 Nouvelle des Bouchons Trescases S.A. was created, a 100% subsidiary of S.A. Bouchons Trescases.<\/p><\/div><\/div><\/div><div class=\"qodef-e qodef-e-item qodef-obverse\"><div class=\"qodef-e-line-holder\"><span class=\"qodef-e-line\"><\/span><\/div><div class=\"qodef-e-item-inner\"><div class=\"qodef-e-point-holder\"><div class=\"qodef-e-point\"><\/div><\/div><div class=\"qodef-e-side-holder\"><div class=\"qodef-e-image\"><\/div><\/div><div class=\"qodef-e-content-holder\"><div class=\"qodef-e-date\">1985<\/div><p class=\"qodef-e-text\">Michel Trescases succeeds his father and becomes Chairman and CEO of S.A Bouchons Trescases.<\/p><\/div><\/div><\/div><div class=\"qodef-e qodef-e-item qodef-reverse\"><div class=\"qodef-e-line-holder\"><span class=\"qodef-e-line\"><\/span><\/div><div class=\"qodef-e-item-inner\"><div class=\"qodef-e-point-holder\"><div class=\"qodef-e-point\"><\/div><\/div><div class=\"qodef-e-side-holder\"><div class=\"qodef-e-image\"><img decoding=\"async\" src=\"https:\/\/webbusiness.eolas.fr\/bouchons-trescases\/wp-content\/uploads\/sites\/13\/2024\/02\/TRESCASES-145199.jpg\" alt=\"\"><\/div><\/div><div class=\"qodef-e-content-holder\"><div class=\"qodef-e-date\">2009  <\/div><h2 class=\"qodef-e-title\">FSC certification obtained for some of our corks.<\/h2><p class=\"qodef-e-text\">Proof of our commitment to preserving the planet.<\/p><\/div><\/div><\/div><div class=\"qodef-e qodef-e-item qodef-obverse\"><div class=\"qodef-e-line-holder\"><span class=\"qodef-e-line\"><\/span><\/div><div class=\"qodef-e-item-inner\"><div class=\"qodef-e-point-holder\"><div class=\"qodef-e-point\"><\/div><\/div><div class=\"qodef-e-side-holder\"><div class=\"qodef-e-image\"><\/div><\/div><div class=\"qodef-e-content-holder\"><div class=\"qodef-e-date\">2016  <\/div><h2 class=\"qodef-e-title\">Certification of our excellence<\/h2><p class=\"qodef-e-text\">Our company is SYSTECODE PREMIUM and EXCELLENCE certified. This is recognition of the long and committed work carried out over the last decade.<\/p><\/div><\/div><\/div><div class=\"qodef-e qodef-e-item qodef-reverse\"><div class=\"qodef-e-line-holder\"><span class=\"qodef-e-line\"><\/span><\/div><div class=\"qodef-e-item-inner\"><div class=\"qodef-e-point-holder\"><div class=\"qodef-e-point\"><\/div><\/div><div class=\"qodef-e-side-holder\"><div class=\"qodef-e-image\"><img decoding=\"async\" src=\"https:\/\/webbusiness.eolas.fr\/bouchons-trescases\/wp-content\/uploads\/sites\/13\/2024\/02\/TRESCASES-142448.jpg\" alt=\"\"><\/div><\/div><div class=\"qodef-e-content-holder\"><div class=\"qodef-e-date\">2023<\/div><h2 class=\"qodef-e-title\">  Today  <\/h2><p class=\"qodef-e-text\">We now produce between 140 and 150 million corks a year.  \nEvery 5 seconds, a Trescases cork is uncorked worldwide!<\/p><\/div><\/div><\/div><div class=\"qodef-e qodef-e-item qodef-obverse\"><div class=\"qodef-e-line-holder\"><span class=\"qodef-e-line\"><\/span><\/div><div class=\"qodef-e-item-inner\"><div class=\"qodef-e-point-holder\"><div class=\"qodef-e-point\"><\/div><\/div><div class=\"qodef-e-side-holder\"><div class=\"qodef-e-image\"><\/div><\/div><div class=\"qodef-e-content-holder\"><div class=\"qodef-e-date\">2026<\/div><h2 class=\"qodef-e-title\">Bouchons Trescases celebrates its 150th anniversary<\/h2><p class=\"qodef-e-text\">This longevity is due to the special attention paid to the quality of the corks produced. <\/p><\/div><\/div><\/div><\/div><\/div><\/div>\n\n<div style=\"height:50px\" aria-hidden=\"true\" class=\"wp-block-spacer\"><\/div>\n\n<div class=\"wp-block-columns dernier-bloc-acceuil has-custom-1-background-color has-background is-layout-flex wp-container-core-columns-is-layout-42663ce1 wp-block-columns-is-layout-flex\" style=\"padding-top:var(--wp--preset--spacing--70);padding-right:var(--wp--preset--spacing--70);padding-bottom:var(--wp--preset--spacing--70);padding-left:var(--wp--preset--spacing--70)\">\n<div class=\"wp-block-column is-layout-flow wp-block-column-is-layout-flow\" style=\"padding-right:0;padding-left:0\">\n<h2 class=\"wp-block-heading o-typing-delay-100ms o-typing-faster has-neve-link-color-color has-text-color has-link-color wp-elements-b01b25da3b4bd6f7955adbea1608a949\"><strong>Our vision<\/strong> <\/h2>\n\n\n\n<p>Our company was born of craftsmanship.<strong> <\/strong>We are pursuing our founder&#8217;s vision of<strong>excellence <\/strong>and <strong>traditional<\/strong> <strong>know-how<\/strong>. Preserving our crafts and our unique and specific know-how is of paramount importance. <\/p>\n<\/div>\n<\/div>\n\n<div style=\"height:100px\" aria-hidden=\"true\" class=\"wp-block-spacer\"><\/div>\n\n<div style=\"height:100px\" aria-hidden=\"true\" class=\"wp-block-spacer\"><\/div>\n","protected":false},"excerpt":{"rendered":"<p>Welcome to the history of Bouchons Trescases Discover the people, the land and the know-how that have built Bouchons Trescases.<\/p>\n","protected":false},"author":10,"featured_media":2267,"parent":0,"menu_order":0,"comment_status":"closed","ping_status":"closed","template":"","meta":{"neve_meta_sidebar":"","neve_meta_container":"","neve_meta_enable_content_width":"","neve_meta_content_width":0,"neve_meta_title_alignment":"","neve_meta_author_avatar":"","neve_post_elements_order":"","neve_meta_disable_header":"","neve_meta_disable_footer":"","neve_meta_disable_title":"","neve_meta_reading_time":"","_themeisle_gutenberg_block_has_review":false,"footnotes":""},"class_list":["post-1688","page","type-page","status-publish","has-post-thumbnail","hentry"],"yoast_head":"<!-- This site is optimized with the Yoast SEO plugin v27.4 - https:\/\/yoast.com\/product\/yoast-seo-wordpress\/ -->\n<title>Our history - Bouchons Trescases<\/title>\n<meta name=\"robots\" content=\"index, follow, max-snippet:-1, max-image-preview:large, max-video-preview:-1\" \/>\n<link rel=\"canonical\" href=\"https:\/\/www.bouchons-trescases.fr\/notre-histoire\/\" \/>\n<meta property=\"og:locale\" content=\"en_US\" \/>\n<meta property=\"og:type\" content=\"article\" \/>\n<meta property=\"og:title\" content=\"Our history - Bouchons Trescases\" \/>\n<meta property=\"og:description\" content=\"Welcome to the history of Bouchons Trescases Discover the people, the land and the know-how that have built Bouchons Trescases.\" \/>\n<meta property=\"og:url\" content=\"https:\/\/www.bouchons-trescases.fr\/notre-histoire\/\" \/>\n<meta property=\"og:site_name\" content=\"Bouchons Trescases\" \/>\n<meta property=\"article:publisher\" content=\"https:\/\/www.facebook.com\/bouchonstrescases\/\" \/>\n<meta property=\"article:modified_time\" content=\"2024-03-18T15:02:14+00:00\" \/>\n<meta property=\"og:image\" content=\"https:\/\/www.bouchons-trescases.fr\/wp-content\/uploads\/sites\/13\/2024\/09\/Bouchons-Trescases-usine.jpg\" \/>\n\t<meta property=\"og:image:width\" content=\"2284\" \/>\n\t<meta property=\"og:image:height\" content=\"1728\" \/>\n\t<meta property=\"og:image:type\" content=\"image\/jpeg\" \/>\n<meta name=\"twitter:card\" content=\"summary_large_image\" \/>\n<meta name=\"twitter:label1\" content=\"Est. reading time\" \/>\n\t<meta name=\"twitter:data1\" content=\"3 minutes\" \/>\n<script type=\"application\/ld+json\" class=\"yoast-schema-graph\">{\"@context\":\"https:\\\/\\\/schema.org\",\"@graph\":[{\"@type\":\"WebPage\",\"@id\":\"https:\\\/\\\/www.bouchons-trescases.fr\\\/notre-histoire\\\/\",\"url\":\"https:\\\/\\\/www.bouchons-trescases.fr\\\/notre-histoire\\\/\",\"name\":\"Our history - Bouchons Trescases\",\"isPartOf\":{\"@id\":\"https:\\\/\\\/www.bouchons-trescases.fr\\\/#website\"},\"primaryImageOfPage\":{\"@id\":\"https:\\\/\\\/www.bouchons-trescases.fr\\\/notre-histoire\\\/#primaryimage\"},\"image\":{\"@id\":\"https:\\\/\\\/www.bouchons-trescases.fr\\\/notre-histoire\\\/#primaryimage\"},\"thumbnailUrl\":\"https:\\\/\\\/www.bouchons-trescases.fr\\\/wp-content\\\/uploads\\\/sites\\\/13\\\/2024\\\/09\\\/Bouchons-Trescases-usine.jpg\",\"datePublished\":\"2024-02-05T14:36:42+00:00\",\"dateModified\":\"2024-03-18T15:02:14+00:00\",\"breadcrumb\":{\"@id\":\"https:\\\/\\\/www.bouchons-trescases.fr\\\/notre-histoire\\\/#breadcrumb\"},\"inLanguage\":\"en-US\",\"potentialAction\":[{\"@type\":\"ReadAction\",\"target\":[\"https:\\\/\\\/www.bouchons-trescases.fr\\\/notre-histoire\\\/\"]}]},{\"@type\":\"ImageObject\",\"inLanguage\":\"en-US\",\"@id\":\"https:\\\/\\\/www.bouchons-trescases.fr\\\/notre-histoire\\\/#primaryimage\",\"url\":\"https:\\\/\\\/www.bouchons-trescases.fr\\\/wp-content\\\/uploads\\\/sites\\\/13\\\/2024\\\/09\\\/Bouchons-Trescases-usine.jpg\",\"contentUrl\":\"https:\\\/\\\/www.bouchons-trescases.fr\\\/wp-content\\\/uploads\\\/sites\\\/13\\\/2024\\\/09\\\/Bouchons-Trescases-usine.jpg\",\"width\":2284,\"height\":1728},{\"@type\":\"BreadcrumbList\",\"@id\":\"https:\\\/\\\/www.bouchons-trescases.fr\\\/notre-histoire\\\/#breadcrumb\",\"itemListElement\":[{\"@type\":\"ListItem\",\"position\":1,\"name\":\"Accueil\",\"item\":\"https:\\\/\\\/www.bouchons-trescases.fr\\\/en\\\/\"},{\"@type\":\"ListItem\",\"position\":2,\"name\":\"Our history\"}]},{\"@type\":\"WebSite\",\"@id\":\"https:\\\/\\\/www.bouchons-trescases.fr\\\/#website\",\"url\":\"https:\\\/\\\/www.bouchons-trescases.fr\\\/\",\"name\":\"Bouchons Trescases\",\"description\":\"\",\"publisher\":{\"@id\":\"https:\\\/\\\/www.bouchons-trescases.fr\\\/#organization\"},\"potentialAction\":[{\"@type\":\"SearchAction\",\"target\":{\"@type\":\"EntryPoint\",\"urlTemplate\":\"https:\\\/\\\/www.bouchons-trescases.fr\\\/?s={search_term_string}\"},\"query-input\":{\"@type\":\"PropertyValueSpecification\",\"valueRequired\":true,\"valueName\":\"search_term_string\"}}],\"inLanguage\":\"en-US\"},{\"@type\":\"Organization\",\"@id\":\"https:\\\/\\\/www.bouchons-trescases.fr\\\/#organization\",\"name\":\"Bouchons Trescases\",\"url\":\"https:\\\/\\\/www.bouchons-trescases.fr\\\/\",\"logo\":{\"@type\":\"ImageObject\",\"inLanguage\":\"en-US\",\"@id\":\"https:\\\/\\\/www.bouchons-trescases.fr\\\/#\\\/schema\\\/logo\\\/image\\\/\",\"url\":\"https:\\\/\\\/www.bouchons-trescases.fr\\\/wp-content\\\/uploads\\\/sites\\\/13\\\/2023\\\/11\\\/Logotype-Brun.png\",\"contentUrl\":\"https:\\\/\\\/www.bouchons-trescases.fr\\\/wp-content\\\/uploads\\\/sites\\\/13\\\/2023\\\/11\\\/Logotype-Brun.png\",\"width\":175,\"height\":115,\"caption\":\"Bouchons Trescases\"},\"image\":{\"@id\":\"https:\\\/\\\/www.bouchons-trescases.fr\\\/#\\\/schema\\\/logo\\\/image\\\/\"},\"sameAs\":[\"https:\\\/\\\/www.facebook.com\\\/bouchonstrescases\\\/\",\"https:\\\/\\\/www.instagram.com\\\/bouchons.trescases\\\/\"]}]}<\/script>\n<!-- \/ Yoast SEO plugin. -->","yoast_head_json":{"title":"Our history - Bouchons Trescases","robots":{"index":"index","follow":"follow","max-snippet":"max-snippet:-1","max-image-preview":"max-image-preview:large","max-video-preview":"max-video-preview:-1"},"canonical":"https:\/\/www.bouchons-trescases.fr\/notre-histoire\/","og_locale":"en_US","og_type":"article","og_title":"Our history - Bouchons Trescases","og_description":"Welcome to the history of Bouchons Trescases Discover the people, the land and the know-how that have built Bouchons Trescases.","og_url":"https:\/\/www.bouchons-trescases.fr\/notre-histoire\/","og_site_name":"Bouchons Trescases","article_publisher":"https:\/\/www.facebook.com\/bouchonstrescases\/","article_modified_time":"2024-03-18T15:02:14+00:00","og_image":[{"width":2284,"height":1728,"url":"https:\/\/www.bouchons-trescases.fr\/wp-content\/uploads\/sites\/13\/2024\/09\/Bouchons-Trescases-usine.jpg","type":"image\/jpeg"}],"twitter_card":"summary_large_image","twitter_misc":{"Est. reading time":"3 minutes"},"schema":{"@context":"https:\/\/schema.org","@graph":[{"@type":"WebPage","@id":"https:\/\/www.bouchons-trescases.fr\/notre-histoire\/","url":"https:\/\/www.bouchons-trescases.fr\/notre-histoire\/","name":"Our history - Bouchons Trescases","isPartOf":{"@id":"https:\/\/www.bouchons-trescases.fr\/#website"},"primaryImageOfPage":{"@id":"https:\/\/www.bouchons-trescases.fr\/notre-histoire\/#primaryimage"},"image":{"@id":"https:\/\/www.bouchons-trescases.fr\/notre-histoire\/#primaryimage"},"thumbnailUrl":"https:\/\/www.bouchons-trescases.fr\/wp-content\/uploads\/sites\/13\/2024\/09\/Bouchons-Trescases-usine.jpg","datePublished":"2024-02-05T14:36:42+00:00","dateModified":"2024-03-18T15:02:14+00:00","breadcrumb":{"@id":"https:\/\/www.bouchons-trescases.fr\/notre-histoire\/#breadcrumb"},"inLanguage":"en-US","potentialAction":[{"@type":"ReadAction","target":["https:\/\/www.bouchons-trescases.fr\/notre-histoire\/"]}]},{"@type":"ImageObject","inLanguage":"en-US","@id":"https:\/\/www.bouchons-trescases.fr\/notre-histoire\/#primaryimage","url":"https:\/\/www.bouchons-trescases.fr\/wp-content\/uploads\/sites\/13\/2024\/09\/Bouchons-Trescases-usine.jpg","contentUrl":"https:\/\/www.bouchons-trescases.fr\/wp-content\/uploads\/sites\/13\/2024\/09\/Bouchons-Trescases-usine.jpg","width":2284,"height":1728},{"@type":"BreadcrumbList","@id":"https:\/\/www.bouchons-trescases.fr\/notre-histoire\/#breadcrumb","itemListElement":[{"@type":"ListItem","position":1,"name":"Accueil","item":"https:\/\/www.bouchons-trescases.fr\/en\/"},{"@type":"ListItem","position":2,"name":"Our history"}]},{"@type":"WebSite","@id":"https:\/\/www.bouchons-trescases.fr\/#website","url":"https:\/\/www.bouchons-trescases.fr\/","name":"Bouchons Trescases","description":"","publisher":{"@id":"https:\/\/www.bouchons-trescases.fr\/#organization"},"potentialAction":[{"@type":"SearchAction","target":{"@type":"EntryPoint","urlTemplate":"https:\/\/www.bouchons-trescases.fr\/?s={search_term_string}"},"query-input":{"@type":"PropertyValueSpecification","valueRequired":true,"valueName":"search_term_string"}}],"inLanguage":"en-US"},{"@type":"Organization","@id":"https:\/\/www.bouchons-trescases.fr\/#organization","name":"Bouchons Trescases","url":"https:\/\/www.bouchons-trescases.fr\/","logo":{"@type":"ImageObject","inLanguage":"en-US","@id":"https:\/\/www.bouchons-trescases.fr\/#\/schema\/logo\/image\/","url":"https:\/\/www.bouchons-trescases.fr\/wp-content\/uploads\/sites\/13\/2023\/11\/Logotype-Brun.png","contentUrl":"https:\/\/www.bouchons-trescases.fr\/wp-content\/uploads\/sites\/13\/2023\/11\/Logotype-Brun.png","width":175,"height":115,"caption":"Bouchons Trescases"},"image":{"@id":"https:\/\/www.bouchons-trescases.fr\/#\/schema\/logo\/image\/"},"sameAs":["https:\/\/www.facebook.com\/bouchonstrescases\/","https:\/\/www.instagram.com\/bouchons.trescases\/"]}]}},"_links":{"self":[{"href":"https:\/\/www.bouchons-trescases.fr\/en\/wp-json\/wp\/v2\/pages\/1688","targetHints":{"allow":["GET"]}}],"collection":[{"href":"https:\/\/www.bouchons-trescases.fr\/en\/wp-json\/wp\/v2\/pages"}],"about":[{"href":"https:\/\/www.bouchons-trescases.fr\/en\/wp-json\/wp\/v2\/types\/page"}],"author":[{"embeddable":true,"href":"https:\/\/www.bouchons-trescases.fr\/en\/wp-json\/wp\/v2\/users\/10"}],"replies":[{"embeddable":true,"href":"https:\/\/www.bouchons-trescases.fr\/en\/wp-json\/wp\/v2\/comments?post=1688"}],"version-history":[{"count":2,"href":"https:\/\/www.bouchons-trescases.fr\/en\/wp-json\/wp\/v2\/pages\/1688\/revisions"}],"predecessor-version":[{"id":1692,"href":"https:\/\/www.bouchons-trescases.fr\/en\/wp-json\/wp\/v2\/pages\/1688\/revisions\/1692"}],"wp:featuredmedia":[{"embeddable":true,"href":"https:\/\/www.bouchons-trescases.fr\/en\/wp-json\/wp\/v2\/media\/2267"}],"wp:attachment":[{"href":"https:\/\/www.bouchons-trescases.fr\/en\/wp-json\/wp\/v2\/media?parent=1688"}],"curies":[{"name":"wp","href":"https:\/\/api.w.org\/{rel}","templated":true}]}}