{"id":1377,"date":"2021-02-16T11:44:42","date_gmt":"2021-02-16T10:44:42","guid":{"rendered":"https:\/\/webbusiness.eolas.fr\/bouchons-trescases\/homepage\/"},"modified":"2024-09-09T10:47:37","modified_gmt":"2024-09-09T08:47:37","slug":"homepage","status":"publish","type":"page","link":"https:\/\/www.bouchons-trescases.fr\/en\/","title":{"rendered":"Homepage"},"content":{"rendered":"\n<div class=\"wp-block-cover alignfull\" style=\"min-height:600px;aspect-ratio:unset;\"><span aria-hidden=\"true\" class=\"wp-block-cover__background has-background-dim-0 has-background-dim\" style=\"background-color:#28211b\"><\/span><img loading=\"lazy\" decoding=\"async\" width=\"1300\" height=\"866\" class=\"wp-block-cover__image-background wp-image-2078\" alt=\"\" src=\"https:\/\/webbusiness.eolas.fr\/bouchons-trescases\/wp-content\/uploads\/sites\/13\/2024\/06\/TRESCASES-145129-1-darker1.jpg\" data-object-fit=\"cover\" srcset=\"https:\/\/www.bouchons-trescases.fr\/wp-content\/uploads\/sites\/13\/2024\/06\/TRESCASES-145129-1-darker1.jpg 1300w, https:\/\/www.bouchons-trescases.fr\/wp-content\/uploads\/sites\/13\/2024\/06\/TRESCASES-145129-1-darker1-300x200.jpg 300w, https:\/\/www.bouchons-trescases.fr\/wp-content\/uploads\/sites\/13\/2024\/06\/TRESCASES-145129-1-darker1-1024x682.jpg 1024w, https:\/\/www.bouchons-trescases.fr\/wp-content\/uploads\/sites\/13\/2024\/06\/TRESCASES-145129-1-darker1-768x512.jpg 768w, https:\/\/www.bouchons-trescases.fr\/wp-content\/uploads\/sites\/13\/2024\/06\/TRESCASES-145129-1-darker1-930x620.jpg 930w\" sizes=\"(max-width: 1300px) 100vw, 1300px\" \/><div class=\"wp-block-cover__inner-container is-layout-flow wp-block-cover-is-layout-flow\">\n<div style=\"height:40px\" aria-hidden=\"true\" class=\"wp-block-spacer\"><\/div>\n\n\n\n<div class=\"wp-block-columns alignwide are-vertically-aligned-center is-layout-flex wp-container-core-columns-is-layout-9d6595d7 wp-block-columns-is-layout-flex\">\n<div class=\"wp-block-column is-vertically-aligned-center is-layout-flow wp-block-column-is-layout-flow\" style=\"flex-basis:100%\">\n<div style=\"height:150px\" aria-hidden=\"true\" class=\"wp-block-spacer\"><\/div>\n\n\n\n<h1 class=\"wp-block-heading has-text-align-left\" style=\"font-size:56px\">We preserve <br>the life of your wines<br><mark style=\"background-color:rgba(0, 0, 0, 0)\" class=\"has-inline-color has-neve-link-color-color\">since 1876.<\/mark><\/h1>\n\n\n\n<p class=\"has-text-align-left line-height-150\" style=\"font-size:1.125em\">Tailor-made corks for haute-couture wines.<\/p>\n<\/div>\n\n\n\n<div class=\"wp-block-column is-vertically-aligned-center is-layout-flow wp-block-column-is-layout-flow\" style=\"flex-basis:30%\">\n<p><\/p>\n<\/div>\n<\/div>\n\n\n\n<div style=\"height:200px\" aria-hidden=\"true\" id=\"espace-header\" class=\"wp-block-spacer\"><\/div>\n\n\n\n<div id=\"nombre-accueil\" class=\"wp-block-themeisle-blocks-advanced-columns alignwide has-4-columns has-desktop-equal-layout has-tablet-equal-layout has-mobile-collapsedRows-layout has-vertical-center ticss-c00aadba has-light-bg\"><div class=\"wp-block-themeisle-blocks-advanced-columns-overlay\"><\/div><div class=\"innerblocks-wrap\">\n<div id=\"wp-block-themeisle-blocks-advanced-column-4d412c51\" class=\"wp-block-themeisle-blocks-advanced-column\">\n<div class=\"wp-block-group is-content-justification-right is-nowrap is-layout-flex wp-container-core-group-is-layout-165ffcda wp-block-group-is-layout-flex\">\n<div class=\"wp-block-group is-nowrap is-layout-flex wp-container-core-group-is-layout-e3e06330 wp-block-group-is-layout-flex\">\n<div class=\"wp-block-columns are-vertically-aligned-bottom is-layout-flex wp-container-core-columns-is-layout-9d6595d7 wp-block-columns-is-layout-flex\">\n<div class=\"wp-block-column is-vertically-aligned-bottom is-layout-flow wp-block-column-is-layout-flow\" style=\"flex-basis:100%\">\n<img decoding=\"async\" src=\"https:\/\/webbusiness.eolas.fr\/bouchons-trescases\/wp-content\/themes\/neve-child-bouchons-trescases\/img\/50-icon.svg\" width=\"165px\" height=\"66px\" alt=\"Number 50\"\/>\n<\/div>\n<\/div>\n<\/div>\n\n\n\n<p id=\"wp-block-themeisle-blocks-advanced-heading-1819f78d\" class=\"wp-block-themeisle-blocks-advanced-heading wp-block-themeisle-blocks-advanced-heading-1819f78d icone-nombre-50 icone-nombre\">passionate<br>collaborators<\/p>\n<\/div>\n<\/div>\n\n\n\n<div id=\"wp-block-themeisle-blocks-advanced-column-fb13aafb\" class=\"wp-block-themeisle-blocks-advanced-column\">\n<div class=\"wp-block-group is-content-justification-right is-nowrap is-layout-flex wp-container-core-group-is-layout-165ffcda wp-block-group-is-layout-flex\">\n<p id=\"wp-block-themeisle-blocks-advanced-heading-48b76148\" class=\"wp-block-themeisle-blocks-advanced-heading wp-block-themeisle-blocks-advanced-heading-48b76148\">\n<img decoding=\"async\" src=\"https:\/\/webbusiness.eolas.fr\/bouchons-trescases\/wp-content\/themes\/neve-child-bouchons-trescases\/img\/20-icon.svg\" width=\"150px\" height=\"66px\" alt=\"Number 20\"><\/p>\n\n\n\n<p id=\"wp-block-themeisle-blocks-advanced-heading-d8c5a576\" class=\"wp-block-themeisle-blocks-advanced-heading wp-block-themeisle-blocks-advanced-heading-d8c5a576 icone-nombre-20 icone-nombre\">countries<br>served<\/p>\n<\/div>\n<\/div>\n\n\n\n<div id=\"wp-block-themeisle-blocks-advanced-column-12b37a0e\" class=\"wp-block-themeisle-blocks-advanced-column\">\n<div class=\"wp-block-group is-content-justification-right is-nowrap is-layout-flex wp-container-core-group-is-layout-165ffcda wp-block-group-is-layout-flex\">\n<p id=\"wp-block-themeisle-blocks-advanced-heading-a68710b1\" class=\"wp-block-themeisle-blocks-advanced-heading wp-block-themeisle-blocks-advanced-heading-a68710b1\">\n<img decoding=\"async\" src=\"https:\/\/webbusiness.eolas.fr\/bouchons-trescases\/wp-content\/themes\/neve-child-bouchons-trescases\/img\/1-icon.svg\" width=\"100px\" height=\"66px\" alt=\"Number 1\"><\/p>\n\n\n\n<p id=\"wp-block-themeisle-blocks-advanced-heading-bf27c840\" class=\"wp-block-themeisle-blocks-advanced-heading wp-block-themeisle-blocks-advanced-heading-bf27c840 icone-nombre-1 icone-nombre\">knowledge<br>unequalled<\/p>\n<\/div>\n<\/div>\n\n\n\n<div id=\"wp-block-themeisle-blocks-advanced-column-5949d0e7\" class=\"wp-block-themeisle-blocks-advanced-column\">\n<div class=\"wp-block-group is-content-justification-right is-nowrap is-layout-flex wp-container-core-group-is-layout-165ffcda wp-block-group-is-layout-flex\">\n<p id=\"wp-block-themeisle-blocks-advanced-heading-7c089c38\" class=\"wp-block-themeisle-blocks-advanced-heading wp-block-themeisle-blocks-advanced-heading-7c089c38\">\n<img decoding=\"async\" src=\"https:\/\/webbusiness.eolas.fr\/bouchons-trescases\/wp-content\/themes\/neve-child-bouchons-trescases\/img\/90-icon.svg\" width=\"210px\" height=\"66px\" alt=\"Number 90\"><\/p>\n\n\n\n<p id=\"wp-block-themeisle-blocks-advanced-heading-e0379a1c\" class=\"wp-block-themeisle-blocks-advanced-heading wp-block-themeisle-blocks-advanced-heading-e0379a1c icone-nombre-90 icone-nombre\">of trustful<br>customers<\/p>\n<\/div>\n<\/div>\n<\/div><\/div>\n<\/div><\/div>\n\n\n\n<div class=\"wp-block-columns alignfull bloc-actu is-layout-flex wp-container-core-columns-is-layout-9d6595d7 wp-block-columns-is-layout-flex\">\n<div class=\"wp-block-column is-layout-flow wp-block-column-is-layout-flow\">\n<div class=\"wp-block-columns alignwide is-layout-flex wp-container-core-columns-is-layout-9d6595d7 wp-block-columns-is-layout-flex\">\n<div class=\"wp-block-column is-layout-flow wp-block-column-is-layout-flow\">\n<div class=\"wp-block-columns titre-articles is-layout-flex wp-container-core-columns-is-layout-9d6595d7 wp-block-columns-is-layout-flex\">\n<div class=\"wp-block-column is-layout-flow wp-block-column-is-layout-flow\">\n<h1 class=\"wp-block-heading\">Last<br><mark style=\"background-color:rgba(0, 0, 0, 0)\" class=\"has-inline-color has-neve-link-color-color\">news<\/mark><\/h1>\n<\/div>\n\n\n\n<div class=\"wp-block-column is-vertically-aligned-center is-layout-flow wp-block-column-is-layout-flow\">\n<div class=\"wp-block-buttons is-content-justification-right is-layout-flex wp-container-core-buttons-is-layout-e67d7449 wp-block-buttons-is-layout-flex\">\n<div class=\"wp-block-button is-style-primary\"><a class=\"wp-block-button__link wp-element-button\" href=\"https:\/\/webbusiness.eolas.fr\/bouchons-trescases\/en\/all-the-news\/\">Discover all the news<\/a><\/div>\n<\/div>\n<\/div>\n<\/div>\n\n\n<div class=\"module-articles wp-block-themeisle-blocks-posts-grid\" id=\"wp-block-themeisle-blocks-posts-grid-7b32eb0f\"><div class=\"is-grid o-posts-grid-columns-2\"><div class=\"o-posts-grid-post-blog o-posts-grid-post-plain\"><div class=\"o-posts-grid-post\"><div class=\"o-posts-grid-post-image\"><a href=\"https:\/\/www.bouchons-trescases.fr\/en\/2024\/05\/31\/arrival-of-two-new-ink-markers\/\"><img loading=\"lazy\" decoding=\"async\" width=\"930\" height=\"620\" src=\"https:\/\/www.bouchons-trescases.fr\/wp-content\/uploads\/sites\/13\/2024\/05\/20240528_133744-930x620.jpg\" class=\"attachment-neve-blog size-neve-blog\" alt=\"Arrival of two new ink markers\" \/><\/a><\/div><div class=\"o-posts-grid-post-body\"><h4 class=\"o-posts-grid-post-title\"><a href=\"https:\/\/www.bouchons-trescases.fr\/en\/2024\/05\/31\/arrival-of-two-new-ink-markers\/\">Arrival of two new ink markers<\/a><\/h4><div class=\"o-posts-grid-post-description\"><p>To guarantee high-quality markings on our ink-marked corks, we have invested in two new marking mach\u2026<\/p><a class=\"o-posts-read-more\" href=\"https:\/\/www.bouchons-trescases.fr\/en\/2024\/05\/31\/arrival-of-two-new-ink-markers\/\">Read More<\/a><\/div><\/div><\/div><\/div><div class=\"o-posts-grid-post-blog o-posts-grid-post-plain\"><div class=\"o-posts-grid-post\"><div class=\"o-posts-grid-post-image\"><a href=\"https:\/\/www.bouchons-trescases.fr\/en\/2024\/05\/31\/bouchons-trescases-presents-its-new-packaging-line\/\"><img loading=\"lazy\" decoding=\"async\" width=\"930\" height=\"620\" src=\"https:\/\/www.bouchons-trescases.fr\/wp-content\/uploads\/sites\/13\/2024\/05\/20240528_133943-930x620.jpg\" class=\"attachment-neve-blog size-neve-blog\" alt=\"Bouchons Trescases presents its new packaging line\" \/><\/a><\/div><div class=\"o-posts-grid-post-body\"><h4 class=\"o-posts-grid-post-title\"><a href=\"https:\/\/www.bouchons-trescases.fr\/en\/2024\/05\/31\/bouchons-trescases-presents-its-new-packaging-line\/\">Bouchons Trescases presents its new packaging line<\/a><\/h4><div class=\"o-posts-grid-post-description\"><p>Bouchons Trescases is proud to announce the installation of a brand new, state-of-the-art packaging \u2026<\/p><a class=\"o-posts-read-more\" href=\"https:\/\/www.bouchons-trescases.fr\/en\/2024\/05\/31\/bouchons-trescases-presents-its-new-packaging-line\/\">Read More<\/a><\/div><\/div><\/div><\/div><\/div> <\/div><\/div>\n<\/div>\n<\/div>\n<\/div>\n\n\n\n<div style=\"height:40px\" aria-hidden=\"true\" class=\"wp-block-spacer\"><\/div>\n\n\n\n<div class=\"wp-block-columns alignfull bloc-familiale is-layout-flex wp-container-core-columns-is-layout-9d6595d7 wp-block-columns-is-layout-flex\">\n<div class=\"wp-block-column is-vertically-aligned-center is-layout-flow wp-block-column-is-layout-flow\">\n<div class=\"wp-block-columns alignwide are-vertically-aligned-center is-layout-flex wp-container-core-columns-is-layout-9d6595d7 wp-block-columns-is-layout-flex\">\n<div class=\"wp-block-column is-vertically-aligned-center is-layout-flow wp-block-column-is-layout-flow\">\n<div class=\"wp-block-media-text is-stacked-on-mobile is-vertically-aligned-center familiale\" style=\"grid-template-columns:47% auto\"><figure class=\"wp-block-media-text__media\"><img loading=\"lazy\" decoding=\"async\" width=\"682\" height=\"1024\" src=\"https:\/\/webbusiness.eolas.fr\/bouchons-trescases\/wp-content\/uploads\/sites\/13\/2024\/02\/TRESCASES-145185-682x1024.jpg\" alt=\"\" class=\"wp-image-852 size-full\"\/><\/figure><div class=\"wp-block-media-text__content\">\n<p><b>UNIQUE KNOWLEDGE<\/b><\/p>\n\n\n\n<h1 class=\"wp-block-heading\">A family<br><mark style=\"background-color:rgba(0, 0, 0, 0)\" class=\"has-inline-color has-neve-link-color-color\">business.<\/mark><\/h1>\n\n\n\n<p>Since Joseph Trescases, the company&#8217;s founder in 1876, the Trescases family has never left the trade or the reins of the business that originated in C\u00e9ret in the Pyr\u00e9n\u00e9es Orientales.\nToday, we perpetuate the art of cork-making at our production facilities in Le Boulou (France), Sardinia and Portugal, where the latest technologies and patented innovations meet the soul of a family passion. <\/p>\n\n\n\n<div class=\"wp-block-buttons is-layout-flex wp-block-buttons-is-layout-flex\">\n<div class=\"wp-block-button is-style-primary\"><a class=\"wp-block-button__link wp-element-button\" href=\"https:\/\/webbusiness.eolas.fr\/bouchons-trescases\/en\/our-history\/\">Discover our history<\/a><\/div>\n<\/div>\n<\/div><\/div>\n<\/div>\n<\/div>\n<\/div>\n<\/div>\n\n\n\n<div class=\"wp-block-columns alignfull dernier-bloc-acceuil has-background is-layout-flex wp-container-core-columns-is-layout-6d01b2b5 wp-block-columns-is-layout-flex\" style=\"background-color:#ffe1ac59;padding-top:var(--wp--preset--spacing--80);padding-bottom:var(--wp--preset--spacing--80)\">\n<div class=\"wp-block-column is-layout-flow wp-block-column-is-layout-flow\">\n<div class=\"wp-block-columns alignwide is-layout-flex wp-container-core-columns-is-layout-9d6595d7 wp-block-columns-is-layout-flex\">\n<div class=\"wp-block-column is-layout-flow wp-block-column-is-layout-flow\"><div class=\"wp-block-image\">\n<figure class=\"aligncenter size-full\"><img loading=\"lazy\" decoding=\"async\" width=\"1076\" height=\"1600\" src=\"https:\/\/webbusiness.eolas.fr\/bouchons-trescases\/wp-content\/uploads\/sites\/13\/2024\/09\/bouchon-naturel.jpg\" alt=\"\" class=\"wp-image-2263\" srcset=\"https:\/\/www.bouchons-trescases.fr\/wp-content\/uploads\/sites\/13\/2024\/09\/bouchon-naturel.jpg 1076w, https:\/\/www.bouchons-trescases.fr\/wp-content\/uploads\/sites\/13\/2024\/09\/bouchon-naturel-202x300.jpg 202w, https:\/\/www.bouchons-trescases.fr\/wp-content\/uploads\/sites\/13\/2024\/09\/bouchon-naturel-689x1024.jpg 689w, https:\/\/www.bouchons-trescases.fr\/wp-content\/uploads\/sites\/13\/2024\/09\/bouchon-naturel-768x1142.jpg 768w, https:\/\/www.bouchons-trescases.fr\/wp-content\/uploads\/sites\/13\/2024\/09\/bouchon-naturel-1033x1536.jpg 1033w\" sizes=\"(max-width: 1076px) 100vw, 1076px\" \/><\/figure>\n<\/div><\/div>\n\n\n\n<div class=\"wp-block-column is-vertically-aligned-center is-layout-flow wp-block-column-is-layout-flow\">\n<p><strong>REVEALING EXCELLENCE SINCE 1876<\/strong><\/p>\n\n\n\n<h1 class=\"wp-block-heading\">The wine is our <br>story,<mark style=\"background-color:rgba(0, 0, 0, 0)\" class=\"has-inline-color has-neve-link-color-color\"> the wine <\/mark><br><mark style=\"background-color:rgba(0, 0, 0, 0)\" class=\"has-inline-color has-neve-link-color-color\">is our world.<\/mark><\/h1>\n\n\n\n<p><strong>Trescases corks are recognized for their reliability, quality and ability to preserve wine in the best conditions.<\/strong><\/p>\n\n\n\n<p>The production of cork stoppers requires unique know-how, which we have acquired over time. Each cork is carefully selected to ensure optimum quality, then processed to remove any defects and enhance its natural characteristics. Our fine expertise also ensures the consistency and reliability of each cork. Rigorous tests are carried out on each batch, which ensures that the natural properties of the cork are optimal, and that the corks are free of any contamination or defect.<\/p>\n\n\n\n<p><a href=\"https:\/\/webbusiness.eolas.fr\/bouchons-trescases\/en\/product-range-1\/\" data-type=\"page\" data-id=\"1138\"><strong>Discover our range<\/strong><\/a><\/p>\n<\/div>\n<\/div>\n<\/div>\n<\/div>\n","protected":false},"excerpt":{"rendered":"<p>Lastnews UNIQUE KNOWLEDGE A familybusiness. Since Joseph Trescases, the company&#8217;s founder in 1876, the Trescases family has never left the trade or the reins of the business that originated in C\u00e9ret in the Pyr\u00e9n\u00e9es Orientales. Today, we perpetuate the art of cork-making at our production facilities in Le Boulou (France), Sardinia and Portugal, where the&hellip;&nbsp;<a href=\"https:\/\/www.bouchons-trescases.fr\/en\/\" rel=\"bookmark\">Read More &raquo;<span class=\"screen-reader-text\">Homepage<\/span><\/a><\/p>\n","protected":false},"author":1,"featured_media":0,"parent":0,"menu_order":0,"comment_status":"closed","ping_status":"closed","template":"","meta":{"neve_meta_sidebar":"full-width","neve_meta_container":"","neve_meta_enable_content_width":"on","neve_meta_content_width":100,"neve_meta_title_alignment":"","neve_meta_author_avatar":"","neve_post_elements_order":"","neve_meta_disable_header":"","neve_meta_disable_footer":"","neve_meta_disable_title":"on","neve_meta_reading_time":"","_themeisle_gutenberg_block_has_review":false,"footnotes":""},"class_list":["post-1377","page","type-page","status-publish","hentry"],"yoast_head":"<!-- This site is optimized with the Yoast SEO plugin v27.5 - https:\/\/yoast.com\/product\/yoast-seo-wordpress\/ -->\n<title>Homepage - Bouchons Trescases<\/title>\n<meta name=\"robots\" content=\"index, follow, max-snippet:-1, max-image-preview:large, max-video-preview:-1\" \/>\n<link rel=\"canonical\" href=\"https:\/\/www.bouchons-trescases.fr\/en\/\" \/>\n<meta property=\"og:locale\" content=\"en_US\" \/>\n<meta property=\"og:type\" content=\"article\" \/>\n<meta property=\"og:title\" content=\"Homepage - Bouchons Trescases\" \/>\n<meta property=\"og:description\" content=\"Lastnews UNIQUE KNOWLEDGE A familybusiness. Since Joseph Trescases, the company&#8217;s founder in 1876, the Trescases family has never left the trade or the reins of the business that originated in C\u00e9ret in the Pyr\u00e9n\u00e9es Orientales. Today, we perpetuate the art of cork-making at our production facilities in Le Boulou (France), Sardinia and Portugal, where the&hellip;&nbsp;Read More &raquo;Homepage\" \/>\n<meta property=\"og:url\" content=\"https:\/\/www.bouchons-trescases.fr\/en\/\" \/>\n<meta property=\"og:site_name\" content=\"Bouchons Trescases\" \/>\n<meta property=\"article:publisher\" content=\"https:\/\/www.facebook.com\/bouchonstrescases\/\" \/>\n<meta property=\"article:modified_time\" content=\"2024-09-09T08:47:37+00:00\" \/>\n<meta property=\"og:image\" content=\"https:\/\/webbusiness.eolas.fr\/bouchons-trescases\/wp-content\/uploads\/sites\/13\/2024\/06\/TRESCASES-145129-1-darker1.jpg\" \/>\n<meta name=\"twitter:card\" content=\"summary_large_image\" \/>\n<meta name=\"twitter:label1\" content=\"Est. reading time\" \/>\n\t<meta name=\"twitter:data1\" content=\"1 minute\" \/>\n<script type=\"application\/ld+json\" class=\"yoast-schema-graph\">{\"@context\":\"https:\\\/\\\/schema.org\",\"@graph\":[{\"@type\":\"WebPage\",\"@id\":\"https:\\\/\\\/www.bouchons-trescases.fr\\\/en\\\/\",\"url\":\"https:\\\/\\\/www.bouchons-trescases.fr\\\/en\\\/\",\"name\":\"Homepage - Bouchons Trescases\",\"isPartOf\":{\"@id\":\"https:\\\/\\\/www.bouchons-trescases.fr\\\/#website\"},\"primaryImageOfPage\":{\"@id\":\"https:\\\/\\\/www.bouchons-trescases.fr\\\/en\\\/#primaryimage\"},\"image\":{\"@id\":\"https:\\\/\\\/www.bouchons-trescases.fr\\\/en\\\/#primaryimage\"},\"thumbnailUrl\":\"https:\\\/\\\/webbusiness.eolas.fr\\\/bouchons-trescases\\\/wp-content\\\/uploads\\\/sites\\\/13\\\/2024\\\/06\\\/TRESCASES-145129-1-darker1.jpg\",\"datePublished\":\"2021-02-16T10:44:42+00:00\",\"dateModified\":\"2024-09-09T08:47:37+00:00\",\"breadcrumb\":{\"@id\":\"https:\\\/\\\/www.bouchons-trescases.fr\\\/en\\\/#breadcrumb\"},\"inLanguage\":\"en-US\",\"potentialAction\":[{\"@type\":\"ReadAction\",\"target\":[\"https:\\\/\\\/www.bouchons-trescases.fr\\\/en\\\/\"]}]},{\"@type\":\"ImageObject\",\"inLanguage\":\"en-US\",\"@id\":\"https:\\\/\\\/www.bouchons-trescases.fr\\\/en\\\/#primaryimage\",\"url\":\"https:\\\/\\\/webbusiness.eolas.fr\\\/bouchons-trescases\\\/wp-content\\\/uploads\\\/sites\\\/13\\\/2024\\\/06\\\/TRESCASES-145129-1-darker1.jpg\",\"contentUrl\":\"https:\\\/\\\/webbusiness.eolas.fr\\\/bouchons-trescases\\\/wp-content\\\/uploads\\\/sites\\\/13\\\/2024\\\/06\\\/TRESCASES-145129-1-darker1.jpg\"},{\"@type\":\"BreadcrumbList\",\"@id\":\"https:\\\/\\\/www.bouchons-trescases.fr\\\/en\\\/#breadcrumb\",\"itemListElement\":[{\"@type\":\"ListItem\",\"position\":1,\"name\":\"Accueil\",\"item\":\"https:\\\/\\\/www.bouchons-trescases.fr\\\/en\\\/\"},{\"@type\":\"ListItem\",\"position\":2,\"name\":\"Homepage\"}]},{\"@type\":\"WebSite\",\"@id\":\"https:\\\/\\\/www.bouchons-trescases.fr\\\/#website\",\"url\":\"https:\\\/\\\/www.bouchons-trescases.fr\\\/\",\"name\":\"Bouchons Trescases\",\"description\":\"\",\"publisher\":{\"@id\":\"https:\\\/\\\/www.bouchons-trescases.fr\\\/#organization\"},\"potentialAction\":[{\"@type\":\"SearchAction\",\"target\":{\"@type\":\"EntryPoint\",\"urlTemplate\":\"https:\\\/\\\/www.bouchons-trescases.fr\\\/?s={search_term_string}\"},\"query-input\":{\"@type\":\"PropertyValueSpecification\",\"valueRequired\":true,\"valueName\":\"search_term_string\"}}],\"inLanguage\":\"en-US\"},{\"@type\":\"Organization\",\"@id\":\"https:\\\/\\\/www.bouchons-trescases.fr\\\/#organization\",\"name\":\"Bouchons Trescases\",\"url\":\"https:\\\/\\\/www.bouchons-trescases.fr\\\/\",\"logo\":{\"@type\":\"ImageObject\",\"inLanguage\":\"en-US\",\"@id\":\"https:\\\/\\\/www.bouchons-trescases.fr\\\/#\\\/schema\\\/logo\\\/image\\\/\",\"url\":\"https:\\\/\\\/www.bouchons-trescases.fr\\\/wp-content\\\/uploads\\\/sites\\\/13\\\/2023\\\/11\\\/Logotype-Brun.png\",\"contentUrl\":\"https:\\\/\\\/www.bouchons-trescases.fr\\\/wp-content\\\/uploads\\\/sites\\\/13\\\/2023\\\/11\\\/Logotype-Brun.png\",\"width\":175,\"height\":115,\"caption\":\"Bouchons Trescases\"},\"image\":{\"@id\":\"https:\\\/\\\/www.bouchons-trescases.fr\\\/#\\\/schema\\\/logo\\\/image\\\/\"},\"sameAs\":[\"https:\\\/\\\/www.facebook.com\\\/bouchonstrescases\\\/\",\"https:\\\/\\\/www.instagram.com\\\/bouchons.trescases\\\/\"]}]}<\/script>\n<!-- \/ Yoast SEO plugin. -->","yoast_head_json":{"title":"Homepage - Bouchons Trescases","robots":{"index":"index","follow":"follow","max-snippet":"max-snippet:-1","max-image-preview":"max-image-preview:large","max-video-preview":"max-video-preview:-1"},"canonical":"https:\/\/www.bouchons-trescases.fr\/en\/","og_locale":"en_US","og_type":"article","og_title":"Homepage - Bouchons Trescases","og_description":"Lastnews UNIQUE KNOWLEDGE A familybusiness. Since Joseph Trescases, the company&#8217;s founder in 1876, the Trescases family has never left the trade or the reins of the business that originated in C\u00e9ret in the Pyr\u00e9n\u00e9es Orientales. Today, we perpetuate the art of cork-making at our production facilities in Le Boulou (France), Sardinia and Portugal, where the&hellip;&nbsp;Read More &raquo;Homepage","og_url":"https:\/\/www.bouchons-trescases.fr\/en\/","og_site_name":"Bouchons Trescases","article_publisher":"https:\/\/www.facebook.com\/bouchonstrescases\/","article_modified_time":"2024-09-09T08:47:37+00:00","og_image":[{"url":"https:\/\/webbusiness.eolas.fr\/bouchons-trescases\/wp-content\/uploads\/sites\/13\/2024\/06\/TRESCASES-145129-1-darker1.jpg","type":"","width":"","height":""}],"twitter_card":"summary_large_image","twitter_misc":{"Est. reading time":"1 minute"},"schema":{"@context":"https:\/\/schema.org","@graph":[{"@type":"WebPage","@id":"https:\/\/www.bouchons-trescases.fr\/en\/","url":"https:\/\/www.bouchons-trescases.fr\/en\/","name":"Homepage - Bouchons Trescases","isPartOf":{"@id":"https:\/\/www.bouchons-trescases.fr\/#website"},"primaryImageOfPage":{"@id":"https:\/\/www.bouchons-trescases.fr\/en\/#primaryimage"},"image":{"@id":"https:\/\/www.bouchons-trescases.fr\/en\/#primaryimage"},"thumbnailUrl":"https:\/\/webbusiness.eolas.fr\/bouchons-trescases\/wp-content\/uploads\/sites\/13\/2024\/06\/TRESCASES-145129-1-darker1.jpg","datePublished":"2021-02-16T10:44:42+00:00","dateModified":"2024-09-09T08:47:37+00:00","breadcrumb":{"@id":"https:\/\/www.bouchons-trescases.fr\/en\/#breadcrumb"},"inLanguage":"en-US","potentialAction":[{"@type":"ReadAction","target":["https:\/\/www.bouchons-trescases.fr\/en\/"]}]},{"@type":"ImageObject","inLanguage":"en-US","@id":"https:\/\/www.bouchons-trescases.fr\/en\/#primaryimage","url":"https:\/\/webbusiness.eolas.fr\/bouchons-trescases\/wp-content\/uploads\/sites\/13\/2024\/06\/TRESCASES-145129-1-darker1.jpg","contentUrl":"https:\/\/webbusiness.eolas.fr\/bouchons-trescases\/wp-content\/uploads\/sites\/13\/2024\/06\/TRESCASES-145129-1-darker1.jpg"},{"@type":"BreadcrumbList","@id":"https:\/\/www.bouchons-trescases.fr\/en\/#breadcrumb","itemListElement":[{"@type":"ListItem","position":1,"name":"Accueil","item":"https:\/\/www.bouchons-trescases.fr\/en\/"},{"@type":"ListItem","position":2,"name":"Homepage"}]},{"@type":"WebSite","@id":"https:\/\/www.bouchons-trescases.fr\/#website","url":"https:\/\/www.bouchons-trescases.fr\/","name":"Bouchons Trescases","description":"","publisher":{"@id":"https:\/\/www.bouchons-trescases.fr\/#organization"},"potentialAction":[{"@type":"SearchAction","target":{"@type":"EntryPoint","urlTemplate":"https:\/\/www.bouchons-trescases.fr\/?s={search_term_string}"},"query-input":{"@type":"PropertyValueSpecification","valueRequired":true,"valueName":"search_term_string"}}],"inLanguage":"en-US"},{"@type":"Organization","@id":"https:\/\/www.bouchons-trescases.fr\/#organization","name":"Bouchons Trescases","url":"https:\/\/www.bouchons-trescases.fr\/","logo":{"@type":"ImageObject","inLanguage":"en-US","@id":"https:\/\/www.bouchons-trescases.fr\/#\/schema\/logo\/image\/","url":"https:\/\/www.bouchons-trescases.fr\/wp-content\/uploads\/sites\/13\/2023\/11\/Logotype-Brun.png","contentUrl":"https:\/\/www.bouchons-trescases.fr\/wp-content\/uploads\/sites\/13\/2023\/11\/Logotype-Brun.png","width":175,"height":115,"caption":"Bouchons Trescases"},"image":{"@id":"https:\/\/www.bouchons-trescases.fr\/#\/schema\/logo\/image\/"},"sameAs":["https:\/\/www.facebook.com\/bouchonstrescases\/","https:\/\/www.instagram.com\/bouchons.trescases\/"]}]}},"_links":{"self":[{"href":"https:\/\/www.bouchons-trescases.fr\/en\/wp-json\/wp\/v2\/pages\/1377","targetHints":{"allow":["GET"]}}],"collection":[{"href":"https:\/\/www.bouchons-trescases.fr\/en\/wp-json\/wp\/v2\/pages"}],"about":[{"href":"https:\/\/www.bouchons-trescases.fr\/en\/wp-json\/wp\/v2\/types\/page"}],"author":[{"embeddable":true,"href":"https:\/\/www.bouchons-trescases.fr\/en\/wp-json\/wp\/v2\/users\/1"}],"replies":[{"embeddable":true,"href":"https:\/\/www.bouchons-trescases.fr\/en\/wp-json\/wp\/v2\/comments?post=1377"}],"version-history":[{"count":38,"href":"https:\/\/www.bouchons-trescases.fr\/en\/wp-json\/wp\/v2\/pages\/1377\/revisions"}],"predecessor-version":[{"id":2271,"href":"https:\/\/www.bouchons-trescases.fr\/en\/wp-json\/wp\/v2\/pages\/1377\/revisions\/2271"}],"wp:attachment":[{"href":"https:\/\/www.bouchons-trescases.fr\/en\/wp-json\/wp\/v2\/media?parent=1377"}],"curies":[{"name":"wp","href":"https:\/\/api.w.org\/{rel}","templated":true}]}}